{"id":491,"date":"2017-06-22T06:57:59","date_gmt":"2017-06-22T06:57:59","guid":{"rendered":"http:\/\/disseny.recursos.uoc.edu\/recursos\/dis-marca\/?page_id=491"},"modified":"2017-07-13T09:32:04","modified_gmt":"2017-07-13T09:32:04","slug":"glosario","status":"publish","type":"page","link":"http:\/\/disseny.recursos.uoc.edu\/recursos\/dis-marca\/ca\/glosario\/","title":{"rendered":"Glossari"},"content":{"rendered":"<p><strong>alineaci\u00f3<\/strong> <em>f <\/em>Manera en qu\u00e8 s\u2019ordenen les l\u00ednies de text d\u2019un par\u00e0graf.<br \/>\nsin.<strong> marginaci\u00f3<br \/>\n<\/strong>sin.<strong> justificaci\u00f3<\/strong><\/p>\n<p><strong>asta<\/strong> <em>f <\/em>Tra\u00e7 vertical o diagonal d\u2019una lletra.<\/p>\n<p><strong>audi\u00e8ncia<\/strong> <em>f <\/em>Grup de persones a les quals va adre\u00e7at el producte editorial.<\/p>\n<p><strong><em>branding <\/em><\/strong><em>m<\/em> Proc\u00e9s de crear i construir una marca de manera que sigui recognoscible, sigui per la seva imatge (creaci\u00f3 de logo) o les seves peculiaritats.<\/p>\n<p><strong>camp<\/strong> <strong>reticular<\/strong> <em>m<\/em> \u00c9s la unitat d\u2019espai que resulta de la divisi\u00f3 de la superf\u00edcie mitjan\u00e7ant una ret\u00edcula o graella. Acostumen a ser proporcionals, encara que es poden unir entre si per a crear camps reticulars m\u00e9s complexos. L\u2019al\u00e7\u00e0ria del camp reticular es determina pel nombre de l\u00ednies de text i l\u2019ampl\u00e0ria, per les columnes.<\/p>\n<p><strong>carrer<\/strong> <em>m <\/em>Espai entre les columnes de text.<\/p>\n<p><strong>corondell<\/strong> <em>m <\/em>Filet que s\u2019utilitza entre columnes de text.<\/p>\n<p><strong>costura<\/strong> <em>f<\/em> L\u00ednia per la qual plega una publicaci\u00f3.<\/p>\n<p><strong>CTP <\/strong><em>m <\/em>Vegeu <strong>directe a planxa<\/strong>.<\/p>\n<p><strong>directe a planxa <\/strong><em>m <\/em>Proc\u00e9s de traslladar l\u2019art final als fotolits d\u2019impressi\u00f3.<br \/>\nsigla<strong> CTP<\/strong><\/p>\n<p><strong>editorial de moda<\/strong> <em>m <\/em>Relat fotogr\u00e0fic en el qual es narra una hist\u00f2ria visualment, amb valors est\u00e8tics i art\u00edstics, i amb el qual es pret\u00e9n transmetre una idea, una tend\u00e8ncia o un concepte.<\/p>\n<p><strong>engammar<\/strong> <em>v tr <\/em>Utilitzar colors de la mateixa fam\u00edlia crom\u00e0tica, de manera que tot quedi en tons similars i harm\u00f2nics.<\/p>\n<p><strong>faixa<\/strong> <em>f <\/em>Recurs gr\u00e0fic que marca la secci\u00f3 de la revista en la qual ens trobem.<\/p>\n<p><strong>filet<\/strong> <em>m <\/em>L\u00ednia vertical o horitzontal que s\u2019utilitza per a marcar un espai o per a separar zones.<\/p>\n<p><strong>fulls d\u2019estil<\/strong> <em>m pl <\/em>Etiquetes que permeten donar una s\u00e8rie d\u2019atributs a un grup de textos, siguin de grand\u00e0ria, color, interlineat, etc., i de manera automatitzada.<\/p>\n<p><strong>gamma<\/strong> <em>f <\/em>Escala o gradaci\u00f3 d\u2019un color en funci\u00f3 de tots els seus matisos i saturacions.<\/p>\n<p><strong>gr\u00e0cia<\/strong> <em>f <\/em>Petit adorn que apareix situat en els extrems de les l\u00ednies dels car\u00e0cters tipogr\u00e0fics.<br \/>\nsin.<strong> rematada<\/strong><br \/>\nsin.<strong> terminal<\/strong><br \/>\nsin.<strong> pat\u00ed<\/strong><br \/>\nsin.<strong> serif<\/strong><\/p>\n<p><strong>jerarquitzar<\/strong> <em>v tr <\/em>Ordenar tots els elements de m\u00e9s gran a m\u00e9s petit, amb m\u00e9s o menys import\u00e0ncia. En el cas del disseny, aquests par\u00e0metres s\u00f3n visuals (grand\u00e0ries, colors, etc.).<\/p>\n<p><strong>justificaci\u00f3 <\/strong><em>f <\/em><br \/>\nsin.<strong> alineaci\u00f3<\/strong><\/p>\n<p><strong>lecturabilitat<\/strong> <em>f <\/em>Facilitat que ofereixen els textos per a ser compresos. Es consideren factors com l\u2019habilitat lectora, la formaci\u00f3 del qui llegeix, el seu domini de l\u2019idioma, la familiaritat amb la tem\u00e0tica, etc.<\/p>\n<p><strong>llan\u00e7at<\/strong> <em>m <\/em>Esquema de totes les p\u00e0gines d\u2019una publicaci\u00f3 on es marquen tant els plecs que la componen com els continguts que hi ha.<\/p>\n<p><strong>llegibilitat<\/strong> <em>f <\/em>Qualitat que t\u00e9 un text perqu\u00e8 pugui ser llegit. Es defineix quant a la seva forma, presentaci\u00f3 i disposici\u00f3.<\/p>\n<p><strong>manual d\u2019estil<\/strong> <em>m <\/em>Guia composta pel conjunt de normes que regeixen el disseny d\u2019una publicaci\u00f3.<\/p>\n<p><strong>marges<\/strong> <em>m pl<\/em> Espai en blanc que queda al voltant de la taca.<\/p>\n<p><strong>marginaci\u00f3<\/strong> <em>f <\/em><br \/>\nsin.<strong> alineaci\u00f3<\/strong><\/p>\n<p><strong>massa de gris<\/strong> <em>f <\/em>Espai impr\u00e8s que marca la taca de la p\u00e0gina.<\/p>\n<p><strong>monstre <\/strong><em>m <\/em><br \/>\nsin. <strong>n\u00famero zero<\/strong><\/p>\n<p><strong>n\u00famero zero<\/strong> <em>m <\/em>Primer esb\u00f3s d\u2019un projecte editorial.<br \/>\nsin.<strong> monstre<\/strong><\/p>\n<p><strong>oc\u00e9<\/strong> <em>f <\/em>Ozalid digital d\u2019impremta per a comprovaci\u00f3.<\/p>\n<p><strong>ozalid<\/strong> <em>m <\/em>Prova d\u2019impressi\u00f3 de cadascun dels plecs que la impremta duu a terme, ja muntats i complets per a imposici\u00f3.<\/p>\n<p><strong>pat\u00ed<\/strong> <em>m <\/em><br \/>\nsin. <strong>gr\u00e0cia<\/strong><\/p>\n<p><strong>plantilla<\/strong> <em>f <\/em>Document que s\u2019utilitza de model i punt de partida per a compondre un tema.<\/p>\n<p><strong>plec<\/strong> <em>m <\/em>Pe\u00e7a de paper que s\u2019imprimeix, doblega i talla i que dona lloc a les diferents p\u00e0gines d\u2019una publicaci\u00f3. Les p\u00e0gines que cont\u00e9 sempre han de ser m\u00faltiple de quatre.<\/p>\n<p><strong>preimpressi\u00f3<\/strong> <em>f <\/em>Tot el proc\u00e9s posterior al disseny fins que es duu a terme la revisi\u00f3 final, abans d\u2019enviar-ho definitivament a imprimir.<\/p>\n<p><strong>recorregut<\/strong> <em>m <\/em>Espai en blanc que s\u2019ajusta entre els textos i les imatges.<\/p>\n<p><strong>reixeta base<\/strong> <em>f <\/em>Conjunt de l\u00ednies horitzontals que marquen la col\u00b7locaci\u00f3 dels textos a la p\u00e0gina de manera que se n\u2019aconsegueixi una aparen\u00e7a ordenada.<\/p>\n<p><strong>rematada<\/strong> <em>f<\/em><br \/>\nsin. <strong>gr\u00e0cia<\/strong><\/p>\n<p><strong>ret\u00edcula<\/strong> <em>f <\/em>Estructura m\u00e9s o menys complexa de l\u00ednies horitzontals i verticals que ens ajuda a ordenar de manera coherent tots els elements de la composici\u00f3 de la p\u00e0gina.<\/p>\n<p><strong>sagnat<\/strong> <em>m <\/em>Espai de seguretat que es deixa al voltant de la vora real de la p\u00e0gina per a evitar que quedi una l\u00ednia sense imprimir en guillotinar el plec.<\/p>\n<p><strong>Sans Serif<\/strong> <em>f <\/em>Tipografia que no cont\u00e9 ornaments o terminacions, generalment anomenada <em>de pal sec<\/em>.<\/p>\n<p><strong>serif<\/strong> <em>m <\/em><br \/>\nsin.<strong> gr\u00e0cia<\/strong><\/p>\n<p><strong>taca<\/strong> <em>f <\/em>Zona que cal imprimir, on es disposen els elements i que queda delimitada pel l\u00edmit dels marges.<\/p>\n<p><strong>terminal<\/strong> <em>m <\/em><br \/>\nsin. <strong>gr\u00e0cia<\/strong><\/p>\n<p><strong>tirada<\/strong> <em>f <\/em>Nombre d\u2019exemplars impresos que conformen una edici\u00f3.<\/p>\n<p><strong>trama<\/strong> <em>f <\/em>Degradat que es reprodueix creant un motiu i que se sol utilitzar com a recurs gr\u00e0fic en p\u00e0gina.<\/p>","protected":false},"excerpt":{"rendered":"<p>alineaci\u00f3 f Manera en qu\u00e8 s\u2019ordenen les l\u00ednies de text d\u2019un par\u00e0graf. sin. marginaci\u00f3 sin. justificaci\u00f3 asta f Tra\u00e7 vertical o diagonal d\u2019una lletra. audi\u00e8ncia f Grup de persones a les quals va adre\u00e7at el producte editorial. branding m Proc\u00e9s de crear i construir una marca de manera que sigui recognoscible, sigui per la seva [&hellip;]<\/p>\n","protected":false},"author":1,"featured_media":0,"parent":0,"menu_order":0,"comment_status":"closed","ping_status":"closed","template":"","meta":[],"acf":[],"_links":{"self":[{"href":"http:\/\/disseny.recursos.uoc.edu\/recursos\/dis-marca\/ca\/wp-json\/wp\/v2\/pages\/491"}],"collection":[{"href":"http:\/\/disseny.recursos.uoc.edu\/recursos\/dis-marca\/ca\/wp-json\/wp\/v2\/pages"}],"about":[{"href":"http:\/\/disseny.recursos.uoc.edu\/recursos\/dis-marca\/ca\/wp-json\/wp\/v2\/types\/page"}],"author":[{"embeddable":true,"href":"http:\/\/disseny.recursos.uoc.edu\/recursos\/dis-marca\/ca\/wp-json\/wp\/v2\/users\/1"}],"replies":[{"embeddable":true,"href":"http:\/\/disseny.recursos.uoc.edu\/recursos\/dis-marca\/ca\/wp-json\/wp\/v2\/comments?post=491"}],"version-history":[{"count":7,"href":"http:\/\/disseny.recursos.uoc.edu\/recursos\/dis-marca\/ca\/wp-json\/wp\/v2\/pages\/491\/revisions"}],"predecessor-version":[{"id":690,"href":"http:\/\/disseny.recursos.uoc.edu\/recursos\/dis-marca\/ca\/wp-json\/wp\/v2\/pages\/491\/revisions\/690"}],"wp:attachment":[{"href":"http:\/\/disseny.recursos.uoc.edu\/recursos\/dis-marca\/ca\/wp-json\/wp\/v2\/media?parent=491"}],"curies":[{"name":"wp","href":"https:\/\/api.w.org\/{rel}","templated":true}]}}