{"id":488,"date":"2017-06-22T06:55:37","date_gmt":"2017-06-22T06:55:37","guid":{"rendered":"http:\/\/disseny.recursos.uoc.edu\/recursos\/dis-marca\/?page_id=488"},"modified":"2017-06-29T10:52:00","modified_gmt":"2017-06-29T10:52:00","slug":"8-el-arte-final-7","status":"publish","type":"page","link":"http:\/\/disseny.recursos.uoc.edu\/recursos\/dis-marca\/ca\/8-el-arte-final-7\/","title":{"rendered":"8. L\u2019art final"},"content":{"rendered":"<p><\/p>\n<h3>8.5. Glossari d\u2019acabats especials<\/h3>\n<p>Hi ha una s\u00e8rie d\u2019acabats especials en impremta que \u00e9s interessant con\u00e8ixer. Per norma general, en revistes, aquests acabats s\u2019utilitzen sempre en portada, ja que les tripes s\u2019imprimeixen en quadricromia convencional. Els costos d\u2019aquestes terminacions s\u00f3n for\u00e7a elevats, per la qual cosa cal mesurar amb cautela el seu \u00fas. L\u2019aconsellable \u00e9s no fer servir m\u00e9s d\u2019un efecte, perqu\u00e8 no nom\u00e9s el preu de producci\u00f3 es pot desorbitar, sin\u00f3 que tamb\u00e9 es poden crear barroquismes innecessaris. A continuaci\u00f3 repassarem breument els tipus d\u2019acabat m\u00e9s habituals, ja que s\u00f3n efectes amb els quals ens conv\u00e9 estar familiaritzats.<\/p>\n<ul>\n<li><strong>Vern\u00eds reserva UVI<\/strong>: \u00e9s un vern\u00eds transparent que aporta lluentor a les zones que decidim del disseny perqu\u00e8 destaquin sobre la superf\u00edcie mat. Generalment, s\u2019aplica en el logo de la revista (cap\u00e7alera) o en alguna zona de la foto, de manera que es crea un efecte vist\u00f3s i interessant.<\/li>\n<li><strong>Cinquena tinta (tinta plana)<\/strong>: \u00e9s l\u2019aplicaci\u00f3 directa d\u2019una tinta especial sobre una zona reservada. Solen ser negres Pantone o extretes d\u2019un mostrari especial facilitat per la impremta. Acostumen a ser colors especials, molt brillants, com ara fluorescents o gammes intenses que s\u00f3n dif\u00edcils d\u2019aconseguir en una gamma CMYK. Generalment, s\u2019aplica en el logo de la revista i en alguna altra zona perqu\u00e8 destaqui, encara que \u00e9s aconsellable no abusar-ne, ja que un exc\u00e9s del color especial anul\u00b7laria l\u2019efecte sorpresa desitjat.<\/li>\n<li><strong><em>Stamping<\/em><\/strong>: \u00e9s un proc\u00e9s que es basa en la fixaci\u00f3 d\u2019una l\u00e0mina de tons metal\u00b7litzats que van de l\u2019or al plata (i totes les seves gammes), efectes hologr\u00e0fics i fluorescents per mitj\u00e0 d\u2019escalfor a la zona del disseny que decidim.<\/li>\n<li><strong>Laminatge o plastificat en lluentor o mat<\/strong>: \u00e9s l\u2019aplicaci\u00f3 d\u2019una l\u00e0mina prima o transparent de protecci\u00f3 que aporta sensaci\u00f3 de qualitat al material i que el protegeix del desgast. Generalment, \u00e9s una bona opci\u00f3 com a acabat final en portades. El m\u00e9s habitual \u00e9s lluentor o mat, per\u00f2 existeixen textures especials com gofrat, pr\u00e9ssec, etc.<\/li>\n<li><strong>Termorelleu (o fals relleu)<\/strong>: es fa aplicant \u00abpols de termorelleu\u00bb a la zona triada del disseny amb la tinta encara fresca, de manera que aquest material hi queda adherit. Posteriorment, s\u2019hi aplica escalfor mitjan\u00e7ant infrarojos, cosa que provoca la fermentaci\u00f3 de la tinta i un conseg\u00fcent augment de la seva densitat. En eixugar-se la tinta es crea una superf\u00edcie amb volum que no deixa marca a la part posterior de l\u2019impr\u00e8s.<\/li>\n<li><strong>Cop sec<\/strong>: \u00e9s l\u2019efecte provocat per aplicaci\u00f3 de pressi\u00f3 sobre un motlle a la zona triada del disseny, que crea un tipus de relleu que deixa empremta per darrere del material.<\/li>\n<li><strong>Encunyat<\/strong>: \u00e9s un tall efectuat sobre una zona del disseny que deixa veure el que hi ha a la p\u00e0gina posterior. \u00c9s un efecte complicat, encara que es poden aconseguir efectes vistosos. No \u00e9s com\u00fa veure\u2019l en portades de revistes.<\/li>\n<\/ul>\n<p>\u00c9s sobrer dir que tots aquests efectes s\u00f3n processos de producci\u00f3 bastant cars de fer. Per aquest motiu, el seu \u00fas s\u2019ha de mesurar de manera conseq\u00fcent respecte al pressupost que es tingui. Tanmateix, cal con\u00e8ixer-los perqu\u00e8 un petit toc \u00abextra\u00bb pot aportar un punt de sorpresa, de qualitat i d\u2019originalitat que sempre s\u2019agraeix. En l\u2019\u00e0mbit t\u00e8cnic, sempre \u00e9s aconsellable posar-se d\u2019acord amb la impremta sobre com cal enviar els originals. Per norma general, la zona que portar\u00e0 aplicada la impressi\u00f3 especial haur\u00e0 d\u2019anar marcada amb una reserva, sigui dins del mateix PDF o amb una taca de negre en un document paral\u00b7lel. Els acabats especials no deixen de ser un plus per al dissenyador, una eina m\u00e9s per a la seva creativitat.<\/p>","protected":false},"excerpt":{"rendered":"<p>8.5. Glossari d\u2019acabats especials Hi ha una s\u00e8rie d\u2019acabats especials en impremta que \u00e9s interessant con\u00e8ixer. Per norma general, en revistes, aquests acabats s\u2019utilitzen sempre en portada, ja que les tripes s\u2019imprimeixen en quadricromia convencional. Els costos d\u2019aquestes terminacions s\u00f3n for\u00e7a elevats, per la qual cosa cal mesurar amb cautela el seu \u00fas. L\u2019aconsellable \u00e9s [&hellip;]<\/p>\n","protected":false},"author":1,"featured_media":0,"parent":0,"menu_order":0,"comment_status":"closed","ping_status":"closed","template":"","meta":[],"acf":[],"_links":{"self":[{"href":"http:\/\/disseny.recursos.uoc.edu\/recursos\/dis-marca\/ca\/wp-json\/wp\/v2\/pages\/488"}],"collection":[{"href":"http:\/\/disseny.recursos.uoc.edu\/recursos\/dis-marca\/ca\/wp-json\/wp\/v2\/pages"}],"about":[{"href":"http:\/\/disseny.recursos.uoc.edu\/recursos\/dis-marca\/ca\/wp-json\/wp\/v2\/types\/page"}],"author":[{"embeddable":true,"href":"http:\/\/disseny.recursos.uoc.edu\/recursos\/dis-marca\/ca\/wp-json\/wp\/v2\/users\/1"}],"replies":[{"embeddable":true,"href":"http:\/\/disseny.recursos.uoc.edu\/recursos\/dis-marca\/ca\/wp-json\/wp\/v2\/comments?post=488"}],"version-history":[{"count":2,"href":"http:\/\/disseny.recursos.uoc.edu\/recursos\/dis-marca\/ca\/wp-json\/wp\/v2\/pages\/488\/revisions"}],"predecessor-version":[{"id":608,"href":"http:\/\/disseny.recursos.uoc.edu\/recursos\/dis-marca\/ca\/wp-json\/wp\/v2\/pages\/488\/revisions\/608"}],"wp:attachment":[{"href":"http:\/\/disseny.recursos.uoc.edu\/recursos\/dis-marca\/ca\/wp-json\/wp\/v2\/media?parent=488"}],"curies":[{"name":"wp","href":"https:\/\/api.w.org\/{rel}","templated":true}]}}