{"id":479,"date":"2017-06-22T06:46:09","date_gmt":"2017-06-22T06:46:09","guid":{"rendered":"http:\/\/disseny.recursos.uoc.edu\/recursos\/dis-marca\/?page_id=479"},"modified":"2017-07-26T09:30:55","modified_gmt":"2017-07-26T09:30:55","slug":"8-el-arte-final-5","status":"publish","type":"page","link":"http:\/\/disseny.recursos.uoc.edu\/recursos\/dis-marca\/ca\/8-el-arte-final-5\/","title":{"rendered":"8. L\u2019art final"},"content":{"rendered":"<p><\/p>\n<h3>8.3. El format PDF a examen<\/h3>\n<p>El format d\u2019arxiu <a href=\"#\" class=\"pop\" data-html=\"true\" data-toggle=\"popover\" data-content=\"<strong>PDF<\/strong>: <em>portable document format<\/em> (\u2018format de document port\u00e0til\u2019).\" data-placement=\"top\">PDF<\/a> \u00e9s molt flexible. Es tracta d\u2019un arxiu multiplataforma, \u00e9s a dir, \u00e9s compatible amb els diferents sistemes operatius (Linux, MacOs, Windows, Unix, etc.). La seva versatilitat es basa en el fet que pot contenir no nom\u00e9s textos o imatges, sin\u00f3 tamb\u00e9 hipervincles, v\u00eddeos, enlla\u00e7os, marcadors, etc. \u00c9s un document \u00abtancat\u00bb, per la qual cosa, en ser enviat a un altre usuari, les seves caracter\u00edstiques romanen inalterables (no es mouen elements), tret que s\u2019editi expl\u00edcitament per a aix\u00f2. T\u00e9 peculiaritats de seguretat, ja que pot ser xifrat, demanar una clau per a obrir-se o estar incl\u00f2s en un sistema de verificaci\u00f3. Per tot aix\u00f2, \u00e9s un format idoni per a enviar documents tancats a impremta, ja que ens assegura que el contingut romandr\u00e0 inalterable.<\/p>\n<div id=\"attachment_841\" style=\"width: 810px\" class=\"wp-caption alignnone\"><img aria-describedby=\"caption-attachment-841\" loading=\"lazy\" class=\"img-responsive wp-image-841 size-full\" src=\"http:\/\/disseny.recursos.uoc.edu\/recursos\/dis-marca\/wp-content\/uploads\/sites\/22\/2017\/06\/20118_a8_004-1.jpg\" alt=\"\" width=\"800\" height=\"1841\" srcset=\"http:\/\/disseny.recursos.uoc.edu\/recursos\/dis-marca\/wp-content\/uploads\/sites\/22\/2017\/06\/20118_a8_004-1.jpg 800w, http:\/\/disseny.recursos.uoc.edu\/recursos\/dis-marca\/wp-content\/uploads\/sites\/22\/2017\/06\/20118_a8_004-1-130x300.jpg 130w, http:\/\/disseny.recursos.uoc.edu\/recursos\/dis-marca\/wp-content\/uploads\/sites\/22\/2017\/06\/20118_a8_004-1-768x1767.jpg 768w, http:\/\/disseny.recursos.uoc.edu\/recursos\/dis-marca\/wp-content\/uploads\/sites\/22\/2017\/06\/20118_a8_004-1-445x1024.jpg 445w\" sizes=\"(max-width: 800px) 100vw, 800px\" \/><p id=\"caption-attachment-841\" class=\"wp-caption-text\">En les imatges podem veure un exemple de configuraci\u00f3 est\u00e0ndard v\u00e0lida de sortida per a un PDF en alta resoluci\u00f3 per a enviar a impremta. En aquest cas s\u2019utilitza el perfil Fogra 39, que \u00e9s un est\u00e0ndard pactat amb la impremta en funci\u00f3 del tipus de paper en el qual s\u2019imprimir\u00e0.<\/p><\/div>\n<p><div id=\"attachment_843\" style=\"width: 810px\" class=\"wp-caption alignnone\"><img aria-describedby=\"caption-attachment-843\" loading=\"lazy\" class=\"img-responsive wp-image-843 size-full\" src=\"http:\/\/disseny.recursos.uoc.edu\/recursos\/dis-marca\/wp-content\/uploads\/sites\/22\/2017\/06\/20118_a8_005-1.jpg\" alt=\"\" width=\"800\" height=\"1094\" srcset=\"http:\/\/disseny.recursos.uoc.edu\/recursos\/dis-marca\/wp-content\/uploads\/sites\/22\/2017\/06\/20118_a8_005-1.jpg 800w, http:\/\/disseny.recursos.uoc.edu\/recursos\/dis-marca\/wp-content\/uploads\/sites\/22\/2017\/06\/20118_a8_005-1-219x300.jpg 219w, http:\/\/disseny.recursos.uoc.edu\/recursos\/dis-marca\/wp-content\/uploads\/sites\/22\/2017\/06\/20118_a8_005-1-768x1050.jpg 768w, http:\/\/disseny.recursos.uoc.edu\/recursos\/dis-marca\/wp-content\/uploads\/sites\/22\/2017\/06\/20118_a8_005-1-749x1024.jpg 749w\" sizes=\"(max-width: 800px) 100vw, 800px\" \/><p id=\"caption-attachment-843\" class=\"wp-caption-text\">PDF final general amb marques d\u2019impressi\u00f3. L\u2019exemple pertany a l\u2019especial aniversari de la revista <em>Lecturas<\/em>.<\/p><\/div><\/p>","protected":false},"excerpt":{"rendered":"<p>8.3. El format PDF a examen El format d\u2019arxiu \u00e9s molt flexible. Es tracta d\u2019un arxiu multiplataforma, \u00e9s a dir, \u00e9s compatible amb els diferents sistemes operatius (Linux, MacOs, Windows, Unix, etc.). La seva versatilitat es basa en el fet que pot contenir no nom\u00e9s textos o imatges, sin\u00f3 tamb\u00e9 hipervincles, v\u00eddeos, enlla\u00e7os, marcadors, etc. [&hellip;]<\/p>\n","protected":false},"author":1,"featured_media":0,"parent":0,"menu_order":0,"comment_status":"closed","ping_status":"closed","template":"","meta":[],"acf":[],"_links":{"self":[{"href":"http:\/\/disseny.recursos.uoc.edu\/recursos\/dis-marca\/ca\/wp-json\/wp\/v2\/pages\/479"}],"collection":[{"href":"http:\/\/disseny.recursos.uoc.edu\/recursos\/dis-marca\/ca\/wp-json\/wp\/v2\/pages"}],"about":[{"href":"http:\/\/disseny.recursos.uoc.edu\/recursos\/dis-marca\/ca\/wp-json\/wp\/v2\/types\/page"}],"author":[{"embeddable":true,"href":"http:\/\/disseny.recursos.uoc.edu\/recursos\/dis-marca\/ca\/wp-json\/wp\/v2\/users\/1"}],"replies":[{"embeddable":true,"href":"http:\/\/disseny.recursos.uoc.edu\/recursos\/dis-marca\/ca\/wp-json\/wp\/v2\/comments?post=479"}],"version-history":[{"count":9,"href":"http:\/\/disseny.recursos.uoc.edu\/recursos\/dis-marca\/ca\/wp-json\/wp\/v2\/pages\/479\/revisions"}],"predecessor-version":[{"id":857,"href":"http:\/\/disseny.recursos.uoc.edu\/recursos\/dis-marca\/ca\/wp-json\/wp\/v2\/pages\/479\/revisions\/857"}],"wp:attachment":[{"href":"http:\/\/disseny.recursos.uoc.edu\/recursos\/dis-marca\/ca\/wp-json\/wp\/v2\/media?parent=479"}],"curies":[{"name":"wp","href":"https:\/\/api.w.org\/{rel}","templated":true}]}}