{"id":475,"date":"2017-06-22T06:39:29","date_gmt":"2017-06-22T06:39:29","guid":{"rendered":"http:\/\/disseny.recursos.uoc.edu\/recursos\/dis-marca\/?page_id=475"},"modified":"2017-06-29T10:42:01","modified_gmt":"2017-06-29T10:42:01","slug":"8-el-arte-final-4","status":"publish","type":"page","link":"http:\/\/disseny.recursos.uoc.edu\/recursos\/dis-marca\/ca\/8-el-arte-final-4\/","title":{"rendered":"8. L\u2019art final"},"content":{"rendered":"<p><\/p>\n<h3>8.2. Arxius llestos per a impremta. Format PDF<\/h3>\n<h3>8.2.3. El sagnat i les marques de tall<\/h3>\n<p>Els documents finals en format PDF han d\u2019incloure entre 2 i 5 mm de sagnat, aix\u00ed com les marques de tall. Si el document no t\u00e9 el sagnat necessari, es corre el risc que quedi una l\u00ednia blanca a la vora per on es guillotina el plec.<\/p>\n<p><div id=\"attachment_476\" style=\"width: 650px\" class=\"wp-caption alignnone\"><img aria-describedby=\"caption-attachment-476\" loading=\"lazy\" class=\"img-responsive wp-image-476 size-full\" src=\"http:\/\/disseny.recursos.uoc.edu\/recursos\/dis-marca\/wp-content\/uploads\/sites\/22\/2017\/06\/20118_a8_003.jpg\" alt=\"\" width=\"640\" height=\"450\" srcset=\"http:\/\/disseny.recursos.uoc.edu\/recursos\/dis-marca\/wp-content\/uploads\/sites\/22\/2017\/06\/20118_a8_003.jpg 640w, http:\/\/disseny.recursos.uoc.edu\/recursos\/dis-marca\/wp-content\/uploads\/sites\/22\/2017\/06\/20118_a8_003-300x211.jpg 300w\" sizes=\"(max-width: 640px) 100vw, 640px\" \/><p id=\"caption-attachment-476\" class=\"wp-caption-text\">En aquest exemple de PDF llest per a enviar a impremta de la revista <em>Woman<\/em> podem veure les marques de tall del document i l\u2019espai de sagnat reservat.<\/p><\/div><\/p>","protected":false},"excerpt":{"rendered":"<p>8.2. Arxius llestos per a impremta. Format PDF 8.2.3. El sagnat i les marques de tall Els documents finals en format PDF han d\u2019incloure entre 2 i 5 mm de sagnat, aix\u00ed com les marques de tall. Si el document no t\u00e9 el sagnat necessari, es corre el risc que quedi una l\u00ednia blanca a [&hellip;]<\/p>\n","protected":false},"author":1,"featured_media":0,"parent":0,"menu_order":0,"comment_status":"closed","ping_status":"closed","template":"","meta":[],"acf":[],"_links":{"self":[{"href":"http:\/\/disseny.recursos.uoc.edu\/recursos\/dis-marca\/ca\/wp-json\/wp\/v2\/pages\/475"}],"collection":[{"href":"http:\/\/disseny.recursos.uoc.edu\/recursos\/dis-marca\/ca\/wp-json\/wp\/v2\/pages"}],"about":[{"href":"http:\/\/disseny.recursos.uoc.edu\/recursos\/dis-marca\/ca\/wp-json\/wp\/v2\/types\/page"}],"author":[{"embeddable":true,"href":"http:\/\/disseny.recursos.uoc.edu\/recursos\/dis-marca\/ca\/wp-json\/wp\/v2\/users\/1"}],"replies":[{"embeddable":true,"href":"http:\/\/disseny.recursos.uoc.edu\/recursos\/dis-marca\/ca\/wp-json\/wp\/v2\/comments?post=475"}],"version-history":[{"count":2,"href":"http:\/\/disseny.recursos.uoc.edu\/recursos\/dis-marca\/ca\/wp-json\/wp\/v2\/pages\/475\/revisions"}],"predecessor-version":[{"id":604,"href":"http:\/\/disseny.recursos.uoc.edu\/recursos\/dis-marca\/ca\/wp-json\/wp\/v2\/pages\/475\/revisions\/604"}],"wp:attachment":[{"href":"http:\/\/disseny.recursos.uoc.edu\/recursos\/dis-marca\/ca\/wp-json\/wp\/v2\/media?parent=475"}],"curies":[{"name":"wp","href":"https:\/\/api.w.org\/{rel}","templated":true}]}}