{"id":471,"date":"2017-06-22T06:37:25","date_gmt":"2017-06-22T06:37:25","guid":{"rendered":"http:\/\/disseny.recursos.uoc.edu\/recursos\/dis-marca\/?page_id=471"},"modified":"2017-07-21T07:21:18","modified_gmt":"2017-07-21T07:21:18","slug":"8-el-arte-final-3","status":"publish","type":"page","link":"http:\/\/disseny.recursos.uoc.edu\/recursos\/dis-marca\/ca\/8-el-arte-final-3\/","title":{"rendered":"8. L\u2019art final"},"content":{"rendered":"<p><\/p>\n<h3>8.2. Arxius llestos per a impremta. Format PDF<\/h3>\n<h3>8.2.2. Resoluci\u00f3 de les imatges<\/h3>\n<p>La resoluci\u00f3 necess\u00e0ria perqu\u00e8 les imatges s\u2019imprimeixin correctament ha de ser 300 PPI (p\u00edxels per polzada). En diaris el rang sol baixar a 250 PPI, i en impressions de gran format pot baixar fins a 150 PPI. Com hem vist a l\u2019apartat dedicat a les imatges, \u00e9s molt important que les fotos tinguin la resoluci\u00f3 correcta perqu\u00e8, si no, a l\u2019hora d\u2019imprimir quedaran pixelades. En generar l\u2019arxiu PDF final, tamb\u00e9 ens hem d\u2019assegurar que les opcions de resoluci\u00f3 estiguin a 300 PPI. De la mateixa manera, cal evitar que les imatges tinguin una ampliaci\u00f3 superior al 130% perqu\u00e8 aix\u00f2 tamb\u00e9 influiria en la seva mala impressi\u00f3.<\/p>\n<p><div id=\"attachment_779\" style=\"width: 910px\" class=\"wp-caption alignnone\"><a href=\"http:\/\/disseny.recursos.uoc.edu\/recursos\/dis-marca\/wp-content\/uploads\/sites\/22\/2017\/06\/20118_a8_002z.jpg\"><img aria-describedby=\"caption-attachment-779\" loading=\"lazy\" class=\"img-responsive wp-image-779 size-full\" src=\"http:\/\/disseny.recursos.uoc.edu\/recursos\/dis-marca\/wp-content\/uploads\/sites\/22\/2017\/06\/20118_a8_002z.jpg\" alt=\"\" width=\"900\" height=\"623\" srcset=\"http:\/\/disseny.recursos.uoc.edu\/recursos\/dis-marca\/wp-content\/uploads\/sites\/22\/2017\/06\/20118_a8_002z.jpg 900w, http:\/\/disseny.recursos.uoc.edu\/recursos\/dis-marca\/wp-content\/uploads\/sites\/22\/2017\/06\/20118_a8_002z-300x208.jpg 300w, http:\/\/disseny.recursos.uoc.edu\/recursos\/dis-marca\/wp-content\/uploads\/sites\/22\/2017\/06\/20118_a8_002z-768x532.jpg 768w\" sizes=\"(max-width: 900px) 100vw, 900px\" \/><\/a><p id=\"caption-attachment-779\" class=\"wp-caption-text\">Les imatges han de tenir una resoluci\u00f3 de 300 PPI si volem que la impressi\u00f3 sigui correcta.<\/p><\/div><\/p>","protected":false},"excerpt":{"rendered":"<p>8.2. Arxius llestos per a impremta. Format PDF 8.2.2. Resoluci\u00f3 de les imatges La resoluci\u00f3 necess\u00e0ria perqu\u00e8 les imatges s\u2019imprimeixin correctament ha de ser 300 PPI (p\u00edxels per polzada). En diaris el rang sol baixar a 250 PPI, i en impressions de gran format pot baixar fins a 150 PPI. Com hem vist a l\u2019apartat [&hellip;]<\/p>\n","protected":false},"author":1,"featured_media":0,"parent":0,"menu_order":0,"comment_status":"closed","ping_status":"closed","template":"","meta":[],"acf":[],"_links":{"self":[{"href":"http:\/\/disseny.recursos.uoc.edu\/recursos\/dis-marca\/ca\/wp-json\/wp\/v2\/pages\/471"}],"collection":[{"href":"http:\/\/disseny.recursos.uoc.edu\/recursos\/dis-marca\/ca\/wp-json\/wp\/v2\/pages"}],"about":[{"href":"http:\/\/disseny.recursos.uoc.edu\/recursos\/dis-marca\/ca\/wp-json\/wp\/v2\/types\/page"}],"author":[{"embeddable":true,"href":"http:\/\/disseny.recursos.uoc.edu\/recursos\/dis-marca\/ca\/wp-json\/wp\/v2\/users\/1"}],"replies":[{"embeddable":true,"href":"http:\/\/disseny.recursos.uoc.edu\/recursos\/dis-marca\/ca\/wp-json\/wp\/v2\/comments?post=471"}],"version-history":[{"count":4,"href":"http:\/\/disseny.recursos.uoc.edu\/recursos\/dis-marca\/ca\/wp-json\/wp\/v2\/pages\/471\/revisions"}],"predecessor-version":[{"id":813,"href":"http:\/\/disseny.recursos.uoc.edu\/recursos\/dis-marca\/ca\/wp-json\/wp\/v2\/pages\/471\/revisions\/813"}],"wp:attachment":[{"href":"http:\/\/disseny.recursos.uoc.edu\/recursos\/dis-marca\/ca\/wp-json\/wp\/v2\/media?parent=471"}],"curies":[{"name":"wp","href":"https:\/\/api.w.org\/{rel}","templated":true}]}}