{"id":467,"date":"2017-06-22T06:35:15","date_gmt":"2017-06-22T06:35:15","guid":{"rendered":"http:\/\/disseny.recursos.uoc.edu\/recursos\/dis-marca\/?page_id=467"},"modified":"2017-07-26T08:51:40","modified_gmt":"2017-07-26T08:51:40","slug":"8-el-arte-final-2","status":"publish","type":"page","link":"http:\/\/disseny.recursos.uoc.edu\/recursos\/dis-marca\/ca\/8-el-arte-final-2\/","title":{"rendered":"8. L\u2019art final"},"content":{"rendered":"<p><\/p>\n<h3>8.2. Arxius llestos per a impremta. Format PDF<\/h3>\n<h3>8.2.1. Colors d\u2019impressi\u00f3<\/h3>\n<p>Cal revisar sempre els perfils de color en els quals s\u2019estigui treballant i convertir-los a la manera correcta si calgu\u00e9s. Normalment, tant les imatges com la configuraci\u00f3 de sortida en generar el PDF final han d\u2019estar en CMYK, per\u00f2 cal tenir en compte necessitats espec\u00edfiques que requereixin els treballs, com, per exemple, si s\u2019imprimir\u00e0 alguna tinta plana, <em>stamping<\/em> o vernissos. El m\u00e9s adequat en aquests casos especials \u00e9s consultar amb la impremta quina \u00e9s la manera m\u00e9s adequada de fer-ho. Amb els acabats especials, el normal \u00e9s que calgui enviar la zona en q\u00fcesti\u00f3 sigui en reserva, amb un cinqu\u00e8 color o el que s\u2019anomena <em>ploma<\/em>, que \u00e9s un document a banda en el qual es marca la zona d\u2019impressi\u00f3 especial.<\/p>\n<p><div id=\"attachment_839\" style=\"width: 810px\" class=\"wp-caption alignnone\"><img aria-describedby=\"caption-attachment-839\" loading=\"lazy\" class=\"img-responsive wp-image-839 size-full\" src=\"http:\/\/disseny.recursos.uoc.edu\/recursos\/dis-marca\/wp-content\/uploads\/sites\/22\/2017\/06\/20118_a8_001-1.jpg\" alt=\"\" width=\"800\" height=\"1092\" srcset=\"http:\/\/disseny.recursos.uoc.edu\/recursos\/dis-marca\/wp-content\/uploads\/sites\/22\/2017\/06\/20118_a8_001-1.jpg 800w, http:\/\/disseny.recursos.uoc.edu\/recursos\/dis-marca\/wp-content\/uploads\/sites\/22\/2017\/06\/20118_a8_001-1-220x300.jpg 220w, http:\/\/disseny.recursos.uoc.edu\/recursos\/dis-marca\/wp-content\/uploads\/sites\/22\/2017\/06\/20118_a8_001-1-768x1048.jpg 768w, http:\/\/disseny.recursos.uoc.edu\/recursos\/dis-marca\/wp-content\/uploads\/sites\/22\/2017\/06\/20118_a8_001-1-750x1024.jpg 750w\" sizes=\"(max-width: 800px) 100vw, 800px\" \/><p id=\"caption-attachment-839\" class=\"wp-caption-text\">En la imatge podem veure la portada de la revista <em>Arquitectura y Dise\u00f1o<\/em>, en la qual s\u2019ha fet servir una cinquena tinta a la cap\u00e7alera i algunes altres zones. Com veiem a la informaci\u00f3 de la previsualitzaci\u00f3 de sortida del document ja en format PDF, el cinqu\u00e8 color apareix a part dels quatre est\u00e0ndards. Si desconnectem aquest color, podem veure les zones que s\u2019imprimiran amb aquesta tinta especial. En crear l\u2019arxiu PDF, hem de comprovar que tot est\u00e0 en colors CMYK i que el que volem que s\u2019imprimeixi en la tinta especial est\u00e0 en un color de tinta directa. L\u2019ideal \u00e9s que sigui el color que es far\u00e0 servir a la impremta, per\u00f2 no \u00e9s imprescindible: \u00e9s possible que la impremta tingui la refer\u00e8ncia de la tinta i que n\u2019hi hagi prou que apliquem una tinta directa que marqui les zones d\u2019impressi\u00f3 especial.<\/p><\/div><\/p>","protected":false},"excerpt":{"rendered":"<p>8.2. Arxius llestos per a impremta. Format PDF 8.2.1. Colors d\u2019impressi\u00f3 Cal revisar sempre els perfils de color en els quals s\u2019estigui treballant i convertir-los a la manera correcta si calgu\u00e9s. Normalment, tant les imatges com la configuraci\u00f3 de sortida en generar el PDF final han d\u2019estar en CMYK, per\u00f2 cal tenir en compte necessitats [&hellip;]<\/p>\n","protected":false},"author":1,"featured_media":0,"parent":0,"menu_order":0,"comment_status":"closed","ping_status":"closed","template":"","meta":[],"acf":[],"_links":{"self":[{"href":"http:\/\/disseny.recursos.uoc.edu\/recursos\/dis-marca\/ca\/wp-json\/wp\/v2\/pages\/467"}],"collection":[{"href":"http:\/\/disseny.recursos.uoc.edu\/recursos\/dis-marca\/ca\/wp-json\/wp\/v2\/pages"}],"about":[{"href":"http:\/\/disseny.recursos.uoc.edu\/recursos\/dis-marca\/ca\/wp-json\/wp\/v2\/types\/page"}],"author":[{"embeddable":true,"href":"http:\/\/disseny.recursos.uoc.edu\/recursos\/dis-marca\/ca\/wp-json\/wp\/v2\/users\/1"}],"replies":[{"embeddable":true,"href":"http:\/\/disseny.recursos.uoc.edu\/recursos\/dis-marca\/ca\/wp-json\/wp\/v2\/comments?post=467"}],"version-history":[{"count":7,"href":"http:\/\/disseny.recursos.uoc.edu\/recursos\/dis-marca\/ca\/wp-json\/wp\/v2\/pages\/467\/revisions"}],"predecessor-version":[{"id":855,"href":"http:\/\/disseny.recursos.uoc.edu\/recursos\/dis-marca\/ca\/wp-json\/wp\/v2\/pages\/467\/revisions\/855"}],"wp:attachment":[{"href":"http:\/\/disseny.recursos.uoc.edu\/recursos\/dis-marca\/ca\/wp-json\/wp\/v2\/media?parent=467"}],"curies":[{"name":"wp","href":"https:\/\/api.w.org\/{rel}","templated":true}]}}