{"id":463,"date":"2017-06-22T06:31:52","date_gmt":"2017-06-22T06:31:52","guid":{"rendered":"http:\/\/disseny.recursos.uoc.edu\/recursos\/dis-marca\/?page_id=463"},"modified":"2017-07-12T13:25:02","modified_gmt":"2017-07-12T13:25:02","slug":"8-el-arte-final","status":"publish","type":"page","link":"http:\/\/disseny.recursos.uoc.edu\/recursos\/dis-marca\/ca\/8-el-arte-final\/","title":{"rendered":"8. L\u2019art final"},"content":{"rendered":"<p><\/p>\n<h3>8.1. Import\u00e0ncia de l\u2019art final<\/h3>\n<p>Tan important com controlar el proc\u00e9s de creaci\u00f3 dels documents \u00e9s tenir coneixement de com cal enviar-los a la impremta perqu\u00e8 el resultat final impr\u00e8s es correspongui amb el que hem dissenyat. No serveix de res un bon disseny si no controlem els processos d\u2019impressi\u00f3 i la qualitat del resultat. \u00c9s important ser conscients d\u2019aix\u00f2 per a no endur-nos sorpreses amb el resultat impr\u00e8s: colors que no corresponen, sobreimpressions amb les quals no compt\u00e0vem, etc. Per aix\u00f2 hem de con\u00e8ixer les caracter\u00edstiques d\u2019un document i com ha de ser enviat a impremta perqu\u00e8 no sorgeixin problemes en el resultat final.<\/p>\n<p>Es coneix pel nom d\u2019<em>art final<\/em> el material que ja est\u00e0 completament preparat per a passar a fotolits mitjan\u00e7ant t\u00e8cniques de reproducci\u00f3 adequades. \u00c9s el material ja llest per a enviar a impremta, completament acabat i que no necessitar\u00e0 retocs posteriors. El proc\u00e9s de traslladar l\u2019art final als fotolits d\u2019impressi\u00f3 s\u2019anomena <em>directe a planxa<\/em> (o CTP). Antigament aquest proc\u00e9s era m\u00e9s complicat i s\u2019havia de fer per mitj\u00e0 de pel\u00b7l\u00edcules fotogr\u00e0fiques.<\/p>\n<p>L\u2019\u00fas d\u2019arxius en format PDF que permeten crear un art final amb imatges i fonts inserides ha simplificat molt els processos. Un PDF \u00e9s un document tancat, la qual cosa ens assegura que no ser\u00e0 alterat una vegada enviat, ja que es tracta d\u2019un arxiu no manipulable. Els documents tamb\u00e9 poden ser enviats a impremta \u00aben obert\u00bb, \u00e9s a dir: el document original en InDesign o QuarkXPress amb les seves imatges i fonts a banda. Aix\u00f2 no \u00e9s aconsellable (tret que no hi hagi m\u00e9s remei), ja que tota manipulaci\u00f3 aliena del document pot suposar un error accidental.<\/p>\n<p>Cada projecte tindr\u00e0 les seves pr\u00f2pies especificacions a l\u2019hora d\u2019imprimir-se, si b\u00e9 \u00e9s cert que hi ha una s\u00e8rie de normes comunes per a tots els arxius que s\u2019envien a impremta, per la qual cosa \u00e9s important repassar quines s\u00f3n les caracter\u00edstiques necess\u00e0ries en un document abans de crear-ne el PDF final.<\/p>","protected":false},"excerpt":{"rendered":"<p>8.1. Import\u00e0ncia de l\u2019art final Tan important com controlar el proc\u00e9s de creaci\u00f3 dels documents \u00e9s tenir coneixement de com cal enviar-los a la impremta perqu\u00e8 el resultat final impr\u00e8s es correspongui amb el que hem dissenyat. No serveix de res un bon disseny si no controlem els processos d\u2019impressi\u00f3 i la qualitat del resultat. [&hellip;]<\/p>\n","protected":false},"author":1,"featured_media":0,"parent":0,"menu_order":0,"comment_status":"closed","ping_status":"closed","template":"","meta":[],"acf":[],"_links":{"self":[{"href":"http:\/\/disseny.recursos.uoc.edu\/recursos\/dis-marca\/ca\/wp-json\/wp\/v2\/pages\/463"}],"collection":[{"href":"http:\/\/disseny.recursos.uoc.edu\/recursos\/dis-marca\/ca\/wp-json\/wp\/v2\/pages"}],"about":[{"href":"http:\/\/disseny.recursos.uoc.edu\/recursos\/dis-marca\/ca\/wp-json\/wp\/v2\/types\/page"}],"author":[{"embeddable":true,"href":"http:\/\/disseny.recursos.uoc.edu\/recursos\/dis-marca\/ca\/wp-json\/wp\/v2\/users\/1"}],"replies":[{"embeddable":true,"href":"http:\/\/disseny.recursos.uoc.edu\/recursos\/dis-marca\/ca\/wp-json\/wp\/v2\/comments?post=463"}],"version-history":[{"count":3,"href":"http:\/\/disseny.recursos.uoc.edu\/recursos\/dis-marca\/ca\/wp-json\/wp\/v2\/pages\/463\/revisions"}],"predecessor-version":[{"id":656,"href":"http:\/\/disseny.recursos.uoc.edu\/recursos\/dis-marca\/ca\/wp-json\/wp\/v2\/pages\/463\/revisions\/656"}],"wp:attachment":[{"href":"http:\/\/disseny.recursos.uoc.edu\/recursos\/dis-marca\/ca\/wp-json\/wp\/v2\/media?parent=463"}],"curies":[{"name":"wp","href":"https:\/\/api.w.org\/{rel}","templated":true}]}}