{"id":459,"date":"2017-06-22T06:28:46","date_gmt":"2017-06-22T06:28:46","guid":{"rendered":"http:\/\/disseny.recursos.uoc.edu\/recursos\/dis-marca\/?page_id=459"},"modified":"2017-07-12T13:24:22","modified_gmt":"2017-07-12T13:24:22","slug":"7-la-portada-9","status":"publish","type":"page","link":"http:\/\/disseny.recursos.uoc.edu\/recursos\/dis-marca\/ca\/7-la-portada-9\/","title":{"rendered":"7. La portada"},"content":{"rendered":"<p><\/p>\n<h3>7.4. Consells per a fer una bona portada<\/h3>\n<ul>\n<li><strong>La cap\u00e7alera ha de ser recognoscible i f\u00e0cil de llegir<\/strong>. El nom de la publicaci\u00f3 ha de ser cridaner i atractiu, ja que ser\u00e0 el senyal d\u2019identitat de la publicaci\u00f3, el que trobin les persones cada vegada que hi topin, el que s\u2019exposar\u00e0 en el quiosc. La tipografia ha de ser llegible i el color pot ser fix o anar variant en cada edici\u00f3. \u00c9s aconsellable comprovar el disseny de la cap\u00e7alera en diferents mides per a assegurar que no sorgeixin problemes posteriors amb l\u2019\u00fas del logo.<\/li>\n<li><strong>Cal ser ordenat en les combinacions de tipografies<\/strong>. No \u00e9s aconsellable emprar m\u00e9s de dues tipografies, ni \u00e9s adequat combinar textos completament en maj\u00fascules amb min\u00fascules, tret que es tingui una intenci\u00f3.<\/li>\n<li><strong>Triar els colors a consci\u00e8ncia<\/strong>. De vegades, l\u2019\u00fas d\u2019un sol color es converteix en un recurs molt efectiu per a cridar l\u2019atenci\u00f3. L\u2019\u00fas del color ha de ser intencionat i est\u00e8tic, i cal evitar combinacions de colors que no queden b\u00e9 junts o que nom\u00e9s aporten soroll al disseny. En una bona portada s\u2019ha de tenir sempre clar que \u00abmenys \u00e9s m\u00e9s\u00bb.<\/li>\n<li><strong>Esbossar<\/strong> i provar diferents maneres de combinar o distribuir els elements ens ajudar\u00e0 a trobar solucions efectives.<\/li>\n<li><strong>Buscar sempre el contacte visual<\/strong> entre la imatge de portada i el lector. Si la nostra portada \u00e9s figurativa, cal intentar sempre que el personatge de la imatge ens miri. El missatge arribar\u00e0 m\u00e9s directament i amb m\u00e9s impacte.<\/li>\n<li>Intentar <strong>repetir el model de portada<\/strong> sense que resulti mon\u00f2tona: totes les portades han de tenir un mateix estil, per\u00f2 les diferents edicions s\u2019han de diferenciar entre si.<\/li>\n<\/ul>\n<p><\/p>","protected":false},"excerpt":{"rendered":"<p>7.4. Consells per a fer una bona portada La cap\u00e7alera ha de ser recognoscible i f\u00e0cil de llegir. El nom de la publicaci\u00f3 ha de ser cridaner i atractiu, ja que ser\u00e0 el senyal d\u2019identitat de la publicaci\u00f3, el que trobin les persones cada vegada que hi topin, el que s\u2019exposar\u00e0 en el quiosc. La [&hellip;]<\/p>\n","protected":false},"author":1,"featured_media":0,"parent":0,"menu_order":0,"comment_status":"closed","ping_status":"closed","template":"","meta":[],"acf":[],"_links":{"self":[{"href":"http:\/\/disseny.recursos.uoc.edu\/recursos\/dis-marca\/ca\/wp-json\/wp\/v2\/pages\/459"}],"collection":[{"href":"http:\/\/disseny.recursos.uoc.edu\/recursos\/dis-marca\/ca\/wp-json\/wp\/v2\/pages"}],"about":[{"href":"http:\/\/disseny.recursos.uoc.edu\/recursos\/dis-marca\/ca\/wp-json\/wp\/v2\/types\/page"}],"author":[{"embeddable":true,"href":"http:\/\/disseny.recursos.uoc.edu\/recursos\/dis-marca\/ca\/wp-json\/wp\/v2\/users\/1"}],"replies":[{"embeddable":true,"href":"http:\/\/disseny.recursos.uoc.edu\/recursos\/dis-marca\/ca\/wp-json\/wp\/v2\/comments?post=459"}],"version-history":[{"count":3,"href":"http:\/\/disseny.recursos.uoc.edu\/recursos\/dis-marca\/ca\/wp-json\/wp\/v2\/pages\/459\/revisions"}],"predecessor-version":[{"id":655,"href":"http:\/\/disseny.recursos.uoc.edu\/recursos\/dis-marca\/ca\/wp-json\/wp\/v2\/pages\/459\/revisions\/655"}],"wp:attachment":[{"href":"http:\/\/disseny.recursos.uoc.edu\/recursos\/dis-marca\/ca\/wp-json\/wp\/v2\/media?parent=459"}],"curies":[{"name":"wp","href":"https:\/\/api.w.org\/{rel}","templated":true}]}}