{"id":455,"date":"2017-06-22T06:26:23","date_gmt":"2017-06-22T06:26:23","guid":{"rendered":"http:\/\/disseny.recursos.uoc.edu\/recursos\/dis-marca\/?page_id=455"},"modified":"2017-06-29T10:30:18","modified_gmt":"2017-06-29T10:30:18","slug":"7-la-portada-8","status":"publish","type":"page","link":"http:\/\/disseny.recursos.uoc.edu\/recursos\/dis-marca\/ca\/7-la-portada-8\/","title":{"rendered":"7. La portada"},"content":{"rendered":"<p><\/p>\n<h3>7.3. Tipus de portades<\/h3>\n<h3>7.3.3. Portades conceptuals<\/h3>\n<p>Aquest tipus de portades utilitzen il\u00b7lustracions o fotos que miren de comunicar conceptes complexos de manera r\u00e0pida i directa. S\u00f3n dif\u00edcils de resoldre, i es corre el perill que no transmetin el que pretenen. De vegades \u00e9s possible trobar portades abstractes en revistes de fotografia o en publicacions especialitzades en disseny.<\/p>\n<p><div id=\"attachment_456\" style=\"width: 760px\" class=\"wp-caption alignnone\"><img aria-describedby=\"caption-attachment-456\" loading=\"lazy\" class=\"img-responsive wp-image-456 size-full\" src=\"http:\/\/disseny.recursos.uoc.edu\/recursos\/dis-marca\/wp-content\/uploads\/sites\/22\/2017\/06\/20118_a7_008.jpg\" alt=\"\" width=\"750\" height=\"225\" srcset=\"http:\/\/disseny.recursos.uoc.edu\/recursos\/dis-marca\/wp-content\/uploads\/sites\/22\/2017\/06\/20118_a7_008.jpg 750w, http:\/\/disseny.recursos.uoc.edu\/recursos\/dis-marca\/wp-content\/uploads\/sites\/22\/2017\/06\/20118_a7_008-300x90.jpg 300w\" sizes=\"(max-width: 750px) 100vw, 750px\" \/><p id=\"caption-attachment-456\" class=\"wp-caption-text\"><span lang=\"CA\">En l\u2019exemple veiem portades resoltes amb l\u2019\u00fas d\u2019una imatge abstracta amb la qual es tracta de transmetre un concepte. Si estan ben resoltes, poden donar lloc a dissenys molt bonics i interessants.<\/span><\/p><\/div><\/p>","protected":false},"excerpt":{"rendered":"<p>7.3. Tipus de portades 7.3.3. Portades conceptuals Aquest tipus de portades utilitzen il\u00b7lustracions o fotos que miren de comunicar conceptes complexos de manera r\u00e0pida i directa. S\u00f3n dif\u00edcils de resoldre, i es corre el perill que no transmetin el que pretenen. De vegades \u00e9s possible trobar portades abstractes en revistes de fotografia o en publicacions [&hellip;]<\/p>\n","protected":false},"author":1,"featured_media":0,"parent":0,"menu_order":0,"comment_status":"closed","ping_status":"closed","template":"","meta":[],"acf":[],"_links":{"self":[{"href":"http:\/\/disseny.recursos.uoc.edu\/recursos\/dis-marca\/ca\/wp-json\/wp\/v2\/pages\/455"}],"collection":[{"href":"http:\/\/disseny.recursos.uoc.edu\/recursos\/dis-marca\/ca\/wp-json\/wp\/v2\/pages"}],"about":[{"href":"http:\/\/disseny.recursos.uoc.edu\/recursos\/dis-marca\/ca\/wp-json\/wp\/v2\/types\/page"}],"author":[{"embeddable":true,"href":"http:\/\/disseny.recursos.uoc.edu\/recursos\/dis-marca\/ca\/wp-json\/wp\/v2\/users\/1"}],"replies":[{"embeddable":true,"href":"http:\/\/disseny.recursos.uoc.edu\/recursos\/dis-marca\/ca\/wp-json\/wp\/v2\/comments?post=455"}],"version-history":[{"count":2,"href":"http:\/\/disseny.recursos.uoc.edu\/recursos\/dis-marca\/ca\/wp-json\/wp\/v2\/pages\/455\/revisions"}],"predecessor-version":[{"id":599,"href":"http:\/\/disseny.recursos.uoc.edu\/recursos\/dis-marca\/ca\/wp-json\/wp\/v2\/pages\/455\/revisions\/599"}],"wp:attachment":[{"href":"http:\/\/disseny.recursos.uoc.edu\/recursos\/dis-marca\/ca\/wp-json\/wp\/v2\/media?parent=455"}],"curies":[{"name":"wp","href":"https:\/\/api.w.org\/{rel}","templated":true}]}}