{"id":451,"date":"2017-06-22T06:24:07","date_gmt":"2017-06-22T06:24:07","guid":{"rendered":"http:\/\/disseny.recursos.uoc.edu\/recursos\/dis-marca\/?page_id=451"},"modified":"2017-06-29T10:28:49","modified_gmt":"2017-06-29T10:28:49","slug":"7-la-portada-7","status":"publish","type":"page","link":"http:\/\/disseny.recursos.uoc.edu\/recursos\/dis-marca\/ca\/7-la-portada-7\/","title":{"rendered":"7. La portada"},"content":{"rendered":"<p><\/p>\n<h3>7.3. Tipus de portades<\/h3>\n<h3>7.3.2. Portades de text<\/h3>\n<p>L\u2019\u00fas de les portades de text no \u00e9s gaire habitual, ja que ens movem en una societat que es comunica mitjan\u00e7ant imatges. Aquestes portades estan constru\u00efdes principalment a partir de tipografia, i se sol fer servir una imatge m\u00e9s o menys cridanera a manera de fons. De vegades poden funcionar i cridar l\u2019atenci\u00f3 del lector, sigui pel seu car\u00e0cter poc habitual o per una resoluci\u00f3 llampant i encertada.<\/p>\n<p><div id=\"attachment_452\" style=\"width: 760px\" class=\"wp-caption alignnone\"><img aria-describedby=\"caption-attachment-452\" loading=\"lazy\" class=\"img-responsive wp-image-452 size-full\" src=\"http:\/\/disseny.recursos.uoc.edu\/recursos\/dis-marca\/wp-content\/uploads\/sites\/22\/2017\/06\/20118_a7_007.jpg\" alt=\"\" width=\"750\" height=\"228\" srcset=\"http:\/\/disseny.recursos.uoc.edu\/recursos\/dis-marca\/wp-content\/uploads\/sites\/22\/2017\/06\/20118_a7_007.jpg 750w, http:\/\/disseny.recursos.uoc.edu\/recursos\/dis-marca\/wp-content\/uploads\/sites\/22\/2017\/06\/20118_a7_007-300x91.jpg 300w\" sizes=\"(max-width: 750px) 100vw, 750px\" \/><p id=\"caption-attachment-452\" class=\"wp-caption-text\"><span lang=\"CA\">Exemples de portades resoltes amb recursos tipogr\u00e0fics. En aquest cas s\u00f3n vistoses i efectives i juguen amb el grafisme de manera singular. Podem dir que tamb\u00e9 tenen un component conceptual, ja que juguen a crear relacions mentals amb les composicions que plantegen.<\/span><\/p><\/div><\/p>","protected":false},"excerpt":{"rendered":"<p>7.3. Tipus de portades 7.3.2. Portades de text L\u2019\u00fas de les portades de text no \u00e9s gaire habitual, ja que ens movem en una societat que es comunica mitjan\u00e7ant imatges. Aquestes portades estan constru\u00efdes principalment a partir de tipografia, i se sol fer servir una imatge m\u00e9s o menys cridanera a manera de fons. De [&hellip;]<\/p>\n","protected":false},"author":1,"featured_media":0,"parent":0,"menu_order":0,"comment_status":"closed","ping_status":"closed","template":"","meta":[],"acf":[],"_links":{"self":[{"href":"http:\/\/disseny.recursos.uoc.edu\/recursos\/dis-marca\/ca\/wp-json\/wp\/v2\/pages\/451"}],"collection":[{"href":"http:\/\/disseny.recursos.uoc.edu\/recursos\/dis-marca\/ca\/wp-json\/wp\/v2\/pages"}],"about":[{"href":"http:\/\/disseny.recursos.uoc.edu\/recursos\/dis-marca\/ca\/wp-json\/wp\/v2\/types\/page"}],"author":[{"embeddable":true,"href":"http:\/\/disseny.recursos.uoc.edu\/recursos\/dis-marca\/ca\/wp-json\/wp\/v2\/users\/1"}],"replies":[{"embeddable":true,"href":"http:\/\/disseny.recursos.uoc.edu\/recursos\/dis-marca\/ca\/wp-json\/wp\/v2\/comments?post=451"}],"version-history":[{"count":2,"href":"http:\/\/disseny.recursos.uoc.edu\/recursos\/dis-marca\/ca\/wp-json\/wp\/v2\/pages\/451\/revisions"}],"predecessor-version":[{"id":598,"href":"http:\/\/disseny.recursos.uoc.edu\/recursos\/dis-marca\/ca\/wp-json\/wp\/v2\/pages\/451\/revisions\/598"}],"wp:attachment":[{"href":"http:\/\/disseny.recursos.uoc.edu\/recursos\/dis-marca\/ca\/wp-json\/wp\/v2\/media?parent=451"}],"curies":[{"name":"wp","href":"https:\/\/api.w.org\/{rel}","templated":true}]}}