{"id":447,"date":"2017-06-22T06:21:40","date_gmt":"2017-06-22T06:21:40","guid":{"rendered":"http:\/\/disseny.recursos.uoc.edu\/recursos\/dis-marca\/?page_id=447"},"modified":"2017-06-29T10:27:34","modified_gmt":"2017-06-29T10:27:34","slug":"7-la-portada-6","status":"publish","type":"page","link":"http:\/\/disseny.recursos.uoc.edu\/recursos\/dis-marca\/ca\/7-la-portada-6\/","title":{"rendered":"7. La portada"},"content":{"rendered":"<p><\/p>\n<h3>7.3. Tipus de portades<\/h3>\n<p>En disseny editorial hi ha tres tipus b\u00e0sics de portades:<\/p>\n<h3>7.3.1. Portades figuratives<\/h3>\n<p>Les portades figuratives s\u00f3n les m\u00e9s habituals. Disposen d\u2019una fotografia com a element visual principal. Se li poden afegir elements originals propis del disseny de la publicaci\u00f3. La seva funci\u00f3 \u00e9s convidar el lector a submergir-se de ple en el producte.<\/p>\n<p><div id=\"attachment_448\" style=\"width: 760px\" class=\"wp-caption alignnone\"><img aria-describedby=\"caption-attachment-448\" loading=\"lazy\" class=\"img-responsive wp-image-448 size-full\" src=\"http:\/\/disseny.recursos.uoc.edu\/recursos\/dis-marca\/wp-content\/uploads\/sites\/22\/2017\/06\/20118_a7_006.jpg\" alt=\"\" width=\"750\" height=\"226\" srcset=\"http:\/\/disseny.recursos.uoc.edu\/recursos\/dis-marca\/wp-content\/uploads\/sites\/22\/2017\/06\/20118_a7_006.jpg 750w, http:\/\/disseny.recursos.uoc.edu\/recursos\/dis-marca\/wp-content\/uploads\/sites\/22\/2017\/06\/20118_a7_006-300x90.jpg 300w\" sizes=\"(max-width: 750px) 100vw, 750px\" \/><p id=\"caption-attachment-448\" class=\"wp-caption-text\"><span lang=\"CA\">Exemples de portades figuratives, amb una imatge com a element principal.<\/span><\/p><\/div><\/p>","protected":false},"excerpt":{"rendered":"<p>7.3. Tipus de portades En disseny editorial hi ha tres tipus b\u00e0sics de portades: 7.3.1. Portades figuratives Les portades figuratives s\u00f3n les m\u00e9s habituals. Disposen d\u2019una fotografia com a element visual principal. Se li poden afegir elements originals propis del disseny de la publicaci\u00f3. La seva funci\u00f3 \u00e9s convidar el lector a submergir-se de ple [&hellip;]<\/p>\n","protected":false},"author":1,"featured_media":0,"parent":0,"menu_order":0,"comment_status":"closed","ping_status":"closed","template":"","meta":[],"acf":[],"_links":{"self":[{"href":"http:\/\/disseny.recursos.uoc.edu\/recursos\/dis-marca\/ca\/wp-json\/wp\/v2\/pages\/447"}],"collection":[{"href":"http:\/\/disseny.recursos.uoc.edu\/recursos\/dis-marca\/ca\/wp-json\/wp\/v2\/pages"}],"about":[{"href":"http:\/\/disseny.recursos.uoc.edu\/recursos\/dis-marca\/ca\/wp-json\/wp\/v2\/types\/page"}],"author":[{"embeddable":true,"href":"http:\/\/disseny.recursos.uoc.edu\/recursos\/dis-marca\/ca\/wp-json\/wp\/v2\/users\/1"}],"replies":[{"embeddable":true,"href":"http:\/\/disseny.recursos.uoc.edu\/recursos\/dis-marca\/ca\/wp-json\/wp\/v2\/comments?post=447"}],"version-history":[{"count":2,"href":"http:\/\/disseny.recursos.uoc.edu\/recursos\/dis-marca\/ca\/wp-json\/wp\/v2\/pages\/447\/revisions"}],"predecessor-version":[{"id":597,"href":"http:\/\/disseny.recursos.uoc.edu\/recursos\/dis-marca\/ca\/wp-json\/wp\/v2\/pages\/447\/revisions\/597"}],"wp:attachment":[{"href":"http:\/\/disseny.recursos.uoc.edu\/recursos\/dis-marca\/ca\/wp-json\/wp\/v2\/media?parent=447"}],"curies":[{"name":"wp","href":"https:\/\/api.w.org\/{rel}","templated":true}]}}