{"id":443,"date":"2017-06-22T06:18:05","date_gmt":"2017-06-22T06:18:05","guid":{"rendered":"http:\/\/disseny.recursos.uoc.edu\/recursos\/dis-marca\/?page_id=443"},"modified":"2017-06-29T10:25:23","modified_gmt":"2017-06-29T10:25:23","slug":"7-la-portada-5","status":"publish","type":"page","link":"http:\/\/disseny.recursos.uoc.edu\/recursos\/dis-marca\/ca\/7-la-portada-5\/","title":{"rendered":"7. La portada"},"content":{"rendered":"<p><\/p>\n<h3>7.2. Elements d\u2019una portada<\/h3>\n<h3>7.2.5. Recursos gr\u00e0fics<\/h3>\n<p>S\u00f3n els diversos recursos que definim com a part identificativa del disseny de la publicaci\u00f3, que contribuiran a definir la marca, a fer-la recognoscible, i que poden apar\u00e8ixer aqu\u00ed tamb\u00e9. Poden ser elements com l\u2019esmentat marc groc de la cap\u00e7alera de <em>National Geographic<\/em> o vermell de la revista <em>Time<\/em>, els marcs de les fotos de suport, els tipus de filets, les trames, les caixes de color, les ombres, etc.<\/p>","protected":false},"excerpt":{"rendered":"<p>7.2. Elements d\u2019una portada 7.2.5. Recursos gr\u00e0fics S\u00f3n els diversos recursos que definim com a part identificativa del disseny de la publicaci\u00f3, que contribuiran a definir la marca, a fer-la recognoscible, i que poden apar\u00e8ixer aqu\u00ed tamb\u00e9. Poden ser elements com l\u2019esmentat marc groc de la cap\u00e7alera de National Geographic o vermell de la revista [&hellip;]<\/p>\n","protected":false},"author":1,"featured_media":0,"parent":0,"menu_order":0,"comment_status":"closed","ping_status":"closed","template":"","meta":[],"acf":[],"_links":{"self":[{"href":"http:\/\/disseny.recursos.uoc.edu\/recursos\/dis-marca\/ca\/wp-json\/wp\/v2\/pages\/443"}],"collection":[{"href":"http:\/\/disseny.recursos.uoc.edu\/recursos\/dis-marca\/ca\/wp-json\/wp\/v2\/pages"}],"about":[{"href":"http:\/\/disseny.recursos.uoc.edu\/recursos\/dis-marca\/ca\/wp-json\/wp\/v2\/types\/page"}],"author":[{"embeddable":true,"href":"http:\/\/disseny.recursos.uoc.edu\/recursos\/dis-marca\/ca\/wp-json\/wp\/v2\/users\/1"}],"replies":[{"embeddable":true,"href":"http:\/\/disseny.recursos.uoc.edu\/recursos\/dis-marca\/ca\/wp-json\/wp\/v2\/comments?post=443"}],"version-history":[{"count":2,"href":"http:\/\/disseny.recursos.uoc.edu\/recursos\/dis-marca\/ca\/wp-json\/wp\/v2\/pages\/443\/revisions"}],"predecessor-version":[{"id":596,"href":"http:\/\/disseny.recursos.uoc.edu\/recursos\/dis-marca\/ca\/wp-json\/wp\/v2\/pages\/443\/revisions\/596"}],"wp:attachment":[{"href":"http:\/\/disseny.recursos.uoc.edu\/recursos\/dis-marca\/ca\/wp-json\/wp\/v2\/media?parent=443"}],"curies":[{"name":"wp","href":"https:\/\/api.w.org\/{rel}","templated":true}]}}