{"id":436,"date":"2017-06-22T06:14:07","date_gmt":"2017-06-22T06:14:07","guid":{"rendered":"http:\/\/disseny.recursos.uoc.edu\/recursos\/dis-marca\/?page_id=436"},"modified":"2017-06-29T10:07:11","modified_gmt":"2017-06-29T10:07:11","slug":"7-la-portada-3","status":"publish","type":"page","link":"http:\/\/disseny.recursos.uoc.edu\/recursos\/dis-marca\/ca\/7-la-portada-3\/","title":{"rendered":"7. La portada"},"content":{"rendered":"<p><\/p>\n<h3>7.2. Elements d\u2019una portada<\/h3>\n<h3>7.2.3. Titulars<\/h3>\n<p>Els titulars que es col\u00b7loquin a la portada han de complir una funci\u00f3 de crida d\u2019atenci\u00f3 potencial dels possibles consumidors. Han de ser intel\u00b7ligibles f\u00e0cilment i han d\u2019atrapar el lector i despertar-li la curiositat. L\u2019\u00fas de les tipografies ha de ser coherent amb les fonts usades a l\u2019interior de la publicaci\u00f3. Es poden utilitzar grand\u00e0ries uniformes o es poden fer grans contrastos, cobrir la imatge o expressar \u00e8mfasi, etc.<\/p>","protected":false},"excerpt":{"rendered":"<p>7.2. Elements d\u2019una portada 7.2.3. Titulars Els titulars que es col\u00b7loquin a la portada han de complir una funci\u00f3 de crida d\u2019atenci\u00f3 potencial dels possibles consumidors. Han de ser intel\u00b7ligibles f\u00e0cilment i han d\u2019atrapar el lector i despertar-li la curiositat. L\u2019\u00fas de les tipografies ha de ser coherent amb les fonts usades a l\u2019interior de [&hellip;]<\/p>\n","protected":false},"author":1,"featured_media":0,"parent":0,"menu_order":0,"comment_status":"closed","ping_status":"closed","template":"","meta":[],"acf":[],"_links":{"self":[{"href":"http:\/\/disseny.recursos.uoc.edu\/recursos\/dis-marca\/ca\/wp-json\/wp\/v2\/pages\/436"}],"collection":[{"href":"http:\/\/disseny.recursos.uoc.edu\/recursos\/dis-marca\/ca\/wp-json\/wp\/v2\/pages"}],"about":[{"href":"http:\/\/disseny.recursos.uoc.edu\/recursos\/dis-marca\/ca\/wp-json\/wp\/v2\/types\/page"}],"author":[{"embeddable":true,"href":"http:\/\/disseny.recursos.uoc.edu\/recursos\/dis-marca\/ca\/wp-json\/wp\/v2\/users\/1"}],"replies":[{"embeddable":true,"href":"http:\/\/disseny.recursos.uoc.edu\/recursos\/dis-marca\/ca\/wp-json\/wp\/v2\/comments?post=436"}],"version-history":[{"count":3,"href":"http:\/\/disseny.recursos.uoc.edu\/recursos\/dis-marca\/ca\/wp-json\/wp\/v2\/pages\/436\/revisions"}],"predecessor-version":[{"id":594,"href":"http:\/\/disseny.recursos.uoc.edu\/recursos\/dis-marca\/ca\/wp-json\/wp\/v2\/pages\/436\/revisions\/594"}],"wp:attachment":[{"href":"http:\/\/disseny.recursos.uoc.edu\/recursos\/dis-marca\/ca\/wp-json\/wp\/v2\/media?parent=436"}],"curies":[{"name":"wp","href":"https:\/\/api.w.org\/{rel}","templated":true}]}}