{"id":431,"date":"2017-06-22T06:10:37","date_gmt":"2017-06-22T06:10:37","guid":{"rendered":"http:\/\/disseny.recursos.uoc.edu\/recursos\/dis-marca\/?page_id=431"},"modified":"2017-06-29T10:05:55","modified_gmt":"2017-06-29T10:05:55","slug":"7-2-elementos-de-una-portada","status":"publish","type":"page","link":"http:\/\/disseny.recursos.uoc.edu\/recursos\/dis-marca\/ca\/7-2-elementos-de-una-portada\/","title":{"rendered":"7. La portada"},"content":{"rendered":"<p><\/p>\n<h3>7.2. Elements d\u2019una portada<\/h3>\n<h3>7.2.2. La imatge principal de portada<\/h3>\n<p>El tipus d\u2019il\u00b7lustraci\u00f3 que fem servir en portada vindr\u00e0 determinat pel tipus de publicaci\u00f3 que estiguem construint. Cada revista col\u00b7loca en la seva portada una imatge molt cuidada i rigorosament triada que resumeix la seva personalitat, i que t\u00e9 en com\u00fa una s\u00e8rie de caracter\u00edstiques formals que fan que aquestes imatges siguin coherents entre si i contribueixin a definir el producte. La foto pot anar a sang, pot anar emmarcada, pot haver-hi diverses imatges que cre\u00efn punts d\u2019atenci\u00f3 diferents, etc. Tot aix\u00f2 es repetir\u00e0 n\u00famero rere n\u00famero, de manera que l\u2019estil sigui recognoscible.<\/p>\n<div class=\"cita\">\n<p>\u00abLa imatge capta l\u2019atenci\u00f3 del comprador, per\u00f2 els titulars venen la revista.\u00bb Jan V. White, <em>Editing by design<\/em>.<\/p>\n<\/div>\n<p><\/p>","protected":false},"excerpt":{"rendered":"<p>7.2. Elements d\u2019una portada 7.2.2. La imatge principal de portada El tipus d\u2019il\u00b7lustraci\u00f3 que fem servir en portada vindr\u00e0 determinat pel tipus de publicaci\u00f3 que estiguem construint. Cada revista col\u00b7loca en la seva portada una imatge molt cuidada i rigorosament triada que resumeix la seva personalitat, i que t\u00e9 en com\u00fa una s\u00e8rie de caracter\u00edstiques [&hellip;]<\/p>\n","protected":false},"author":1,"featured_media":0,"parent":0,"menu_order":0,"comment_status":"closed","ping_status":"closed","template":"","meta":[],"acf":[],"_links":{"self":[{"href":"http:\/\/disseny.recursos.uoc.edu\/recursos\/dis-marca\/ca\/wp-json\/wp\/v2\/pages\/431"}],"collection":[{"href":"http:\/\/disseny.recursos.uoc.edu\/recursos\/dis-marca\/ca\/wp-json\/wp\/v2\/pages"}],"about":[{"href":"http:\/\/disseny.recursos.uoc.edu\/recursos\/dis-marca\/ca\/wp-json\/wp\/v2\/types\/page"}],"author":[{"embeddable":true,"href":"http:\/\/disseny.recursos.uoc.edu\/recursos\/dis-marca\/ca\/wp-json\/wp\/v2\/users\/1"}],"replies":[{"embeddable":true,"href":"http:\/\/disseny.recursos.uoc.edu\/recursos\/dis-marca\/ca\/wp-json\/wp\/v2\/comments?post=431"}],"version-history":[{"count":4,"href":"http:\/\/disseny.recursos.uoc.edu\/recursos\/dis-marca\/ca\/wp-json\/wp\/v2\/pages\/431\/revisions"}],"predecessor-version":[{"id":593,"href":"http:\/\/disseny.recursos.uoc.edu\/recursos\/dis-marca\/ca\/wp-json\/wp\/v2\/pages\/431\/revisions\/593"}],"wp:attachment":[{"href":"http:\/\/disseny.recursos.uoc.edu\/recursos\/dis-marca\/ca\/wp-json\/wp\/v2\/media?parent=431"}],"curies":[{"name":"wp","href":"https:\/\/api.w.org\/{rel}","templated":true}]}}