{"id":424,"date":"2017-06-21T14:02:21","date_gmt":"2017-06-21T14:02:21","guid":{"rendered":"http:\/\/disseny.recursos.uoc.edu\/recursos\/dis-marca\/?page_id=424"},"modified":"2017-07-21T07:50:05","modified_gmt":"2017-07-21T07:50:05","slug":"7-la-portada-2","status":"publish","type":"page","link":"http:\/\/disseny.recursos.uoc.edu\/recursos\/dis-marca\/ca\/7-la-portada-2\/","title":{"rendered":"7. La portada"},"content":{"rendered":"<p><\/p>\n<h3>7.2. Elements d\u2019una portada<\/h3>\n<p>Hi ha una s\u00e8rie d\u2019elements comuns en totes les portades, que hi solen apar\u00e8ixer sempre. Diem <em>solen<\/em> perqu\u00e8 cada publicaci\u00f3 \u00e9s un m\u00f3n, i la seva pr\u00f2pia naturalesa dona lloc a una s\u00e8rie de maneres diferents de posada en p\u00e0gina.<\/p>\n<div id=\"attachment_774\" style=\"width: 910px\" class=\"wp-caption alignnone\"><img aria-describedby=\"caption-attachment-774\" loading=\"lazy\" class=\"img-responsive wp-image-774 size-full\" src=\"http:\/\/disseny.recursos.uoc.edu\/recursos\/dis-marca\/wp-content\/uploads\/sites\/22\/2017\/06\/20118_a7_003z.jpg\" alt=\"\" width=\"900\" height=\"998\" srcset=\"http:\/\/disseny.recursos.uoc.edu\/recursos\/dis-marca\/wp-content\/uploads\/sites\/22\/2017\/06\/20118_a7_003z.jpg 900w, http:\/\/disseny.recursos.uoc.edu\/recursos\/dis-marca\/wp-content\/uploads\/sites\/22\/2017\/06\/20118_a7_003z-271x300.jpg 271w, http:\/\/disseny.recursos.uoc.edu\/recursos\/dis-marca\/wp-content\/uploads\/sites\/22\/2017\/06\/20118_a7_003z-768x852.jpg 768w\" sizes=\"(max-width: 900px) 100vw, 900px\" \/><p id=\"caption-attachment-774\" class=\"wp-caption-text\">En la imatge, agafant una portada de la revista <em>Woman<\/em> com a exemple, podem veure alguns dels elements que acostumen a apar\u00e8ixer en totes les portades. Si ens fixem en el quiosc, en altres portades els haur\u00edem de poder identificar.<\/p><\/div>\n<h3>7.2.1. Cap\u00e7alera<\/h3>\n<p>L\u2019element principal en tota portada \u00e9s la cap\u00e7alera: \u00e9s el seu nom propi, la seva imatge i cont\u00e9 les l\u00ednies distintives de la seva personalitat. Un bon logo \u00e9s determinant per a l\u2019\u00e8xit d\u2019una publicaci\u00f3. Quan parlem d\u2019identitat corporativa ens estem referint al conjunt d\u2019elements propis d\u2019una publicaci\u00f3 (tamb\u00e9 aplicable a una empresa, una marca o una companyia) que serveixen perqu\u00e8 es distingeixi d\u2019altres i li atorga unes caracter\u00edstiques espec\u00edfiques. El logotip, la cap\u00e7alera, en una publicaci\u00f3, \u00e9s l\u2019element essencial de la imatge del producte. Cada publicaci\u00f3 ha de tenir la seva pr\u00f2pia cap\u00e7alera, de manera que el p\u00fablic la hi associ\u00ef immediatament.<\/p>\n<p>El proc\u00e9s de creaci\u00f3 de la cap\u00e7alera \u00e9s complex: hem de tenir un bon nom que contribueixi al reconeixement del producte entre la compet\u00e8ncia, que s\u2019associ\u00ef amb un concepte que sigui adequat al que estem creant, que es recordi f\u00e0cilment, etc. El proc\u00e9s de creaci\u00f3 de la cap\u00e7alera ha de culminar en un logotip que desperti un proc\u00e9s mental en l\u2019observador que li transmeti el que el producte cont\u00e9 (eleg\u00e0ncia, diversi\u00f3, jovialitat, serietat, etc.). El nostre logo ha de fer ressaltar la publicaci\u00f3 entre la compet\u00e8ncia, li ha d\u2019atorgar unes caracter\u00edstiques pr\u00f2pies que despertin l\u2019inter\u00e8s del lector potencial i afermin la seva confian\u00e7a en ell. El seu lloc usual \u00e9s a dalt a l\u2019esquerra, encara que hi ha publicacions que modifiquen aquesta ubicaci\u00f3 com una maniobra d\u2019identitat.<\/p>\n<div id=\"attachment_428\" style=\"width: 650px\" class=\"wp-caption alignnone\"><img aria-describedby=\"caption-attachment-428\" loading=\"lazy\" class=\"img-responsive wp-image-428 size-full\" src=\"http:\/\/disseny.recursos.uoc.edu\/recursos\/dis-marca\/wp-content\/uploads\/sites\/22\/2017\/06\/20118_a7_004.jpg\" alt=\"\" width=\"640\" height=\"453\" srcset=\"http:\/\/disseny.recursos.uoc.edu\/recursos\/dis-marca\/wp-content\/uploads\/sites\/22\/2017\/06\/20118_a7_004.jpg 640w, http:\/\/disseny.recursos.uoc.edu\/recursos\/dis-marca\/wp-content\/uploads\/sites\/22\/2017\/06\/20118_a7_004-300x212.jpg 300w\" sizes=\"(max-width: 640px) 100vw, 640px\" \/><p id=\"caption-attachment-428\" class=\"wp-caption-text\"><span lang=\"CA\">En la imatge podem veure diferents cap\u00e7aleres de revistes conegudes. El logo en si mateix, descontextualitzat de qualsevol imatge, ja ens recorda a quina publicaci\u00f3 pertany. S\u00f3n cap\u00e7aleres que estan \u00edntimament relacionades amb el producte que representen.<\/span><\/p><\/div>\n<p><div id=\"attachment_429\" style=\"width: 760px\" class=\"wp-caption alignnone\"><img aria-describedby=\"caption-attachment-429\" loading=\"lazy\" class=\"img-responsive wp-image-429 size-full\" src=\"http:\/\/disseny.recursos.uoc.edu\/recursos\/dis-marca\/wp-content\/uploads\/sites\/22\/2017\/06\/20118_a7_005.jpg\" alt=\"\" width=\"750\" height=\"225\" srcset=\"http:\/\/disseny.recursos.uoc.edu\/recursos\/dis-marca\/wp-content\/uploads\/sites\/22\/2017\/06\/20118_a7_005.jpg 750w, http:\/\/disseny.recursos.uoc.edu\/recursos\/dis-marca\/wp-content\/uploads\/sites\/22\/2017\/06\/20118_a7_005-300x90.jpg 300w\" sizes=\"(max-width: 750px) 100vw, 750px\" \/><p id=\"caption-attachment-429\" class=\"wp-caption-text\">De vegades es poden introduir variacions en el logo per motius merament est\u00e8tics. En l\u2019exemple podem veure com en la revista <em>Smoda<\/em> la cap\u00e7alera ha estat alterada per fer l\u2019ullet al contingut de la publicaci\u00f3. Malgrat que l\u2019est\u00e8tica del logo ha variat, podem observar com segueix sent igualment recognoscible.<\/p><\/div><\/p>","protected":false},"excerpt":{"rendered":"<p>7.2. Elements d\u2019una portada Hi ha una s\u00e8rie d\u2019elements comuns en totes les portades, que hi solen apar\u00e8ixer sempre. Diem solen perqu\u00e8 cada publicaci\u00f3 \u00e9s un m\u00f3n, i la seva pr\u00f2pia naturalesa dona lloc a una s\u00e8rie de maneres diferents de posada en p\u00e0gina. 7.2.1. Cap\u00e7alera L\u2019element principal en tota portada \u00e9s la cap\u00e7alera: \u00e9s [&hellip;]<\/p>\n","protected":false},"author":1,"featured_media":0,"parent":0,"menu_order":0,"comment_status":"closed","ping_status":"closed","template":"","meta":[],"acf":[],"_links":{"self":[{"href":"http:\/\/disseny.recursos.uoc.edu\/recursos\/dis-marca\/ca\/wp-json\/wp\/v2\/pages\/424"}],"collection":[{"href":"http:\/\/disseny.recursos.uoc.edu\/recursos\/dis-marca\/ca\/wp-json\/wp\/v2\/pages"}],"about":[{"href":"http:\/\/disseny.recursos.uoc.edu\/recursos\/dis-marca\/ca\/wp-json\/wp\/v2\/types\/page"}],"author":[{"embeddable":true,"href":"http:\/\/disseny.recursos.uoc.edu\/recursos\/dis-marca\/ca\/wp-json\/wp\/v2\/users\/1"}],"replies":[{"embeddable":true,"href":"http:\/\/disseny.recursos.uoc.edu\/recursos\/dis-marca\/ca\/wp-json\/wp\/v2\/comments?post=424"}],"version-history":[{"count":7,"href":"http:\/\/disseny.recursos.uoc.edu\/recursos\/dis-marca\/ca\/wp-json\/wp\/v2\/pages\/424\/revisions"}],"predecessor-version":[{"id":820,"href":"http:\/\/disseny.recursos.uoc.edu\/recursos\/dis-marca\/ca\/wp-json\/wp\/v2\/pages\/424\/revisions\/820"}],"wp:attachment":[{"href":"http:\/\/disseny.recursos.uoc.edu\/recursos\/dis-marca\/ca\/wp-json\/wp\/v2\/media?parent=424"}],"curies":[{"name":"wp","href":"https:\/\/api.w.org\/{rel}","templated":true}]}}