{"id":417,"date":"2017-06-21T13:57:08","date_gmt":"2017-06-21T13:57:08","guid":{"rendered":"http:\/\/disseny.recursos.uoc.edu\/recursos\/dis-marca\/?page_id=417"},"modified":"2017-06-29T10:01:34","modified_gmt":"2017-06-29T10:01:34","slug":"7-la-portada","status":"publish","type":"page","link":"http:\/\/disseny.recursos.uoc.edu\/recursos\/dis-marca\/ca\/7-la-portada\/","title":{"rendered":"7. La portada"},"content":{"rendered":"<p><\/p>\n<h3>7.1. Import\u00e0ncia de la portada<\/h3>\n<p>La portada \u00e9s la pe\u00e7a m\u00e9s important de tota publicaci\u00f3. La seva funci\u00f3 \u00e9s cridar l\u2019atenci\u00f3 sobre el lector i fer d\u2019aparador dels continguts de la publicaci\u00f3. La portada ha de resumir clarament el contingut i aconseguir impactar l\u2019observador per a provocar-li una intenci\u00f3 de compra. La creaci\u00f3 de la portada \u00e9s un dels processos m\u00e9s complexos en disseny editorial. La teoria diu que hauria de ser el punt de partida de tot projecte, per\u00f2 la pr\u00e0ctica ens ensenya que definir una portada que condensi a la perfecci\u00f3 l\u2019esperit del producte \u00e9s m\u00e9s f\u00e0cil quan el proc\u00e9s de disseny es troba en un estat avan\u00e7at.<\/p>\n<p>La portada ser\u00e0 l\u2019estendard de la publicaci\u00f3, un element recognoscible n\u00famero a n\u00famero, en el qual l\u2019esperit i la personalitat de la publicaci\u00f3 es vegin plasmats.<\/p>\n<div class=\"cita\">\n<p>\u00abLes portades intenten connectar amb els nostres valors, somnis i necessitats. No \u00e9s sorprenent que aspirin a prendre una forma gaireb\u00e9 humana: ens \u201cparlen\u201d amb els titulars, i s\u2019encarnen en persones i personatges que es queden mirant-nos, encara que sigui a trav\u00e9s dels ulls d\u2019una fotografia.\u00bb David Crowley, <em>Magazine Covers<\/em>.<\/p>\n<\/div>\n<div id=\"attachment_420\" style=\"width: 760px\" class=\"wp-caption alignnone\"><img aria-describedby=\"caption-attachment-420\" loading=\"lazy\" class=\"img-responsive wp-image-420 size-full\" src=\"http:\/\/disseny.recursos.uoc.edu\/recursos\/dis-marca\/wp-content\/uploads\/sites\/22\/2017\/06\/20118_a7_001.jpg\" alt=\"\" width=\"750\" height=\"224\" srcset=\"http:\/\/disseny.recursos.uoc.edu\/recursos\/dis-marca\/wp-content\/uploads\/sites\/22\/2017\/06\/20118_a7_001.jpg 750w, http:\/\/disseny.recursos.uoc.edu\/recursos\/dis-marca\/wp-content\/uploads\/sites\/22\/2017\/06\/20118_a7_001-300x90.jpg 300w\" sizes=\"(max-width: 750px) 100vw, 750px\" \/><p id=\"caption-attachment-420\" class=\"wp-caption-text\"><span lang=\"CA\">En aquests exemples de cap\u00e7aleres distintives (molt diferents entre si) podem veure l\u2019impacte que pot assolir el contacte visual amb la imatge de portada.<\/span><\/p><\/div>\n<p>Yolanda Zappatera, en el seu llibre <em>Art direction + editorial Design<\/em>, es refereix a la portada d\u2019una revista en aquests termes: \u00abLa portada ha de ser moltes coses per a molta gent. L\u2019editor ha de creure que ven. Ha de cridar l\u2019atenci\u00f3 del lector per sobre dels seus competidors. Ha de resultar familiar als lectors habituals, per\u00f2 prou diferent perqu\u00e8 es noti que \u00e9s un n\u00famero nou. Ha de buscar nous lectors, per\u00f2 sense alienar els lectors existents. Ha d\u2019expressar el potencial, el car\u00e0cter, el contingut interior de la revista, i ha d\u2019animar els lectors a obrir les p\u00e0gines.\u00bb<\/p>\n<div id=\"attachment_421\" style=\"width: 760px\" class=\"wp-caption alignnone\"><img aria-describedby=\"caption-attachment-421\" loading=\"lazy\" class=\"img-responsive wp-image-421 size-full\" src=\"http:\/\/disseny.recursos.uoc.edu\/recursos\/dis-marca\/wp-content\/uploads\/sites\/22\/2017\/06\/20118_a7_002.jpg\" alt=\"\" width=\"750\" height=\"225\" srcset=\"http:\/\/disseny.recursos.uoc.edu\/recursos\/dis-marca\/wp-content\/uploads\/sites\/22\/2017\/06\/20118_a7_002.jpg 750w, http:\/\/disseny.recursos.uoc.edu\/recursos\/dis-marca\/wp-content\/uploads\/sites\/22\/2017\/06\/20118_a7_002-300x90.jpg 300w\" sizes=\"(max-width: 750px) 100vw, 750px\" \/><p id=\"caption-attachment-421\" class=\"wp-caption-text\">En aquest exemple podem veure diversos exemplars de la revista <em>W<\/em>. Podem observar com la l\u00ednia de disseny, la composici\u00f3 i l\u2019estil s\u00f3n els mateixos, de manera que es crea una est\u00e8tica molt recognoscible. No obstant aix\u00f2, cada n\u00famero t\u00e9 el seu atractiu propi.<\/p><\/div>\n<p>La portada no nom\u00e9s diu coses de la revista. Tamb\u00e9 parla dels nostres interessos com a consumidors, etiqueta l\u2019observador que la compra.<\/p>","protected":false},"excerpt":{"rendered":"<p>7.1. Import\u00e0ncia de la portada La portada \u00e9s la pe\u00e7a m\u00e9s important de tota publicaci\u00f3. La seva funci\u00f3 \u00e9s cridar l\u2019atenci\u00f3 sobre el lector i fer d\u2019aparador dels continguts de la publicaci\u00f3. La portada ha de resumir clarament el contingut i aconseguir impactar l\u2019observador per a provocar-li una intenci\u00f3 de compra. La creaci\u00f3 de la [&hellip;]<\/p>\n","protected":false},"author":1,"featured_media":0,"parent":0,"menu_order":0,"comment_status":"closed","ping_status":"closed","template":"","meta":[],"acf":[],"_links":{"self":[{"href":"http:\/\/disseny.recursos.uoc.edu\/recursos\/dis-marca\/ca\/wp-json\/wp\/v2\/pages\/417"}],"collection":[{"href":"http:\/\/disseny.recursos.uoc.edu\/recursos\/dis-marca\/ca\/wp-json\/wp\/v2\/pages"}],"about":[{"href":"http:\/\/disseny.recursos.uoc.edu\/recursos\/dis-marca\/ca\/wp-json\/wp\/v2\/types\/page"}],"author":[{"embeddable":true,"href":"http:\/\/disseny.recursos.uoc.edu\/recursos\/dis-marca\/ca\/wp-json\/wp\/v2\/users\/1"}],"replies":[{"embeddable":true,"href":"http:\/\/disseny.recursos.uoc.edu\/recursos\/dis-marca\/ca\/wp-json\/wp\/v2\/comments?post=417"}],"version-history":[{"count":3,"href":"http:\/\/disseny.recursos.uoc.edu\/recursos\/dis-marca\/ca\/wp-json\/wp\/v2\/pages\/417\/revisions"}],"predecessor-version":[{"id":591,"href":"http:\/\/disseny.recursos.uoc.edu\/recursos\/dis-marca\/ca\/wp-json\/wp\/v2\/pages\/417\/revisions\/591"}],"wp:attachment":[{"href":"http:\/\/disseny.recursos.uoc.edu\/recursos\/dis-marca\/ca\/wp-json\/wp\/v2\/media?parent=417"}],"curies":[{"name":"wp","href":"https:\/\/api.w.org\/{rel}","templated":true}]}}