{"id":411,"date":"2017-06-21T13:49:15","date_gmt":"2017-06-21T13:49:15","guid":{"rendered":"http:\/\/disseny.recursos.uoc.edu\/recursos\/dis-marca\/?page_id=411"},"modified":"2017-07-26T11:57:38","modified_gmt":"2017-07-26T11:57:38","slug":"6-composicion-y-puesta-en-pagina-9","status":"publish","type":"page","link":"http:\/\/disseny.recursos.uoc.edu\/recursos\/dis-marca\/ca\/6-composicion-y-puesta-en-pagina-9\/","title":{"rendered":"6. Composici\u00f3 i posada en p\u00e0gina"},"content":{"rendered":"<p><\/p>\n<h3>6.6. Plantilles i creaci\u00f3 de biblioteques de recursos i estils<\/h3>\n<p>El cam\u00ed fins a crear una revista \u00e9s llarg. Madurar un projecte demana temps i dedicaci\u00f3, i caldr\u00e0 fer moltes proves fins a aconseguir un n\u00famero complet que serveixi de guia a la futura publicaci\u00f3. Com hem dit a l\u2019apartat 1, la manera de treballar \u00e9s crear un primer esb\u00f3s del projecte editorial (que anomenem <em>monstre<\/em> o <em>n\u00famero zero<\/em>) per a testar i fer-lo servir de base per a definir-lo. Quan s\u2019hi hagin dut a terme tots els canvis pertinents, el dissenyador construir\u00e0 el que acabar\u00e0 sent l\u2019esquelet de la publicaci\u00f3, un llibre d\u2019estil: una s\u00e8rie de maquetes base per a comen\u00e7ar el treball en cada secci\u00f3 i unes paletes d\u2019estils tipogr\u00e0fics que el facin m\u00e9s \u00e0gil.<\/p>\n<div id=\"attachment_883\" style=\"width: 2910px\" class=\"wp-caption alignnone\"><img aria-describedby=\"caption-attachment-883\" loading=\"lazy\" class=\"img-responsive wp-image-883 size-full\" src=\"http:\/\/disseny.recursos.uoc.edu\/recursos\/dis-marca\/wp-content\/uploads\/sites\/22\/2017\/06\/13-plantillas-lecturas.jpg\" alt=\"\" width=\"2900\" height=\"3793\" srcset=\"http:\/\/disseny.recursos.uoc.edu\/recursos\/dis-marca\/wp-content\/uploads\/sites\/22\/2017\/06\/13-plantillas-lecturas.jpg 2900w, http:\/\/disseny.recursos.uoc.edu\/recursos\/dis-marca\/wp-content\/uploads\/sites\/22\/2017\/06\/13-plantillas-lecturas-229x300.jpg 229w, http:\/\/disseny.recursos.uoc.edu\/recursos\/dis-marca\/wp-content\/uploads\/sites\/22\/2017\/06\/13-plantillas-lecturas-768x1004.jpg 768w, http:\/\/disseny.recursos.uoc.edu\/recursos\/dis-marca\/wp-content\/uploads\/sites\/22\/2017\/06\/13-plantillas-lecturas-783x1024.jpg 783w\" sizes=\"(max-width: 2900px) 100vw, 2900px\" \/><p id=\"caption-attachment-883\" class=\"wp-caption-text\">Les plantilles s\u2019utilitzen com a punt de partida de cada tema, per a agilitar i facilitar el treball de composici\u00f3.<\/p><\/div>\n<p>Una plantilla \u00e9s un document que s\u2019utilitza de model per a construir temes. Cont\u00e9 els colors adequats, fulls d\u2019estil, les p\u00e0gines mestres ajustades amb la seva ret\u00edcula, etc. Les p\u00e0gines mestres poden contenir elements comuns de tot el disseny (faixes, folis, etc., segons seccions). Cal tenir-les en compte, at\u00e8s que permeten al dissenyador fer canvis que afecten tot el disseny r\u00e0pidament. Per exemple, si volem fer una variaci\u00f3 en la foliaci\u00f3 i aquest element est\u00e0 incrustat en la maqueta base, n\u2019hi hauria prou de modificar-lo aqu\u00ed perqu\u00e8 s\u2019apliqui a tot el document.<\/p>\n<p>Tamb\u00e9 es poden crear biblioteques de m\u00f2duls ja constru\u00efts, que es poden arrossegar a la p\u00e0gina, agiliten el treball i contribueixen a l\u2019ordre en els elements de treball. Depenent del disseny de la publicaci\u00f3 en q\u00fcesti\u00f3, el llibre d\u2019estil ser\u00e0 m\u00e9s o menys flexible.<\/p>\n<p>Com ja hem dit diverses vegades, en disseny les normes hi s\u00f3n per a servir-nos de guia, i trencar-les de manera creativa i justificada est\u00e0 perm\u00e8s, per\u00f2 cal intentar respectar al m\u00e0xim els elements configurats per a no convertir la nostra publicaci\u00f3 en un caos.<\/p>","protected":false},"excerpt":{"rendered":"<p>6.6. Plantilles i creaci\u00f3 de biblioteques de recursos i estils El cam\u00ed fins a crear una revista \u00e9s llarg. Madurar un projecte demana temps i dedicaci\u00f3, i caldr\u00e0 fer moltes proves fins a aconseguir un n\u00famero complet que serveixi de guia a la futura publicaci\u00f3. Com hem dit a l\u2019apartat 1, la manera de treballar [&hellip;]<\/p>\n","protected":false},"author":1,"featured_media":0,"parent":0,"menu_order":0,"comment_status":"closed","ping_status":"closed","template":"","meta":[],"acf":[],"_links":{"self":[{"href":"http:\/\/disseny.recursos.uoc.edu\/recursos\/dis-marca\/ca\/wp-json\/wp\/v2\/pages\/411"}],"collection":[{"href":"http:\/\/disseny.recursos.uoc.edu\/recursos\/dis-marca\/ca\/wp-json\/wp\/v2\/pages"}],"about":[{"href":"http:\/\/disseny.recursos.uoc.edu\/recursos\/dis-marca\/ca\/wp-json\/wp\/v2\/types\/page"}],"author":[{"embeddable":true,"href":"http:\/\/disseny.recursos.uoc.edu\/recursos\/dis-marca\/ca\/wp-json\/wp\/v2\/users\/1"}],"replies":[{"embeddable":true,"href":"http:\/\/disseny.recursos.uoc.edu\/recursos\/dis-marca\/ca\/wp-json\/wp\/v2\/comments?post=411"}],"version-history":[{"count":5,"href":"http:\/\/disseny.recursos.uoc.edu\/recursos\/dis-marca\/ca\/wp-json\/wp\/v2\/pages\/411\/revisions"}],"predecessor-version":[{"id":885,"href":"http:\/\/disseny.recursos.uoc.edu\/recursos\/dis-marca\/ca\/wp-json\/wp\/v2\/pages\/411\/revisions\/885"}],"wp:attachment":[{"href":"http:\/\/disseny.recursos.uoc.edu\/recursos\/dis-marca\/ca\/wp-json\/wp\/v2\/media?parent=411"}],"curies":[{"name":"wp","href":"https:\/\/api.w.org\/{rel}","templated":true}]}}