{"id":406,"date":"2017-06-21T13:46:46","date_gmt":"2017-06-21T13:46:46","guid":{"rendered":"http:\/\/disseny.recursos.uoc.edu\/recursos\/dis-marca\/?page_id=406"},"modified":"2017-07-21T07:33:09","modified_gmt":"2017-07-21T07:33:09","slug":"6-composicion-y-puesta-en-pagina-8","status":"publish","type":"page","link":"http:\/\/disseny.recursos.uoc.edu\/recursos\/dis-marca\/ca\/6-composicion-y-puesta-en-pagina-8\/","title":{"rendered":"6. Composici\u00f3 i posada en p\u00e0gina"},"content":{"rendered":"<p><\/p>\n<h3>6.5. L\u00ednia de disseny i marca: continu\u00eftat i equilibri<\/h3>\n<p>Quan tinguem tots els elements que determinaran el nostre disseny, nom\u00e9s queda ficar-los a la \u00abbatedora\u00bb creativa i construir. Tenim un enc\u00e0rrec, hem creat una plantilla base amb una ret\u00edcula flexible que s\u2019adeq\u00fci al nostre projecte i que ens permeti treballar amb facilitat, tipografies adequades, una idea de colors per a fer servir i uns principis b\u00e0sics sobre la distribuci\u00f3 d\u2019elements en la composici\u00f3 que ens ajudaran a guiar el lector cap als punts d\u2019inter\u00e8s. Podem posar-nos a treballar.<\/p>\n<p>A mesura que anem construint temes i enriquint el nostre disseny, que el projecte vagi prenent forma, podrem anar parlant del que en el m\u00f3n editorial es coneix com <em>l\u00ednia de disseny<\/em>, formada per totes aquestes normes visuals, formes de distribuci\u00f3 d\u2019elements i estils que, si es construeixen coherentment, donaran lloc a una imatge de marca recognoscible i culminaran amb un disseny ben fet.<\/p>\n<p><div id=\"attachment_772\" style=\"width: 910px\" class=\"wp-caption alignnone\"><img aria-describedby=\"caption-attachment-772\" loading=\"lazy\" class=\"img-responsive wp-image-772 size-full\" src=\"http:\/\/disseny.recursos.uoc.edu\/recursos\/dis-marca\/wp-content\/uploads\/sites\/22\/2017\/06\/20118_a6_013z.jpg\" alt=\"\" width=\"900\" height=\"439\" srcset=\"http:\/\/disseny.recursos.uoc.edu\/recursos\/dis-marca\/wp-content\/uploads\/sites\/22\/2017\/06\/20118_a6_013z.jpg 900w, http:\/\/disseny.recursos.uoc.edu\/recursos\/dis-marca\/wp-content\/uploads\/sites\/22\/2017\/06\/20118_a6_013z-300x146.jpg 300w, http:\/\/disseny.recursos.uoc.edu\/recursos\/dis-marca\/wp-content\/uploads\/sites\/22\/2017\/06\/20118_a6_013z-768x375.jpg 768w\" sizes=\"(max-width: 900px) 100vw, 900px\" \/><p id=\"caption-attachment-772\" class=\"wp-caption-text\">Aqu\u00ed podem veure un exemple de la guia de disseny de <em>Glamour<\/em> M\u00e8xic. Una explicaci\u00f3 clara de l\u2019estil, amb mostres de maquetes base, plantilles i una explicaci\u00f3 de l\u2019\u00fas de recursos i elements garantir\u00e0 el desenvolupament adequat del disseny.<\/p><\/div><\/p>","protected":false},"excerpt":{"rendered":"<p>6.5. L\u00ednia de disseny i marca: continu\u00eftat i equilibri Quan tinguem tots els elements que determinaran el nostre disseny, nom\u00e9s queda ficar-los a la \u00abbatedora\u00bb creativa i construir. Tenim un enc\u00e0rrec, hem creat una plantilla base amb una ret\u00edcula flexible que s\u2019adeq\u00fci al nostre projecte i que ens permeti treballar amb facilitat, tipografies adequades, una [&hellip;]<\/p>\n","protected":false},"author":1,"featured_media":0,"parent":0,"menu_order":0,"comment_status":"closed","ping_status":"closed","template":"","meta":[],"acf":[],"_links":{"self":[{"href":"http:\/\/disseny.recursos.uoc.edu\/recursos\/dis-marca\/ca\/wp-json\/wp\/v2\/pages\/406"}],"collection":[{"href":"http:\/\/disseny.recursos.uoc.edu\/recursos\/dis-marca\/ca\/wp-json\/wp\/v2\/pages"}],"about":[{"href":"http:\/\/disseny.recursos.uoc.edu\/recursos\/dis-marca\/ca\/wp-json\/wp\/v2\/types\/page"}],"author":[{"embeddable":true,"href":"http:\/\/disseny.recursos.uoc.edu\/recursos\/dis-marca\/ca\/wp-json\/wp\/v2\/users\/1"}],"replies":[{"embeddable":true,"href":"http:\/\/disseny.recursos.uoc.edu\/recursos\/dis-marca\/ca\/wp-json\/wp\/v2\/comments?post=406"}],"version-history":[{"count":6,"href":"http:\/\/disseny.recursos.uoc.edu\/recursos\/dis-marca\/ca\/wp-json\/wp\/v2\/pages\/406\/revisions"}],"predecessor-version":[{"id":819,"href":"http:\/\/disseny.recursos.uoc.edu\/recursos\/dis-marca\/ca\/wp-json\/wp\/v2\/pages\/406\/revisions\/819"}],"wp:attachment":[{"href":"http:\/\/disseny.recursos.uoc.edu\/recursos\/dis-marca\/ca\/wp-json\/wp\/v2\/media?parent=406"}],"curies":[{"name":"wp","href":"https:\/\/api.w.org\/{rel}","templated":true}]}}