{"id":388,"date":"2017-06-21T13:36:23","date_gmt":"2017-06-21T13:36:23","guid":{"rendered":"http:\/\/disseny.recursos.uoc.edu\/recursos\/dis-marca\/?page_id=388"},"modified":"2017-06-29T09:51:42","modified_gmt":"2017-06-29T09:51:42","slug":"6-composicion-y-puesta-en-pagina-5","status":"publish","type":"page","link":"http:\/\/disseny.recursos.uoc.edu\/recursos\/dis-marca\/ca\/6-composicion-y-puesta-en-pagina-5\/","title":{"rendered":"6. Composici\u00f3 i posada en p\u00e0gina"},"content":{"rendered":"<p><\/p>\n<h3>6.4. Com es crea una jerarquia visual<\/h3>\n<h3>6.4.2. Color i contrastos<\/h3>\n<p>El color \u00e9s, sens dubte, una de les maneres m\u00e9s poderoses de captar l\u2019atenci\u00f3 dels lectors. S\u2019ha de fer servir amb precauci\u00f3, i tenint sempre en compte tant la gamma de colors en la qual es mou el nostre producte (o la marca) com el p\u00fablic a qui va destinat. Un mal \u00fas del color pot fer que el nostre disseny sigui estrident, o portar l\u2019atenci\u00f3 de l\u2019observador cap a on no volem. Colors intensos faran m\u00e9s visibles els elements m\u00e9s importants.<\/p>\n<p><div id=\"attachment_391\" style=\"width: 448px\" class=\"wp-caption alignnone\"><img aria-describedby=\"caption-attachment-391\" loading=\"lazy\" class=\"img-responsive wp-image-391 size-full\" src=\"http:\/\/disseny.recursos.uoc.edu\/recursos\/dis-marca\/wp-content\/uploads\/sites\/22\/2017\/06\/20118_a6_009.jpg\" alt=\"\" width=\"438\" height=\"640\" srcset=\"http:\/\/disseny.recursos.uoc.edu\/recursos\/dis-marca\/wp-content\/uploads\/sites\/22\/2017\/06\/20118_a6_009.jpg 438w, http:\/\/disseny.recursos.uoc.edu\/recursos\/dis-marca\/wp-content\/uploads\/sites\/22\/2017\/06\/20118_a6_009-205x300.jpg 205w\" sizes=\"(max-width: 438px) 100vw, 438px\" \/><p id=\"caption-attachment-391\" class=\"wp-caption-text\"><span lang=\"CA\">Color<\/span><\/p><\/div><\/p>","protected":false},"excerpt":{"rendered":"<p>6.4. Com es crea una jerarquia visual 6.4.2. Color i contrastos El color \u00e9s, sens dubte, una de les maneres m\u00e9s poderoses de captar l\u2019atenci\u00f3 dels lectors. S\u2019ha de fer servir amb precauci\u00f3, i tenint sempre en compte tant la gamma de colors en la qual es mou el nostre producte (o la marca) com [&hellip;]<\/p>\n","protected":false},"author":1,"featured_media":0,"parent":0,"menu_order":0,"comment_status":"closed","ping_status":"closed","template":"","meta":[],"acf":[],"_links":{"self":[{"href":"http:\/\/disseny.recursos.uoc.edu\/recursos\/dis-marca\/ca\/wp-json\/wp\/v2\/pages\/388"}],"collection":[{"href":"http:\/\/disseny.recursos.uoc.edu\/recursos\/dis-marca\/ca\/wp-json\/wp\/v2\/pages"}],"about":[{"href":"http:\/\/disseny.recursos.uoc.edu\/recursos\/dis-marca\/ca\/wp-json\/wp\/v2\/types\/page"}],"author":[{"embeddable":true,"href":"http:\/\/disseny.recursos.uoc.edu\/recursos\/dis-marca\/ca\/wp-json\/wp\/v2\/users\/1"}],"replies":[{"embeddable":true,"href":"http:\/\/disseny.recursos.uoc.edu\/recursos\/dis-marca\/ca\/wp-json\/wp\/v2\/comments?post=388"}],"version-history":[{"count":4,"href":"http:\/\/disseny.recursos.uoc.edu\/recursos\/dis-marca\/ca\/wp-json\/wp\/v2\/pages\/388\/revisions"}],"predecessor-version":[{"id":586,"href":"http:\/\/disseny.recursos.uoc.edu\/recursos\/dis-marca\/ca\/wp-json\/wp\/v2\/pages\/388\/revisions\/586"}],"wp:attachment":[{"href":"http:\/\/disseny.recursos.uoc.edu\/recursos\/dis-marca\/ca\/wp-json\/wp\/v2\/media?parent=388"}],"curies":[{"name":"wp","href":"https:\/\/api.w.org\/{rel}","templated":true}]}}