{"id":376,"date":"2017-06-21T12:28:48","date_gmt":"2017-06-21T12:28:48","guid":{"rendered":"http:\/\/disseny.recursos.uoc.edu\/recursos\/dis-marca\/?page_id=376"},"modified":"2017-07-26T08:48:20","modified_gmt":"2017-07-26T08:48:20","slug":"6-composicion-y-puesta-en-pagina-3","status":"publish","type":"page","link":"http:\/\/disseny.recursos.uoc.edu\/recursos\/dis-marca\/ca\/6-composicion-y-puesta-en-pagina-3\/","title":{"rendered":"6. Composici\u00f3 i posada en p\u00e0gina"},"content":{"rendered":"<p><\/p>\n<h3>6.3. Jerarquia visual i ritme en els elements gr\u00e0fics<\/h3>\n<p>Per a entendre el principi de jerarquia ens haur\u00edem de remetre a les lleis de la Gestalt, que diuen que la visi\u00f3 estableix un ordre jer\u00e0rquic pel qual el primer punt captat \u00e9s el m\u00e9s important. Podem dir que jerarquitzar \u00e9s ordenar tots els elements en funci\u00f3 d\u2019una s\u00e8rie de par\u00e0metres que, en el cas del disseny, s\u00f3n visuals. Aix\u00ed doncs, quan parlem de jerarquia en la composici\u00f3, al que ens estem referint \u00e9s a l\u2019ordre d\u2019import\u00e0ncia que establim entre els diferents elements gr\u00e0fics en la posada en p\u00e0gina. Quan donem m\u00e9s grand\u00e0ria a un element, guanya considerablement en import\u00e0ncia. La jerarquia \u00e9s important en l\u2019\u00e0mbit compositiu, sobretot perqu\u00e8 ajuda l\u2019observador a processar la informaci\u00f3 presentada en l\u2019ordre correcte. La jerarquia guiar\u00e0 la lectura de la informaci\u00f3 que s\u2019est\u00e0 presentant.<\/p>\n<div class=\"definicio\">\n<p>En disseny editorial sempre s\u2019ha de tenir en compte que les p\u00e0gines no es treballen individualment, sin\u00f3 que la doble p\u00e0gina s\u2019ha de concebre com una unitat.<\/p>\n<\/div>\n<p><div id=\"attachment_837\" style=\"width: 810px\" class=\"wp-caption alignnone\"><img aria-describedby=\"caption-attachment-837\" loading=\"lazy\" class=\"img-responsive wp-image-837 size-full\" src=\"http:\/\/disseny.recursos.uoc.edu\/recursos\/dis-marca\/wp-content\/uploads\/sites\/22\/2017\/06\/20118_a6_007-3.jpg\" alt=\"\" width=\"800\" height=\"1648\" srcset=\"http:\/\/disseny.recursos.uoc.edu\/recursos\/dis-marca\/wp-content\/uploads\/sites\/22\/2017\/06\/20118_a6_007-3.jpg 800w, http:\/\/disseny.recursos.uoc.edu\/recursos\/dis-marca\/wp-content\/uploads\/sites\/22\/2017\/06\/20118_a6_007-3-146x300.jpg 146w, http:\/\/disseny.recursos.uoc.edu\/recursos\/dis-marca\/wp-content\/uploads\/sites\/22\/2017\/06\/20118_a6_007-3-768x1582.jpg 768w, http:\/\/disseny.recursos.uoc.edu\/recursos\/dis-marca\/wp-content\/uploads\/sites\/22\/2017\/06\/20118_a6_007-3-497x1024.jpg 497w\" sizes=\"(max-width: 800px) 100vw, 800px\" \/><p id=\"caption-attachment-837\" class=\"wp-caption-text\">En la imatge podem veure un reportatge sobre el Jap\u00f3 de la revista <em>Woman<\/em>. La distribuci\u00f3 dels elements s\u2019ha dut a terme de forma din\u00e0mica i ordenada, repartint el pes dels elements gr\u00e0fics. Tot el reportatge t\u00e9 una mateixa l\u00ednia perqu\u00e8 s\u2019ha treballat com una unitat, i \u00e9s important que aix\u00f2 es noti.<\/p><\/div><\/p>","protected":false},"excerpt":{"rendered":"<p>6.3. Jerarquia visual i ritme en els elements gr\u00e0fics Per a entendre el principi de jerarquia ens haur\u00edem de remetre a les lleis de la Gestalt, que diuen que la visi\u00f3 estableix un ordre jer\u00e0rquic pel qual el primer punt captat \u00e9s el m\u00e9s important. Podem dir que jerarquitzar \u00e9s ordenar tots els elements en [&hellip;]<\/p>\n","protected":false},"author":1,"featured_media":0,"parent":0,"menu_order":0,"comment_status":"closed","ping_status":"closed","template":"","meta":[],"acf":[],"_links":{"self":[{"href":"http:\/\/disseny.recursos.uoc.edu\/recursos\/dis-marca\/ca\/wp-json\/wp\/v2\/pages\/376"}],"collection":[{"href":"http:\/\/disseny.recursos.uoc.edu\/recursos\/dis-marca\/ca\/wp-json\/wp\/v2\/pages"}],"about":[{"href":"http:\/\/disseny.recursos.uoc.edu\/recursos\/dis-marca\/ca\/wp-json\/wp\/v2\/types\/page"}],"author":[{"embeddable":true,"href":"http:\/\/disseny.recursos.uoc.edu\/recursos\/dis-marca\/ca\/wp-json\/wp\/v2\/users\/1"}],"replies":[{"embeddable":true,"href":"http:\/\/disseny.recursos.uoc.edu\/recursos\/dis-marca\/ca\/wp-json\/wp\/v2\/comments?post=376"}],"version-history":[{"count":10,"href":"http:\/\/disseny.recursos.uoc.edu\/recursos\/dis-marca\/ca\/wp-json\/wp\/v2\/pages\/376\/revisions"}],"predecessor-version":[{"id":854,"href":"http:\/\/disseny.recursos.uoc.edu\/recursos\/dis-marca\/ca\/wp-json\/wp\/v2\/pages\/376\/revisions\/854"}],"wp:attachment":[{"href":"http:\/\/disseny.recursos.uoc.edu\/recursos\/dis-marca\/ca\/wp-json\/wp\/v2\/media?parent=376"}],"curies":[{"name":"wp","href":"https:\/\/api.w.org\/{rel}","templated":true}]}}