{"id":361,"date":"2017-06-21T12:17:41","date_gmt":"2017-06-21T12:17:41","guid":{"rendered":"http:\/\/disseny.recursos.uoc.edu\/recursos\/dis-marca\/?page_id=361"},"modified":"2017-06-29T09:32:17","modified_gmt":"2017-06-29T09:32:17","slug":"6-composicion-y-puesta-en-pagina","status":"publish","type":"page","link":"http:\/\/disseny.recursos.uoc.edu\/recursos\/dis-marca\/ca\/6-composicion-y-puesta-en-pagina\/","title":{"rendered":"6. Composici\u00f3 i posada en p\u00e0gina"},"content":{"rendered":"<p><\/p>\n<h3>6.1. Elements de la p\u00e0gina base<\/h3>\n<p>A continuaci\u00f3 repassarem tots els elements que, de manera m\u00e9s o menys habitual, se solen trobar en una maqueta.<\/p>\n<div id=\"attachment_364\" style=\"width: 760px\" class=\"wp-caption alignnone\"><img aria-describedby=\"caption-attachment-364\" loading=\"lazy\" class=\"img-responsive wp-image-364 size-full\" src=\"http:\/\/disseny.recursos.uoc.edu\/recursos\/dis-marca\/wp-content\/uploads\/sites\/22\/2017\/06\/20118_a6_001.jpg\" alt=\"\" width=\"750\" height=\"530\" srcset=\"http:\/\/disseny.recursos.uoc.edu\/recursos\/dis-marca\/wp-content\/uploads\/sites\/22\/2017\/06\/20118_a6_001.jpg 750w, http:\/\/disseny.recursos.uoc.edu\/recursos\/dis-marca\/wp-content\/uploads\/sites\/22\/2017\/06\/20118_a6_001-300x212.jpg 300w\" sizes=\"(max-width: 750px) 100vw, 750px\" \/><p id=\"caption-attachment-364\" class=\"wp-caption-text\"><span lang=\"CA\">La p\u00e0gina buida: la ret\u00edcula marca la caixa, els marges i la costura.<\/span><\/p><\/div>\n<ul>\n<li><strong>Caixa o taca<\/strong>: \u00e9s l\u2019espai interior de la maqueta que queda envoltat pels marges. En aquesta zona es disposaran els elements. \u00c9s el que es considera la zona impresa (d\u2019aqu\u00ed el terme <em>taca<\/em>) de la p\u00e0gina.<\/li>\n<li><strong>Costura<\/strong>: l\u00ednia per on es plega la publicaci\u00f3. \u00c9s un espai amb el qual s\u2019ha de tenir especial cura, ja que si s\u2019hi col\u00b7loquen textos que passin d\u2019una p\u00e0gina a una altra, o fotos que no siguin prou grans, l\u2019efecte visual pot ser desastr\u00f3s.<\/li>\n<li><strong>Marges<\/strong>: s\u00f3n els espais en blanc que queden al voltant de la taca. El seu tractament \u00e9s important, ja que s\u00f3n essencials per a la lectura i l\u2019est\u00e8tica de la composici\u00f3.<\/li>\n<li><strong>Reixeta base<\/strong>: \u00e9s el conjunt de l\u00ednies horitzontals on es recolzar\u00e0 el text. La determina la ret\u00edcula. La dist\u00e0ncia entre una l\u00ednia i una altra \u00e9s l\u2019interlineat (sempre que els textos hi estiguin ajustats).<\/li>\n<\/ul>\n<p><img loading=\"lazy\" class=\"alignnone size-full wp-image-365 img-responsive\" src=\"http:\/\/disseny.recursos.uoc.edu\/recursos\/dis-marca\/wp-content\/uploads\/sites\/22\/2017\/06\/20118_a6_002.jpg\" alt=\"\" width=\"750\" height=\"530\" srcset=\"http:\/\/disseny.recursos.uoc.edu\/recursos\/dis-marca\/wp-content\/uploads\/sites\/22\/2017\/06\/20118_a6_002.jpg 750w, http:\/\/disseny.recursos.uoc.edu\/recursos\/dis-marca\/wp-content\/uploads\/sites\/22\/2017\/06\/20118_a6_002-300x212.jpg 300w\" sizes=\"(max-width: 750px) 100vw, 750px\" \/><\/p>","protected":false},"excerpt":{"rendered":"<p>6.1. Elements de la p\u00e0gina base A continuaci\u00f3 repassarem tots els elements que, de manera m\u00e9s o menys habitual, se solen trobar en una maqueta. Caixa o taca: \u00e9s l\u2019espai interior de la maqueta que queda envoltat pels marges. En aquesta zona es disposaran els elements. \u00c9s el que es considera la zona impresa (d\u2019aqu\u00ed [&hellip;]<\/p>\n","protected":false},"author":1,"featured_media":0,"parent":0,"menu_order":0,"comment_status":"closed","ping_status":"closed","template":"","meta":[],"acf":[],"_links":{"self":[{"href":"http:\/\/disseny.recursos.uoc.edu\/recursos\/dis-marca\/ca\/wp-json\/wp\/v2\/pages\/361"}],"collection":[{"href":"http:\/\/disseny.recursos.uoc.edu\/recursos\/dis-marca\/ca\/wp-json\/wp\/v2\/pages"}],"about":[{"href":"http:\/\/disseny.recursos.uoc.edu\/recursos\/dis-marca\/ca\/wp-json\/wp\/v2\/types\/page"}],"author":[{"embeddable":true,"href":"http:\/\/disseny.recursos.uoc.edu\/recursos\/dis-marca\/ca\/wp-json\/wp\/v2\/users\/1"}],"replies":[{"embeddable":true,"href":"http:\/\/disseny.recursos.uoc.edu\/recursos\/dis-marca\/ca\/wp-json\/wp\/v2\/comments?post=361"}],"version-history":[{"count":3,"href":"http:\/\/disseny.recursos.uoc.edu\/recursos\/dis-marca\/ca\/wp-json\/wp\/v2\/pages\/361\/revisions"}],"predecessor-version":[{"id":578,"href":"http:\/\/disseny.recursos.uoc.edu\/recursos\/dis-marca\/ca\/wp-json\/wp\/v2\/pages\/361\/revisions\/578"}],"wp:attachment":[{"href":"http:\/\/disseny.recursos.uoc.edu\/recursos\/dis-marca\/ca\/wp-json\/wp\/v2\/media?parent=361"}],"curies":[{"name":"wp","href":"https:\/\/api.w.org\/{rel}","templated":true}]}}