{"id":350,"date":"2017-06-21T12:11:16","date_gmt":"2017-06-21T12:11:16","guid":{"rendered":"http:\/\/disseny.recursos.uoc.edu\/recursos\/dis-marca\/?page_id=350"},"modified":"2019-09-17T09:23:05","modified_gmt":"2019-09-17T09:23:05","slug":"5-trabajar-con-la-reticula-4","status":"publish","type":"page","link":"http:\/\/disseny.recursos.uoc.edu\/recursos\/dis-marca\/ca\/5-trabajar-con-la-reticula-4\/","title":{"rendered":"5. Treballar amb la ret\u00edcula"},"content":{"rendered":"<p><\/p>\n<h3>5.4. Tipus de ret\u00edcula<\/h3>\n<p>Hi ha infinitats de tipus de ret\u00edcula, tants com reparticions matem\u00e0tiques i proporcionals de l\u2019espai puguem concebre. Estructuralment, se sol parlar de ret\u00edcules formals, semiformals o informals (en funci\u00f3 de la flexibilitat de les seves l\u00ednies estructurals), actives o inactives (amb l\u00ednies estructurals conceptuals), invisibles o visibles (si les l\u00ednies estructurals existeixen com a l\u00ednies reals), etc.<\/p>\n<p>Tamb\u00e9 podem parlar de:<\/p>\n<ul>\n<li><strong>Ret\u00edcula de repetici\u00f3<\/strong>: els m\u00f2duls s\u00f3n col\u00b7locats regularment amb el mateix espai al voltant de cadascun, de manera que queda dividida en subdivisions de la mateixa forma i mida. Pot ser formal i activa o inactiva, visible o invisible. L\u2019estructura de repetici\u00f3 \u00e9s la m\u00e9s simple de totes.<\/li>\n<li><strong>Ret\u00edcula b\u00e0sica<\/strong>: la que es fa servir m\u00e9s sovint en les estructures de repetici\u00f3. Es compon de l\u00ednies verticals i horitzontals, proporcionalment col\u00b7locades i que es creuen entre si. Cada m\u00f2dul t\u00e9 un mateix espai al voltant. Es poden produir variacions segons canvis en les grand\u00e0ries, en la direcci\u00f3 (si les l\u00ednies s\u2019inclinen en un angle), lliscament, curvatura, reflexi\u00f3, etc.<\/li>\n<\/ul>\n<p>Simplificant, en disseny editorial podem parlar que la tradici\u00f3 cl\u00e0ssica atorga una columna als llibres, tres columnes a les revistes amb grand\u00e0ria propera a l\u2019A4 i cinc columnes als tabloides. No obstant aix\u00f2, la veritat \u00e9s que, per norma general, les ret\u00edcules estan molt per sobre d\u2019aquestes xifres. \u00c9s molt important tenir en compte que el nombre de columnes \u00e9s directament proporcional a la flexibilitat del disseny, \u00e9s a dir, que com m\u00e9s columnes hi hagi en la nostra composici\u00f3, m\u00e9s flexibles podran ser les posades en p\u00e0gina.<\/p>\n<h4>Ret\u00edcula simple, disseny senzill<\/h4>\n<p>Podem veure una ret\u00edcula simple a quatre columnes que dona lloc a un disseny estructurat i poc flexible. Les quatre columnes permeten repartir f\u00e0cilment l\u2019espai a la p\u00e0gina entre els diferents elements. Tot i que normalment tots els elements solen ajustar-se als espais marcats per les guies, n\u2019hi ha alguns que es permeten ocupar espais diferents de manera lliure. Recordem que la ret\u00edcula \u00e9s l\u2019esquelet de totes les maquetes, que hi \u00e9s per servir de guia i ordenar la feina, per\u00f2 que, a vegades, segons la flexibilitat del disseny o les necessitats de la maqueta, pot saltar-se o no aplicar-se de manera exhaustiva . L\u2019exemple pertany a la revista <em>Lecturas<\/em>.<\/p>\n<p><img loading=\"lazy\" class=\"img-responsive alignnone wp-image-1058 size-large\" src=\"http:\/\/disseny.recursos.uoc.edu\/recursos\/dis-marca\/wp-content\/uploads\/sites\/22\/2017\/06\/Lecturas-001-772x1024.jpg\" alt=\"\" width=\"772\" height=\"1024\" srcset=\"http:\/\/disseny.recursos.uoc.edu\/recursos\/dis-marca\/wp-content\/uploads\/sites\/22\/2017\/06\/Lecturas-001-772x1024.jpg 772w, http:\/\/disseny.recursos.uoc.edu\/recursos\/dis-marca\/wp-content\/uploads\/sites\/22\/2017\/06\/Lecturas-001-226x300.jpg 226w, http:\/\/disseny.recursos.uoc.edu\/recursos\/dis-marca\/wp-content\/uploads\/sites\/22\/2017\/06\/Lecturas-001-768x1019.jpg 768w, http:\/\/disseny.recursos.uoc.edu\/recursos\/dis-marca\/wp-content\/uploads\/sites\/22\/2017\/06\/Lecturas-001.jpg 1514w\" sizes=\"(max-width: 772px) 100vw, 772px\" \/><\/p>\n<p>En aquest cas, podem veure una composici\u00f3 de ret\u00edcula a tres columnes. El disseny \u00e9s calmat i elegant, correspon a la revista <em>Viajes<\/em>. Amb les tres columnes, s\u2019aconsegueix una amplada de columna \u00e0mplia, les fotos solen ser grans i els elements estan bastant ordenats.<\/p>\n<p><img loading=\"lazy\" class=\"img-responsive alignnone wp-image-1059 size-large\" src=\"http:\/\/disseny.recursos.uoc.edu\/recursos\/dis-marca\/wp-content\/uploads\/sites\/22\/2017\/06\/viajes-001-753x1024.jpg\" alt=\"\" width=\"753\" height=\"1024\" srcset=\"http:\/\/disseny.recursos.uoc.edu\/recursos\/dis-marca\/wp-content\/uploads\/sites\/22\/2017\/06\/viajes-001-753x1024.jpg 753w, http:\/\/disseny.recursos.uoc.edu\/recursos\/dis-marca\/wp-content\/uploads\/sites\/22\/2017\/06\/viajes-001-221x300.jpg 221w, http:\/\/disseny.recursos.uoc.edu\/recursos\/dis-marca\/wp-content\/uploads\/sites\/22\/2017\/06\/viajes-001-768x1044.jpg 768w, http:\/\/disseny.recursos.uoc.edu\/recursos\/dis-marca\/wp-content\/uploads\/sites\/22\/2017\/06\/viajes-001.jpg 1464w\" sizes=\"(max-width: 753px) 100vw, 753px\" \/><\/p>\n<p><img loading=\"lazy\" class=\"img-responsive alignnone wp-image-1060 size-large\" src=\"http:\/\/disseny.recursos.uoc.edu\/recursos\/dis-marca\/wp-content\/uploads\/sites\/22\/2017\/06\/viajes-002-753x1024.jpg\" alt=\"\" width=\"753\" height=\"1024\" srcset=\"http:\/\/disseny.recursos.uoc.edu\/recursos\/dis-marca\/wp-content\/uploads\/sites\/22\/2017\/06\/viajes-002-753x1024.jpg 753w, http:\/\/disseny.recursos.uoc.edu\/recursos\/dis-marca\/wp-content\/uploads\/sites\/22\/2017\/06\/viajes-002-221x300.jpg 221w, http:\/\/disseny.recursos.uoc.edu\/recursos\/dis-marca\/wp-content\/uploads\/sites\/22\/2017\/06\/viajes-002-768x1044.jpg 768w, http:\/\/disseny.recursos.uoc.edu\/recursos\/dis-marca\/wp-content\/uploads\/sites\/22\/2017\/06\/viajes-002.jpg 1464w\" sizes=\"(max-width: 753px) 100vw, 753px\" \/><\/p>\n<h4>Ret\u00edcula complexa, un disseny flexible<\/h4>\n<p>En aquest disseny de la revista <em>Woman<\/em>, podem observar una posada en p\u00e0gina a deu columnes. Aquestes columnes s\u00f3n molt estretes, de manera que una columna de text sempre n\u2019haur\u00e0 d\u2019ocupar un m\u00ednim de dues. Aquesta repartici\u00f3 de l\u2019espai fa que el disseny pugui ser m\u00e9s lliure i flexible, ja que les combinacions, a l\u2019hora d\u2019organitzar l\u2019\u00e0rea de treball, es multipliquin. En aquests reportatges, podem veure com una mateixa reixeta permet realitzar un disseny i una posada en p\u00e0gina totalment diferents. L&#8217;exemple pertany a una doble p\u00e0gina de la secci\u00f3 bellesa de la revista <em>Woman<\/em>.<\/p>\n<p>&nbsp;<\/p>\n<p><img loading=\"lazy\" class=\"img-responsive wp-image-833 size-large\" src=\"http:\/\/disseny.recursos.uoc.edu\/recursos\/dis-marca\/wp-content\/uploads\/sites\/22\/2017\/06\/20118_a5_005-1-777x1024.jpg\" alt=\"\" width=\"777\" height=\"1024\" srcset=\"http:\/\/disseny.recursos.uoc.edu\/recursos\/dis-marca\/wp-content\/uploads\/sites\/22\/2017\/06\/20118_a5_005-1-777x1024.jpg 777w, http:\/\/disseny.recursos.uoc.edu\/recursos\/dis-marca\/wp-content\/uploads\/sites\/22\/2017\/06\/20118_a5_005-1-228x300.jpg 228w, http:\/\/disseny.recursos.uoc.edu\/recursos\/dis-marca\/wp-content\/uploads\/sites\/22\/2017\/06\/20118_a5_005-1-768x1012.jpg 768w, http:\/\/disseny.recursos.uoc.edu\/recursos\/dis-marca\/wp-content\/uploads\/sites\/22\/2017\/06\/20118_a5_005-1.jpg 800w\" sizes=\"(max-width: 777px) 100vw, 777px\" \/><\/p>\n<p>En aquest exemple, tamb\u00e9 de la revista <em>Woman<\/em>, podem veure com amb un mateix repartiment de l\u2019espai en deu columnes podem crear un disseny totalment diferent.<\/p>\n<p><img loading=\"lazy\" class=\"img-responsive wp-image-835 size-large\" src=\"http:\/\/disseny.recursos.uoc.edu\/recursos\/dis-marca\/wp-content\/uploads\/sites\/22\/2017\/06\/20118_a5_006-1-758x1024.jpg\" alt=\"\" width=\"758\" height=\"1024\" srcset=\"http:\/\/disseny.recursos.uoc.edu\/recursos\/dis-marca\/wp-content\/uploads\/sites\/22\/2017\/06\/20118_a5_006-1-758x1024.jpg 758w, http:\/\/disseny.recursos.uoc.edu\/recursos\/dis-marca\/wp-content\/uploads\/sites\/22\/2017\/06\/20118_a5_006-1-222x300.jpg 222w, http:\/\/disseny.recursos.uoc.edu\/recursos\/dis-marca\/wp-content\/uploads\/sites\/22\/2017\/06\/20118_a5_006-1-768x1038.jpg 768w, http:\/\/disseny.recursos.uoc.edu\/recursos\/dis-marca\/wp-content\/uploads\/sites\/22\/2017\/06\/20118_a5_006-1.jpg 800w\" sizes=\"(max-width: 758px) 100vw, 758px\" \/><\/p>\n<h4>Quan el disseny no s\u2019ajusta a la ret\u00edcula<\/h4>\n<p>En aquests exemples de la revista <em>Autopista<\/em>, podem veure una reixeta complexa estructurada en sis columnes que, al seu torn, han estat dividides per la meitat amb guies, aconseguint una estructura final de 12 columnes molt estretes. En el cas de revistes t\u00e8cniques, en les quals l\u2019\u00fas de taules i fitxes de dades \u00e9s habitual, pot ser \u00fatil una compartimentaci\u00f3 tan estreta. En aquest cas en concret, si estudiem l\u2019\u00fas que es fa de l\u2019estructura de la ret\u00edcula, podr\u00edem dir que no \u00e9s adequat, ja que, tot i que permet espais proporcionals petits, les columnes del text general mai no coincideixen amb la ret\u00edcula base.<\/p>\n<p><img loading=\"lazy\" class=\"img-responsive alignnone wp-image-1061 size-large\" src=\"http:\/\/disseny.recursos.uoc.edu\/recursos\/dis-marca\/wp-content\/uploads\/sites\/22\/2017\/06\/AUTOPISTA-001-740x1024.jpg\" alt=\"\" width=\"740\" height=\"1024\" srcset=\"http:\/\/disseny.recursos.uoc.edu\/recursos\/dis-marca\/wp-content\/uploads\/sites\/22\/2017\/06\/AUTOPISTA-001-740x1024.jpg 740w, http:\/\/disseny.recursos.uoc.edu\/recursos\/dis-marca\/wp-content\/uploads\/sites\/22\/2017\/06\/AUTOPISTA-001-217x300.jpg 217w, http:\/\/disseny.recursos.uoc.edu\/recursos\/dis-marca\/wp-content\/uploads\/sites\/22\/2017\/06\/AUTOPISTA-001-768x1063.jpg 768w, http:\/\/disseny.recursos.uoc.edu\/recursos\/dis-marca\/wp-content\/uploads\/sites\/22\/2017\/06\/AUTOPISTA-001.jpg 1643w\" sizes=\"(max-width: 740px) 100vw, 740px\" \/> <img loading=\"lazy\" class=\"img-responsive alignnone wp-image-1064 size-large\" src=\"http:\/\/disseny.recursos.uoc.edu\/recursos\/dis-marca\/wp-content\/uploads\/sites\/22\/2017\/06\/AUTOPISTA-004-740x1024.jpg\" alt=\"\" width=\"740\" height=\"1024\" srcset=\"http:\/\/disseny.recursos.uoc.edu\/recursos\/dis-marca\/wp-content\/uploads\/sites\/22\/2017\/06\/AUTOPISTA-004-740x1024.jpg 740w, http:\/\/disseny.recursos.uoc.edu\/recursos\/dis-marca\/wp-content\/uploads\/sites\/22\/2017\/06\/AUTOPISTA-004-217x300.jpg 217w, http:\/\/disseny.recursos.uoc.edu\/recursos\/dis-marca\/wp-content\/uploads\/sites\/22\/2017\/06\/AUTOPISTA-004-768x1063.jpg 768w, http:\/\/disseny.recursos.uoc.edu\/recursos\/dis-marca\/wp-content\/uploads\/sites\/22\/2017\/06\/AUTOPISTA-004.jpg 1643w\" sizes=\"(max-width: 740px) 100vw, 740px\" \/> <img loading=\"lazy\" class=\"img-responsive alignnone wp-image-1063 size-large\" src=\"http:\/\/disseny.recursos.uoc.edu\/recursos\/dis-marca\/wp-content\/uploads\/sites\/22\/2017\/06\/AUTOPISTA-003-740x1024.jpg\" alt=\"\" width=\"740\" height=\"1024\" srcset=\"http:\/\/disseny.recursos.uoc.edu\/recursos\/dis-marca\/wp-content\/uploads\/sites\/22\/2017\/06\/AUTOPISTA-003-740x1024.jpg 740w, http:\/\/disseny.recursos.uoc.edu\/recursos\/dis-marca\/wp-content\/uploads\/sites\/22\/2017\/06\/AUTOPISTA-003-217x300.jpg 217w, http:\/\/disseny.recursos.uoc.edu\/recursos\/dis-marca\/wp-content\/uploads\/sites\/22\/2017\/06\/AUTOPISTA-003-768x1063.jpg 768w, http:\/\/disseny.recursos.uoc.edu\/recursos\/dis-marca\/wp-content\/uploads\/sites\/22\/2017\/06\/AUTOPISTA-003.jpg 1643w\" sizes=\"(max-width: 740px) 100vw, 740px\" \/> <img loading=\"lazy\" class=\"img-responsive alignnone wp-image-1062 size-large\" src=\"http:\/\/disseny.recursos.uoc.edu\/recursos\/dis-marca\/wp-content\/uploads\/sites\/22\/2017\/06\/AUTOPISTA-002-740x1024.jpg\" alt=\"\" width=\"740\" height=\"1024\" srcset=\"http:\/\/disseny.recursos.uoc.edu\/recursos\/dis-marca\/wp-content\/uploads\/sites\/22\/2017\/06\/AUTOPISTA-002-740x1024.jpg 740w, http:\/\/disseny.recursos.uoc.edu\/recursos\/dis-marca\/wp-content\/uploads\/sites\/22\/2017\/06\/AUTOPISTA-002-217x300.jpg 217w, http:\/\/disseny.recursos.uoc.edu\/recursos\/dis-marca\/wp-content\/uploads\/sites\/22\/2017\/06\/AUTOPISTA-002-768x1063.jpg 768w, http:\/\/disseny.recursos.uoc.edu\/recursos\/dis-marca\/wp-content\/uploads\/sites\/22\/2017\/06\/AUTOPISTA-002.jpg 1643w\" sizes=\"(max-width: 740px) 100vw, 740px\" \/><\/p>\n<p>Aqu\u00ed tenim un exemple d\u2019un \u00fas poc apropiat de ret\u00edcula. La maqueta t\u00e9 vuit columnes, encara que el plantejament del disseny correspon a un repartiment d\u2019espai en quatre. La columna de text \u00e9s l\u2019\u00fanica cosa que encaixa en l\u2019amplada de dues columnes, per\u00f2 els espais que es creen s\u00f3n tan estrets que cap dels altres elements est\u00e0 ajustat a les guies. Podr\u00edem dir que el disseny no es correspon amb aquesta ret\u00edcula. Aquestes p\u00e0gines pertanyen al suplement\u00a0<i>Lecturas Pr\u00e1ctica<\/i>.<\/p>\n<p><img loading=\"lazy\" class=\"alignnone size-full wp-image-1065 img-responsive\" src=\"http:\/\/disseny.recursos.uoc.edu\/recursos\/dis-marca\/wp-content\/uploads\/sites\/22\/2017\/06\/Practica-001.jpg\" alt=\"\" width=\"1282\" height=\"1693\" srcset=\"http:\/\/disseny.recursos.uoc.edu\/recursos\/dis-marca\/wp-content\/uploads\/sites\/22\/2017\/06\/Practica-001.jpg 1282w, http:\/\/disseny.recursos.uoc.edu\/recursos\/dis-marca\/wp-content\/uploads\/sites\/22\/2017\/06\/Practica-001-227x300.jpg 227w, http:\/\/disseny.recursos.uoc.edu\/recursos\/dis-marca\/wp-content\/uploads\/sites\/22\/2017\/06\/Practica-001-768x1014.jpg 768w, http:\/\/disseny.recursos.uoc.edu\/recursos\/dis-marca\/wp-content\/uploads\/sites\/22\/2017\/06\/Practica-001-775x1024.jpg 775w\" sizes=\"(max-width: 1282px) 100vw, 1282px\" \/><\/p>\n<p>&nbsp;<\/p>","protected":false},"excerpt":{"rendered":"<p>5.4. Tipus de ret\u00edcula Hi ha infinitats de tipus de ret\u00edcula, tants com reparticions matem\u00e0tiques i proporcionals de l\u2019espai puguem concebre. Estructuralment, se sol parlar de ret\u00edcules formals, semiformals o informals (en funci\u00f3 de la flexibilitat de les seves l\u00ednies estructurals), actives o inactives (amb l\u00ednies estructurals conceptuals), invisibles o visibles (si les l\u00ednies estructurals [&hellip;]<\/p>\n","protected":false},"author":1,"featured_media":0,"parent":0,"menu_order":0,"comment_status":"closed","ping_status":"closed","template":"","meta":[],"acf":[],"_links":{"self":[{"href":"http:\/\/disseny.recursos.uoc.edu\/recursos\/dis-marca\/ca\/wp-json\/wp\/v2\/pages\/350"}],"collection":[{"href":"http:\/\/disseny.recursos.uoc.edu\/recursos\/dis-marca\/ca\/wp-json\/wp\/v2\/pages"}],"about":[{"href":"http:\/\/disseny.recursos.uoc.edu\/recursos\/dis-marca\/ca\/wp-json\/wp\/v2\/types\/page"}],"author":[{"embeddable":true,"href":"http:\/\/disseny.recursos.uoc.edu\/recursos\/dis-marca\/ca\/wp-json\/wp\/v2\/users\/1"}],"replies":[{"embeddable":true,"href":"http:\/\/disseny.recursos.uoc.edu\/recursos\/dis-marca\/ca\/wp-json\/wp\/v2\/comments?post=350"}],"version-history":[{"count":30,"href":"http:\/\/disseny.recursos.uoc.edu\/recursos\/dis-marca\/ca\/wp-json\/wp\/v2\/pages\/350\/revisions"}],"predecessor-version":[{"id":1211,"href":"http:\/\/disseny.recursos.uoc.edu\/recursos\/dis-marca\/ca\/wp-json\/wp\/v2\/pages\/350\/revisions\/1211"}],"wp:attachment":[{"href":"http:\/\/disseny.recursos.uoc.edu\/recursos\/dis-marca\/ca\/wp-json\/wp\/v2\/media?parent=350"}],"curies":[{"name":"wp","href":"https:\/\/api.w.org\/{rel}","templated":true}]}}