{"id":270,"date":"2017-06-21T10:55:10","date_gmt":"2017-06-21T10:55:10","guid":{"rendered":"http:\/\/disseny.recursos.uoc.edu\/recursos\/dis-marca\/?page_id=270"},"modified":"2017-07-13T09:15:27","modified_gmt":"2017-07-13T09:15:27","slug":"3-fotografias-e-imagenes-6","status":"publish","type":"page","link":"http:\/\/disseny.recursos.uoc.edu\/recursos\/dis-marca\/ca\/3-fotografias-e-imagenes-6\/","title":{"rendered":"3. Fotografies i imatges"},"content":{"rendered":"<p><\/p>\n<h3>3.3. L\u2019origen de les imatges<\/h3>\n<p>Una cosa molt important que cal tenir en compte \u00e9s que les imatges solen tenir un autor i que no tota foto que arribi a les nostres mans es pot fer servir lliurement. Quan es compra una imatge, el que s\u2019est\u00e0 fent \u00e9s \u00abpagar per una llic\u00e8ncia d\u2019\u00fas\u00bb. Les llic\u00e8ncies habituals d\u2019aquests productes solen ser amb gesti\u00f3 de recursos (la foto es compra per a un \u00fas concret en un mitj\u00e0 concret), lliures de drets (comprem la foto per a utilitzar-la totes les vegades que vulguem) o d\u2019\u00fas lliure. En el m\u00f3n editorial les imatges poden provenir de diferents fonts: autors concrets, ag\u00e8ncies d\u2019imatges, bancs de fotos gratu\u00efts, etc.<\/p>\n<h3>3.3.1. Imatges d\u2019autor<\/h3>\n<p>Un fot\u00f2graf professional que \u00e9s contractat per a dur a terme la sessi\u00f3 fotogr\u00e0fica o a qui es compra la imatge en qu\u00e8 s\u2019est\u00e0 interessat.<\/p>","protected":false},"excerpt":{"rendered":"<p>3.3. L\u2019origen de les imatges Una cosa molt important que cal tenir en compte \u00e9s que les imatges solen tenir un autor i que no tota foto que arribi a les nostres mans es pot fer servir lliurement. Quan es compra una imatge, el que s\u2019est\u00e0 fent \u00e9s \u00abpagar per una llic\u00e8ncia d\u2019\u00fas\u00bb. Les llic\u00e8ncies [&hellip;]<\/p>\n","protected":false},"author":1,"featured_media":0,"parent":0,"menu_order":0,"comment_status":"closed","ping_status":"closed","template":"","meta":[],"acf":[],"_links":{"self":[{"href":"http:\/\/disseny.recursos.uoc.edu\/recursos\/dis-marca\/ca\/wp-json\/wp\/v2\/pages\/270"}],"collection":[{"href":"http:\/\/disseny.recursos.uoc.edu\/recursos\/dis-marca\/ca\/wp-json\/wp\/v2\/pages"}],"about":[{"href":"http:\/\/disseny.recursos.uoc.edu\/recursos\/dis-marca\/ca\/wp-json\/wp\/v2\/types\/page"}],"author":[{"embeddable":true,"href":"http:\/\/disseny.recursos.uoc.edu\/recursos\/dis-marca\/ca\/wp-json\/wp\/v2\/users\/1"}],"replies":[{"embeddable":true,"href":"http:\/\/disseny.recursos.uoc.edu\/recursos\/dis-marca\/ca\/wp-json\/wp\/v2\/comments?post=270"}],"version-history":[{"count":4,"href":"http:\/\/disseny.recursos.uoc.edu\/recursos\/dis-marca\/ca\/wp-json\/wp\/v2\/pages\/270\/revisions"}],"predecessor-version":[{"id":681,"href":"http:\/\/disseny.recursos.uoc.edu\/recursos\/dis-marca\/ca\/wp-json\/wp\/v2\/pages\/270\/revisions\/681"}],"wp:attachment":[{"href":"http:\/\/disseny.recursos.uoc.edu\/recursos\/dis-marca\/ca\/wp-json\/wp\/v2\/media?parent=270"}],"curies":[{"name":"wp","href":"https:\/\/api.w.org\/{rel}","templated":true}]}}