{"id":24,"date":"2017-06-20T12:01:18","date_gmt":"2017-06-20T12:01:18","guid":{"rendered":"http:\/\/disseny.recursos.uoc.edu\/recursos\/dis-marca\/?page_id=24"},"modified":"2017-06-28T12:14:13","modified_gmt":"2017-06-28T12:14:13","slug":"1-introduccion-al-proceso-de-diseno-editorial","status":"publish","type":"page","link":"http:\/\/disseny.recursos.uoc.edu\/recursos\/dis-marca\/ca\/1-introduccion-al-proceso-de-diseno-editorial\/","title":{"rendered":"1. Introducci\u00f3 al proc\u00e9s de disseny editorial"},"content":{"rendered":"<p><\/p>\n<h3>1.1. El disseny com a eina de comunicaci\u00f3<\/h3>\n<p>El disseny editorial podria ser definit d\u2019una manera simple com la conjunci\u00f3 d\u2019imatges i textos (maquetaci\u00f3) de forma est\u00e8tica amb la finalitat de comunicar alguna cosa. Per aquest motiu, acostuma a ser considerat un tipus de periodisme visual, ja que el dissenyador s\u2019ha de convertir en comunicador i aconseguir que, mitjan\u00e7ant els seus dissenys, s\u2019aconsegueixi transmetre un missatge i una s\u00e8rie de sensacions, sigui amb la finalitat d\u2019informar o d\u2019entretenir. El disseny editorial s\u2019especialitza en la creaci\u00f3 de publicacions, generalment peri\u00f2diques, en totes les seves variants.<\/p>\n<div class=\"cita\">\u00abEl disseny gr\u00e0fic \u00e9s senzill, per aix\u00f2 \u00e9s tan complicat\u00bb (Paul Rand).<\/div>\n<p>Dissenyar \u00e9s una cosa relativament senzilla (la definici\u00f3 explica que n\u2019hi ha prou d\u2019ajuntar textos i imatges), per\u00f2 fer-ho b\u00e9, amb gust i de manera efectiva \u00e9s quelcom que costa temps aprendre, ja que millorar i aprofundir en l\u2019\u00fas adequat de tots els elements s\u2019aconsegueix amb la pr\u00e0ctica.<\/p>\n<p>Per a poder gestionar amb soltesa la resoluci\u00f3 d\u2019un disseny editorial s\u2019ha de tenir un maneig avan\u00e7at de les eines de maquetaci\u00f3 com InDesign o QuarkXPress, un profund coneixement dels diversos elements que componen la maqueta (com les tipografies, les imatges o els diferents recursos gr\u00e0fics), una consci\u00e8ncia de l\u2019espai a la p\u00e0gina (cosa per a la qual es fan servir ret\u00edcules) i saber que, en certa manera, les possibilitats d\u2019una posada en p\u00e0gina s\u00f3n infinites. Ser conscient que no hi ha una sola manera de dur a terme un projecte pot provocar cert vertigen, sobretot al comen\u00e7ament d\u2019un treball. \u00c9s normal. \u00c9s important tenir clar que en la resoluci\u00f3 d\u2019un disseny hi pot haver posades en p\u00e0gina m\u00e9s adequades, m\u00e9s intel\u00b7ligibles, m\u00e9s directes, m\u00e9s boniques o est\u00e8tiques, etc., per\u00f2 que sempre hi ha noves maneres de resoldre la composici\u00f3. El dissenyador ha de prendre les decisions correctes per a guiar el lector i que la seva proposta resulti funcional i atractiva gr\u00e0ficament.<\/p>\n<p>Dissenyar \u00e9s crear, i el dissenyador s\u2019ha de sentir lliure a l\u2019hora de proposar o investigar. El proc\u00e9s creatiu en un producte editorial mai no s\u2019acaba, perqu\u00e8 a mesura que el projecte va definint la seva personalitat, el dissenyador el pot anar enriquint gr\u00e0ficament, millorant-lo, etc., al mateix temps que va entenent com funciona. En disseny editorial, aquesta renovaci\u00f3 constant \u00e9s molt important perqu\u00e8 els productes no acabin resultant mon\u00f2tons o avorrits. En el m\u00f3n editorial col\u00b7loquialment es diu que \u00abuna revista est\u00e0 viva\u00bb perqu\u00e8 no deixa de semblar un \u00e9sser en evoluci\u00f3 cont\u00ednua.<\/p>\n<p>Abans de passar al proc\u00e9s de creaci\u00f3, cal posar l\u2019accent en el fet que l\u2019execuci\u00f3 d\u2019un producte editorial no \u00e9s una tasca que impliqui \u00fanicament el dissenyador. Com en la majoria dels treballs de disseny, darrere de tot projecte hi ha un client, un editor que emet l\u2019enc\u00e0rrec.<\/p>\n<div class=\"definicio\">L\u2019elaboraci\u00f3 d\u2019un disseny ha de ser el resultat d\u2019un treball en equip entre client, editor i dissenyador.<\/div>\n<p>El client ha de definir quin tipus de producte vol i quins continguts ha de tenir, i el dissenyador ha de saber interpretar qu\u00e8 \u00e9s el que ha de dissenyar.<\/p>\n<div class=\"cita\">\u00abEl contingut precedeix el disseny. Dissenyar en abs\u00e8ncia de contingut no \u00e9s disseny, \u00e9s decoraci\u00f3\u00bb (Jeffrey Zeldman).<\/div>\n<p>De la qualitat d\u2019aquest enteniment, de l\u2019assimilaci\u00f3 dels objectius del que es vol fer i de la interioritzaci\u00f3 del que es vol comunicar amb el producte dep\u00e8n l\u2019\u00e8xit del nostre projecte. Si disposem d\u2019un coneixement adequat de les eines i recursos del disseny gr\u00e0fic i tenim clar quin \u00e9s l\u2019enc\u00e0rrec que tenim entre mans, l\u2019\u00fanica cosa que ens queda \u00e9s posar-nos a treballar.<\/p>\n<div class=\"cita\">\n<p>\u00abEls millors dissenyadors s\u00f3n, primer, gent interessant. Llestos, divertits i curiosos. Primer, apr\u00e8n de tot. Despr\u00e9s, oblida-ho. I llavors, posa\u2019t a dissenyar\u00bb (James Victore).<\/p>\n<\/div>\n<p><\/p>","protected":false},"excerpt":{"rendered":"<p>1.1. El disseny com a eina de comunicaci\u00f3 El disseny editorial podria ser definit d\u2019una manera simple com la conjunci\u00f3 d\u2019imatges i textos (maquetaci\u00f3) de forma est\u00e8tica amb la finalitat de comunicar alguna cosa. Per aquest motiu, acostuma a ser considerat un tipus de periodisme visual, ja que el dissenyador s\u2019ha de convertir en comunicador [&hellip;]<\/p>\n","protected":false},"author":1,"featured_media":0,"parent":0,"menu_order":0,"comment_status":"closed","ping_status":"closed","template":"","meta":[],"acf":[],"_links":{"self":[{"href":"http:\/\/disseny.recursos.uoc.edu\/recursos\/dis-marca\/ca\/wp-json\/wp\/v2\/pages\/24"}],"collection":[{"href":"http:\/\/disseny.recursos.uoc.edu\/recursos\/dis-marca\/ca\/wp-json\/wp\/v2\/pages"}],"about":[{"href":"http:\/\/disseny.recursos.uoc.edu\/recursos\/dis-marca\/ca\/wp-json\/wp\/v2\/types\/page"}],"author":[{"embeddable":true,"href":"http:\/\/disseny.recursos.uoc.edu\/recursos\/dis-marca\/ca\/wp-json\/wp\/v2\/users\/1"}],"replies":[{"embeddable":true,"href":"http:\/\/disseny.recursos.uoc.edu\/recursos\/dis-marca\/ca\/wp-json\/wp\/v2\/comments?post=24"}],"version-history":[{"count":5,"href":"http:\/\/disseny.recursos.uoc.edu\/recursos\/dis-marca\/ca\/wp-json\/wp\/v2\/pages\/24\/revisions"}],"predecessor-version":[{"id":522,"href":"http:\/\/disseny.recursos.uoc.edu\/recursos\/dis-marca\/ca\/wp-json\/wp\/v2\/pages\/24\/revisions\/522"}],"wp:attachment":[{"href":"http:\/\/disseny.recursos.uoc.edu\/recursos\/dis-marca\/ca\/wp-json\/wp\/v2\/media?parent=24"}],"curies":[{"name":"wp","href":"https:\/\/api.w.org\/{rel}","templated":true}]}}