{"id":237,"date":"2017-06-21T10:17:05","date_gmt":"2017-06-21T10:17:05","guid":{"rendered":"http:\/\/disseny.recursos.uoc.edu\/recursos\/dis-marca\/?page_id=237"},"modified":"2017-08-30T07:44:01","modified_gmt":"2017-08-30T07:44:01","slug":"3-fotografias-e-imagenes-2","status":"publish","type":"page","link":"http:\/\/disseny.recursos.uoc.edu\/recursos\/dis-marca\/ca\/3-fotografias-e-imagenes-2\/","title":{"rendered":"3. Fotografies i imatges"},"content":{"rendered":"<p><\/p>\n<h3>3.1. La foto<\/h3>\n<h3>3.1.2. Tipus d\u2019imatges en revistes<\/h3>\n<p>Dins del disseny de revistes podem delimitar unes categories gen\u00e8riques amb les quals hem d\u2019estar familiaritzats a l\u2019hora de treballar en una editorial. No vol dir que siguin les \u00faniques que existeixen, per\u00f2 s\u00ed que s\u00f3n les m\u00e9s habituals.<\/p>\n<h4>3.1.2.1. El reportatge<\/h4>\n<p>En la fotografia de reportatge, el que s\u2019intenta \u00e9s explicar una hist\u00f2ria amb una s\u00e8rie d\u2019imatges que han de ser informatives i que poden ser documentals. Els reportatges tenen una narraci\u00f3, i les imatges han d\u2019acompanyar aquest text al mateix temps que il\u00b7lustren de manera est\u00e8tica el que s\u2019est\u00e0 explicant. En funci\u00f3 del tipus de reportatge que estiguem desenvolupant, la fotografia adequada per a il\u00b7lustrar-lo ser\u00e0 una o una altra.<\/p>\n<div id=\"attachment_874\" style=\"width: 3116px\" class=\"wp-caption alignnone\"><img aria-describedby=\"caption-attachment-874\" loading=\"lazy\" class=\"img-responsive wp-image-874 size-full\" src=\"http:\/\/disseny.recursos.uoc.edu\/recursos\/dis-marca\/wp-content\/uploads\/sites\/22\/2017\/06\/01-reportaje.jpg\" alt=\"\" width=\"3106\" height=\"5991\" srcset=\"http:\/\/disseny.recursos.uoc.edu\/recursos\/dis-marca\/wp-content\/uploads\/sites\/22\/2017\/06\/01-reportaje.jpg 3106w, http:\/\/disseny.recursos.uoc.edu\/recursos\/dis-marca\/wp-content\/uploads\/sites\/22\/2017\/06\/01-reportaje-156x300.jpg 156w, http:\/\/disseny.recursos.uoc.edu\/recursos\/dis-marca\/wp-content\/uploads\/sites\/22\/2017\/06\/01-reportaje-768x1481.jpg 768w, http:\/\/disseny.recursos.uoc.edu\/recursos\/dis-marca\/wp-content\/uploads\/sites\/22\/2017\/06\/01-reportaje-531x1024.jpg 531w\" sizes=\"(max-width: 3106px) 100vw, 3106px\" \/><p id=\"caption-attachment-874\" class=\"wp-caption-text\">Reportatge elaborat per a la revista <em>Woman<\/em>.<\/p><\/div>\n<h4>3.1.2.2. La fotonot\u00edcia<\/h4>\n<p>Es considera fotonot\u00edcia una imatge de gran impacte per si mateixa, independentment del text que l\u2019acompanya. La seva c\u00e0rrega emocional \u00e9s tan forta que el que es busca \u00e9s cridar l\u2019atenci\u00f3 i provocar un sentiment en l\u2019espectador.<\/p>\n<h4>3.1.2.3. El retrat<\/h4>\n<p>La seva funci\u00f3 \u00e9s reproduir l\u2019aspecte f\u00edsic d\u2019una persona, intentant que no sigui una imatge plana, sin\u00f3 que tamb\u00e9 transmeti trets de la seva personalitat o del seu estat d\u2019\u00e0nim.<\/p>\n<div id=\"attachment_241\" style=\"width: 460px\" class=\"wp-caption alignnone\"><img aria-describedby=\"caption-attachment-241\" loading=\"lazy\" class=\"img-responsive wp-image-241 size-full\" src=\"http:\/\/disseny.recursos.uoc.edu\/recursos\/dis-marca\/wp-content\/uploads\/sites\/22\/2017\/06\/20118_a3_002.jpg\" alt=\"\" width=\"450\" height=\"454\" srcset=\"http:\/\/disseny.recursos.uoc.edu\/recursos\/dis-marca\/wp-content\/uploads\/sites\/22\/2017\/06\/20118_a3_002.jpg 450w, http:\/\/disseny.recursos.uoc.edu\/recursos\/dis-marca\/wp-content\/uploads\/sites\/22\/2017\/06\/20118_a3_002-150x150.jpg 150w, http:\/\/disseny.recursos.uoc.edu\/recursos\/dis-marca\/wp-content\/uploads\/sites\/22\/2017\/06\/20118_a3_002-297x300.jpg 297w\" sizes=\"(max-width: 450px) 100vw, 450px\" \/><p id=\"caption-attachment-241\" class=\"wp-caption-text\">Exemples de retrats de personatges. En el primer, Adele en una entrevista per a <em>Rolling Stone<\/em>. En el segon, un retrat de la dissenyadora de joies Raquel Moreno per a la revista <em>Woman<\/em>. Finalment, un retrat de Benedict Cumberbatch per a la portada de la revista <em>Time<\/em>.<\/p><\/div>\n<h4>3.1.2.4. La fotoil\u00b7lustraci\u00f3<\/h4>\n<p>\u00c9s una imatge generada expressament per a il\u00b7lustrar un tema. Pot ser una manipulaci\u00f3 sobre una imatge o una il\u00b7lustraci\u00f3 generada de diverses fotos. La imaginaci\u00f3 \u00e9s la que mana, i hi ha nombrosos exemples de resolucions molt est\u00e8tiques.<\/p>\n<div id=\"attachment_877\" style=\"width: 2644px\" class=\"wp-caption alignnone\"><img aria-describedby=\"caption-attachment-877\" loading=\"lazy\" class=\"img-responsive wp-image-877 size-full\" src=\"http:\/\/disseny.recursos.uoc.edu\/recursos\/dis-marca\/wp-content\/uploads\/sites\/22\/2017\/06\/03-fotoilustracion.jpg\" alt=\"\" width=\"2634\" height=\"950\" srcset=\"http:\/\/disseny.recursos.uoc.edu\/recursos\/dis-marca\/wp-content\/uploads\/sites\/22\/2017\/06\/03-fotoilustracion.jpg 2634w, http:\/\/disseny.recursos.uoc.edu\/recursos\/dis-marca\/wp-content\/uploads\/sites\/22\/2017\/06\/03-fotoilustracion-300x108.jpg 300w, http:\/\/disseny.recursos.uoc.edu\/recursos\/dis-marca\/wp-content\/uploads\/sites\/22\/2017\/06\/03-fotoilustracion-768x277.jpg 768w, http:\/\/disseny.recursos.uoc.edu\/recursos\/dis-marca\/wp-content\/uploads\/sites\/22\/2017\/06\/03-fotoilustracion-1024x369.jpg 1024w\" sizes=\"(max-width: 2634px) 100vw, 2634px\" \/><p id=\"caption-attachment-877\" class=\"wp-caption-text\">Exemples de portades de <em>Metropoli<\/em>, <em>Quo<\/em> i <em>Babelia<\/em> amb fotoil\u00b7lustraci\u00f3.<\/p><\/div>\n<h4>3.1.2.5. La producci\u00f3 o editorial de moda<\/h4>\n<p>Una producci\u00f3 de moda es refereix a \u00abcrear\u00bb una s\u00e8rie d\u2019imatges al voltant d\u2019una inspiraci\u00f3 o tend\u00e8ncia. La creaci\u00f3 d\u2019aquests reportatges comporta molta feina i un gran equip de gent. L\u2019origen de tot \u00e9s una idea o inspiraci\u00f3, a partir de la qual s\u2019esbossen una s\u00e8rie de fotografies de qualitat, que pretenen sorprendre i mostrar un quadre idealitzat, al mateix temps que serveixen d\u2019aparador per a ensenyar peces de moda. Solen tenir una posada en escena complexa i cuidada (hi ha un equip de producci\u00f3 darrere que s\u2019encarrega de buscar localitzacions i organitzar-ho tot); pot haver-hi un director art\u00edstic que, juntament amb la direcci\u00f3 editorial, desenvolupi la idea; un equip d\u2019estilistes, les models i el fot\u00f2graf. El treball de tots i la qualitat del resultat poden fer de l\u2019editorial tota una manifestaci\u00f3 art\u00edstica. De vegades, el nexe de tot plegat pot ser una tend\u00e8ncia (\u00abes porten els colors fluor\u00bb), explicar una hist\u00f2ria (un enamorament, un viatge, etc.) o buscar una inspiraci\u00f3 en temes externs, com ara una pel\u00b7l\u00edcula, un pintor, etc.<\/p>\n<div id=\"attachment_880\" style=\"width: 699px\" class=\"wp-caption alignnone\"><img aria-describedby=\"caption-attachment-880\" loading=\"lazy\" class=\"img-responsive wp-image-880 size-full\" src=\"http:\/\/disseny.recursos.uoc.edu\/recursos\/dis-marca\/wp-content\/uploads\/sites\/22\/2017\/06\/04-editorialmoda1.jpg\" alt=\"\" width=\"689\" height=\"1372\" srcset=\"http:\/\/disseny.recursos.uoc.edu\/recursos\/dis-marca\/wp-content\/uploads\/sites\/22\/2017\/06\/04-editorialmoda1.jpg 689w, http:\/\/disseny.recursos.uoc.edu\/recursos\/dis-marca\/wp-content\/uploads\/sites\/22\/2017\/06\/04-editorialmoda1-151x300.jpg 151w, http:\/\/disseny.recursos.uoc.edu\/recursos\/dis-marca\/wp-content\/uploads\/sites\/22\/2017\/06\/04-editorialmoda1-514x1024.jpg 514w\" sizes=\"(max-width: 689px) 100vw, 689px\" \/><p id=\"caption-attachment-880\" class=\"wp-caption-text\">En l\u2019exemple podem veure un bonic editorial de moda dut a terme per Annie Leibovitz per a la revista <em>Vogue<\/em> i inspirat en <em>Al\u00edcia en el Pa\u00eds de les Meravelles<\/em>, de Lewis Carroll.<\/p><\/div>\n<div id=\"attachment_922\" style=\"width: 1618px\" class=\"wp-caption alignnone\"><img aria-describedby=\"caption-attachment-922\" loading=\"lazy\" class=\"img-responsive wp-image-922 size-full\" src=\"http:\/\/disseny.recursos.uoc.edu\/recursos\/dis-marca\/wp-content\/uploads\/sites\/22\/2017\/06\/04-editorialmoda2-2.jpg\" alt=\"\" width=\"1608\" height=\"3086\" srcset=\"http:\/\/disseny.recursos.uoc.edu\/recursos\/dis-marca\/wp-content\/uploads\/sites\/22\/2017\/06\/04-editorialmoda2-2.jpg 1608w, http:\/\/disseny.recursos.uoc.edu\/recursos\/dis-marca\/wp-content\/uploads\/sites\/22\/2017\/06\/04-editorialmoda2-2-156x300.jpg 156w, http:\/\/disseny.recursos.uoc.edu\/recursos\/dis-marca\/wp-content\/uploads\/sites\/22\/2017\/06\/04-editorialmoda2-2-768x1474.jpg 768w, http:\/\/disseny.recursos.uoc.edu\/recursos\/dis-marca\/wp-content\/uploads\/sites\/22\/2017\/06\/04-editorialmoda2-2-534x1024.jpg 534w\" sizes=\"(max-width: 1608px) 100vw, 1608px\" \/><p id=\"caption-attachment-922\" class=\"wp-caption-text\">En aquest cas podem veure una producci\u00f3 al voltant de la tend\u00e8ncia \u00abratlles\u00bb, amb inspiraci\u00f3 circense, duta a terme pel fot\u00f2graf Eugenio Recuenco per a la revista <em>Woman<\/em>.<\/p><\/div>\n<h4>3.1.2.6. La natura morta<\/h4>\n<p>\u00c9s la fotografia d\u2019objectes inanimats ordenats d\u2019una manera concreta en un espai determinat. Normalment es busca servir d\u2019aparador dels objectes que es mostren de manera est\u00e8tica. En revistes de gamma alta es creen imatges imaginatives i efectistes en les quals es juga amb la llum, els cromatismes i l\u2019<em>attrezzo <\/em>per a aconseguir imatges belles i interessants.<\/p>\n<div id=\"attachment_247\" style=\"width: 650px\" class=\"wp-caption alignnone\"><img aria-describedby=\"caption-attachment-247\" loading=\"lazy\" class=\"img-responsive wp-image-247 size-full\" src=\"http:\/\/disseny.recursos.uoc.edu\/recursos\/dis-marca\/wp-content\/uploads\/sites\/22\/2017\/06\/20118_a3_006.jpg\" alt=\"\" width=\"640\" height=\"427\" srcset=\"http:\/\/disseny.recursos.uoc.edu\/recursos\/dis-marca\/wp-content\/uploads\/sites\/22\/2017\/06\/20118_a3_006.jpg 640w, http:\/\/disseny.recursos.uoc.edu\/recursos\/dis-marca\/wp-content\/uploads\/sites\/22\/2017\/06\/20118_a3_006-300x200.jpg 300w\" sizes=\"(max-width: 640px) 100vw, 640px\" \/><p id=\"caption-attachment-247\" class=\"wp-caption-text\">Natures mortes de joies amb inspiraci\u00f3 marina, elaborades per a la revista <em>Woman<\/em>.<\/p><\/div>\n<div id=\"attachment_248\" style=\"width: 650px\" class=\"wp-caption alignnone\"><img aria-describedby=\"caption-attachment-248\" loading=\"lazy\" class=\"img-responsive wp-image-248 size-full\" src=\"http:\/\/disseny.recursos.uoc.edu\/recursos\/dis-marca\/wp-content\/uploads\/sites\/22\/2017\/06\/20118_a3_007.jpg\" alt=\"\" width=\"640\" height=\"204\" srcset=\"http:\/\/disseny.recursos.uoc.edu\/recursos\/dis-marca\/wp-content\/uploads\/sites\/22\/2017\/06\/20118_a3_007.jpg 640w, http:\/\/disseny.recursos.uoc.edu\/recursos\/dis-marca\/wp-content\/uploads\/sites\/22\/2017\/06\/20118_a3_007-300x96.jpg 300w\" sizes=\"(max-width: 640px) 100vw, 640px\" \/><p id=\"caption-attachment-248\" class=\"wp-caption-text\">Idees de natures mortes de bellesa de les revistes <em>Flare<\/em>, <em>Glamour<\/em>, <em>Elle<\/em> i <em>GQ<\/em>.<\/p><\/div>\n<h4>3.1.2.7. La silueta<\/h4>\n<p>S\u00f3n fotos d\u2019objectes fetes sense fons ni context per a un \u00fas gr\u00e0fic espec\u00edfic. Moltes siluetes s\u2019utilitzen en cat\u00e0legs, per\u00f2 tamb\u00e9 donen molt de joc en altres contextos gr\u00e0fics.<\/p>\n<div id=\"attachment_249\" style=\"width: 650px\" class=\"wp-caption alignnone\"><img aria-describedby=\"caption-attachment-249\" loading=\"lazy\" class=\"img-responsive wp-image-249 size-full\" src=\"http:\/\/disseny.recursos.uoc.edu\/recursos\/dis-marca\/wp-content\/uploads\/sites\/22\/2017\/06\/20118_a3_008.jpg\" alt=\"\" width=\"640\" height=\"388\" srcset=\"http:\/\/disseny.recursos.uoc.edu\/recursos\/dis-marca\/wp-content\/uploads\/sites\/22\/2017\/06\/20118_a3_008.jpg 640w, http:\/\/disseny.recursos.uoc.edu\/recursos\/dis-marca\/wp-content\/uploads\/sites\/22\/2017\/06\/20118_a3_008-300x182.jpg 300w\" sizes=\"(max-width: 640px) 100vw, 640px\" \/><p id=\"caption-attachment-249\" class=\"wp-caption-text\">Reportatge de moda de la revista <em>Haper\u2019s Bazaar<\/em>, un disseny a partir de siluetes resolt de manera original i est\u00e8tica.<\/p><\/div>\n<div id=\"attachment_251\" style=\"width: 614px\" class=\"wp-caption alignnone\"><img aria-describedby=\"caption-attachment-251\" loading=\"lazy\" class=\"img-responsive wp-image-251 size-full\" src=\"http:\/\/disseny.recursos.uoc.edu\/recursos\/dis-marca\/wp-content\/uploads\/sites\/22\/2017\/06\/20118_a3_009.jpg\" alt=\"\" width=\"604\" height=\"415\" srcset=\"http:\/\/disseny.recursos.uoc.edu\/recursos\/dis-marca\/wp-content\/uploads\/sites\/22\/2017\/06\/20118_a3_009.jpg 604w, http:\/\/disseny.recursos.uoc.edu\/recursos\/dis-marca\/wp-content\/uploads\/sites\/22\/2017\/06\/20118_a3_009-300x206.jpg 300w\" sizes=\"(max-width: 604px) 100vw, 604px\" \/><p id=\"caption-attachment-251\" class=\"wp-caption-text\">Reportatge de <em>shopping<\/em> de la revista <em>Smoda<\/em>.<\/p><\/div>\n<div id=\"attachment_252\" style=\"width: 650px\" class=\"wp-caption alignnone\"><img aria-describedby=\"caption-attachment-252\" loading=\"lazy\" class=\"img-responsive wp-image-252 size-full\" src=\"http:\/\/disseny.recursos.uoc.edu\/recursos\/dis-marca\/wp-content\/uploads\/sites\/22\/2017\/06\/20118_a3_010.jpg\" alt=\"\" width=\"640\" height=\"278\" srcset=\"http:\/\/disseny.recursos.uoc.edu\/recursos\/dis-marca\/wp-content\/uploads\/sites\/22\/2017\/06\/20118_a3_010.jpg 640w, http:\/\/disseny.recursos.uoc.edu\/recursos\/dis-marca\/wp-content\/uploads\/sites\/22\/2017\/06\/20118_a3_010-300x130.jpg 300w\" sizes=\"(max-width: 640px) 100vw, 640px\" \/><p id=\"caption-attachment-252\" class=\"wp-caption-text\">P\u00e0gines de la revista <em>Elle<\/em> en les quals abunden les siluetes.<\/p><\/div>\n<p><div id=\"attachment_253\" style=\"width: 650px\" class=\"wp-caption alignnone\"><img aria-describedby=\"caption-attachment-253\" loading=\"lazy\" class=\"img-responsive wp-image-253 size-full\" src=\"http:\/\/disseny.recursos.uoc.edu\/recursos\/dis-marca\/wp-content\/uploads\/sites\/22\/2017\/06\/20118_a3_011.jpg\" alt=\"\" width=\"640\" height=\"435\" srcset=\"http:\/\/disseny.recursos.uoc.edu\/recursos\/dis-marca\/wp-content\/uploads\/sites\/22\/2017\/06\/20118_a3_011.jpg 640w, http:\/\/disseny.recursos.uoc.edu\/recursos\/dis-marca\/wp-content\/uploads\/sites\/22\/2017\/06\/20118_a3_011-300x204.jpg 300w\" sizes=\"(max-width: 640px) 100vw, 640px\" \/><p id=\"caption-attachment-253\" class=\"wp-caption-text\">Basar amb siluetes en la revista de decoraci\u00f3 <em>AD<\/em>.<\/p><\/div><\/p>","protected":false},"excerpt":{"rendered":"<p>3.1. La foto 3.1.2. Tipus d\u2019imatges en revistes Dins del disseny de revistes podem delimitar unes categories gen\u00e8riques amb les quals hem d\u2019estar familiaritzats a l\u2019hora de treballar en una editorial. No vol dir que siguin les \u00faniques que existeixen, per\u00f2 s\u00ed que s\u00f3n les m\u00e9s habituals. 3.1.2.1. El reportatge En la fotografia de reportatge, [&hellip;]<\/p>\n","protected":false},"author":1,"featured_media":0,"parent":0,"menu_order":0,"comment_status":"closed","ping_status":"closed","template":"","meta":[],"acf":[],"_links":{"self":[{"href":"http:\/\/disseny.recursos.uoc.edu\/recursos\/dis-marca\/ca\/wp-json\/wp\/v2\/pages\/237"}],"collection":[{"href":"http:\/\/disseny.recursos.uoc.edu\/recursos\/dis-marca\/ca\/wp-json\/wp\/v2\/pages"}],"about":[{"href":"http:\/\/disseny.recursos.uoc.edu\/recursos\/dis-marca\/ca\/wp-json\/wp\/v2\/types\/page"}],"author":[{"embeddable":true,"href":"http:\/\/disseny.recursos.uoc.edu\/recursos\/dis-marca\/ca\/wp-json\/wp\/v2\/users\/1"}],"replies":[{"embeddable":true,"href":"http:\/\/disseny.recursos.uoc.edu\/recursos\/dis-marca\/ca\/wp-json\/wp\/v2\/comments?post=237"}],"version-history":[{"count":16,"href":"http:\/\/disseny.recursos.uoc.edu\/recursos\/dis-marca\/ca\/wp-json\/wp\/v2\/pages\/237\/revisions"}],"predecessor-version":[{"id":923,"href":"http:\/\/disseny.recursos.uoc.edu\/recursos\/dis-marca\/ca\/wp-json\/wp\/v2\/pages\/237\/revisions\/923"}],"wp:attachment":[{"href":"http:\/\/disseny.recursos.uoc.edu\/recursos\/dis-marca\/ca\/wp-json\/wp\/v2\/media?parent=237"}],"curies":[{"name":"wp","href":"https:\/\/api.w.org\/{rel}","templated":true}]}}