{"id":233,"date":"2017-06-21T10:15:03","date_gmt":"2017-06-21T10:15:03","guid":{"rendered":"http:\/\/disseny.recursos.uoc.edu\/recursos\/dis-marca\/?page_id=233"},"modified":"2017-07-12T13:03:46","modified_gmt":"2017-07-12T13:03:46","slug":"3-fotografias-e-imagenes","status":"publish","type":"page","link":"http:\/\/disseny.recursos.uoc.edu\/recursos\/dis-marca\/ca\/3-fotografias-e-imagenes\/","title":{"rendered":"3. Fotografies i imatges"},"content":{"rendered":"<p><\/p>\n<h3>3.1. La foto<\/h3>\n<div class=\"cita\">\n<p>\u00abLes fotos s\u00f3n el primer que es veu quan s\u2019arriba a una p\u00e0gina. S\u00f3n r\u00e0pides, emocionals, instintives i provoquen la curiositat. Per aix\u00f2, predisposen el lector a rebre informaci\u00f3. S\u2019han de fer servir deliberadament, no nom\u00e9s per a trencar el text i fer-lo menys avorrit. No s\u00f3n elements subordinats, aix\u00ed que no les tractis com a tals. Les revistes s\u00f3n una associaci\u00f3 entre el visual i el verbal.\u00bb Jan V. White, <em>Editing by design<\/em>.<\/p>\n<\/div>\n<p>En aquestes paraules de White podem trobar l\u2019ess\u00e8ncia del que la fotografia significa en el disseny. La fotografia t\u00e9 un paper protagonista dins del disseny gr\u00e0fic. No hem de tractar mai la imatge com un element independent, ni com un simple component decorador que acompanya el text, sin\u00f3 que hem de pensar en el terme <em>intenci\u00f3<\/em> a l\u2019hora de compondre. Una imatge ha de provocar, impactar i intensificar el missatge que el reportatge transmet. Una imatge ha d\u2019il\u00b7lustrar per\u00f2, al mateix temps, ha d\u2019informar per si mateixa, independentment del text que l\u2019acompanya. De fet, solen ser l\u2019eix central del disseny i, per norma general, la composici\u00f3 de la p\u00e0gina es decideix entorn de les imatges que es tenen.<\/p>\n<h3>3.1.1. Funcions de les fotos en disseny editorial<\/h3>\n<p>Quan decidim utilitzar una imatge en un disseny ens hem de plantejar quina \u00e9s la \u00abintenci\u00f3\u00bb, com d\u00e8iem abans, amb qu\u00e8 la farem servir dins de la composici\u00f3. Segons aquesta funci\u00f3, podem dir que les imatges s\u00f3n informatives (contenen tota la informaci\u00f3 que volem explicar i s\u2019entenen per si mateixes, sense necessitat de llegir el text que les acompanya), documentals (quan certifiquen i donen const\u00e0ncia d\u2019alguna cosa, serveixen per a demostrar que una cosa \u00e9s de la manera com s\u2019est\u00e0 explicant), il\u00b7lustratives i est\u00e8tiques (ja que la seva finalitat \u00e9s il\u00b7lustrar un reportatge) o d\u2019entreteniment.<\/p>\n<p>En el disseny de revistes les fotografies s\u00f3n l\u2019esquelet de les publicacions. S\u00f3n productes que no es conceben sense fotos (o il\u00b7lustracions). El tipus d\u2019imatges que s\u2019hi faci servir tamb\u00e9 ser\u00e0 un element definidor de la marca del producte, sigui pel seu estil o per la manera com s\u2019utilitzen.<\/p>","protected":false},"excerpt":{"rendered":"<p>3.1. La foto \u00abLes fotos s\u00f3n el primer que es veu quan s\u2019arriba a una p\u00e0gina. S\u00f3n r\u00e0pides, emocionals, instintives i provoquen la curiositat. Per aix\u00f2, predisposen el lector a rebre informaci\u00f3. S\u2019han de fer servir deliberadament, no nom\u00e9s per a trencar el text i fer-lo menys avorrit. No s\u00f3n elements subordinats, aix\u00ed que no [&hellip;]<\/p>\n","protected":false},"author":1,"featured_media":0,"parent":0,"menu_order":0,"comment_status":"closed","ping_status":"closed","template":"","meta":[],"acf":[],"_links":{"self":[{"href":"http:\/\/disseny.recursos.uoc.edu\/recursos\/dis-marca\/ca\/wp-json\/wp\/v2\/pages\/233"}],"collection":[{"href":"http:\/\/disseny.recursos.uoc.edu\/recursos\/dis-marca\/ca\/wp-json\/wp\/v2\/pages"}],"about":[{"href":"http:\/\/disseny.recursos.uoc.edu\/recursos\/dis-marca\/ca\/wp-json\/wp\/v2\/types\/page"}],"author":[{"embeddable":true,"href":"http:\/\/disseny.recursos.uoc.edu\/recursos\/dis-marca\/ca\/wp-json\/wp\/v2\/users\/1"}],"replies":[{"embeddable":true,"href":"http:\/\/disseny.recursos.uoc.edu\/recursos\/dis-marca\/ca\/wp-json\/wp\/v2\/comments?post=233"}],"version-history":[{"count":4,"href":"http:\/\/disseny.recursos.uoc.edu\/recursos\/dis-marca\/ca\/wp-json\/wp\/v2\/pages\/233\/revisions"}],"predecessor-version":[{"id":641,"href":"http:\/\/disseny.recursos.uoc.edu\/recursos\/dis-marca\/ca\/wp-json\/wp\/v2\/pages\/233\/revisions\/641"}],"wp:attachment":[{"href":"http:\/\/disseny.recursos.uoc.edu\/recursos\/dis-marca\/ca\/wp-json\/wp\/v2\/media?parent=233"}],"curies":[{"name":"wp","href":"https:\/\/api.w.org\/{rel}","templated":true}]}}