{"id":218,"date":"2017-06-21T10:04:54","date_gmt":"2017-06-21T10:04:54","guid":{"rendered":"http:\/\/disseny.recursos.uoc.edu\/recursos\/dis-marca\/?page_id=218"},"modified":"2017-06-29T08:10:06","modified_gmt":"2017-06-29T08:10:06","slug":"2-las-tipografias-16","status":"publish","type":"page","link":"http:\/\/disseny.recursos.uoc.edu\/recursos\/dis-marca\/ca\/2-las-tipografias-16\/","title":{"rendered":"2. Les tipografies"},"content":{"rendered":"<p><\/p>\n<h3>2.4. Normes b\u00e0siques en tipografia<\/h3>\n<h3>2.4.8. Cal utilitzar amb moderaci\u00f3 les maj\u00fascules, les versaletes, les negretes i les cursives<\/h3>\n<p>El seu \u00fas ha de ser equilibrat i tenir com a objectiu destacar o emfatitzar alguna paraula. S\u00f3n recursos que, si es fan servir massa, enlletgeixen el disseny i perjudiquen la llegibilitat del text.<\/p>","protected":false},"excerpt":{"rendered":"<p>2.4. Normes b\u00e0siques en tipografia 2.4.8. Cal utilitzar amb moderaci\u00f3 les maj\u00fascules, les versaletes, les negretes i les cursives El seu \u00fas ha de ser equilibrat i tenir com a objectiu destacar o emfatitzar alguna paraula. S\u00f3n recursos que, si es fan servir massa, enlletgeixen el disseny i perjudiquen la llegibilitat del text.<\/p>\n","protected":false},"author":1,"featured_media":0,"parent":0,"menu_order":0,"comment_status":"closed","ping_status":"closed","template":"","meta":[],"acf":[],"_links":{"self":[{"href":"http:\/\/disseny.recursos.uoc.edu\/recursos\/dis-marca\/ca\/wp-json\/wp\/v2\/pages\/218"}],"collection":[{"href":"http:\/\/disseny.recursos.uoc.edu\/recursos\/dis-marca\/ca\/wp-json\/wp\/v2\/pages"}],"about":[{"href":"http:\/\/disseny.recursos.uoc.edu\/recursos\/dis-marca\/ca\/wp-json\/wp\/v2\/types\/page"}],"author":[{"embeddable":true,"href":"http:\/\/disseny.recursos.uoc.edu\/recursos\/dis-marca\/ca\/wp-json\/wp\/v2\/users\/1"}],"replies":[{"embeddable":true,"href":"http:\/\/disseny.recursos.uoc.edu\/recursos\/dis-marca\/ca\/wp-json\/wp\/v2\/comments?post=218"}],"version-history":[{"count":3,"href":"http:\/\/disseny.recursos.uoc.edu\/recursos\/dis-marca\/ca\/wp-json\/wp\/v2\/pages\/218\/revisions"}],"predecessor-version":[{"id":558,"href":"http:\/\/disseny.recursos.uoc.edu\/recursos\/dis-marca\/ca\/wp-json\/wp\/v2\/pages\/218\/revisions\/558"}],"wp:attachment":[{"href":"http:\/\/disseny.recursos.uoc.edu\/recursos\/dis-marca\/ca\/wp-json\/wp\/v2\/media?parent=218"}],"curies":[{"name":"wp","href":"https:\/\/api.w.org\/{rel}","templated":true}]}}