{"id":213,"date":"2017-06-21T10:02:11","date_gmt":"2017-06-21T10:02:11","guid":{"rendered":"http:\/\/disseny.recursos.uoc.edu\/recursos\/dis-marca\/?page_id=213"},"modified":"2017-07-12T13:00:50","modified_gmt":"2017-07-12T13:00:50","slug":"2-las-tipografias-15","status":"publish","type":"page","link":"http:\/\/disseny.recursos.uoc.edu\/recursos\/dis-marca\/ca\/2-las-tipografias-15\/","title":{"rendered":"2. Les tipografies"},"content":{"rendered":"<p><\/p>\n<h3>2.4. Normes b\u00e0siques en tipografia<\/h3>\n<h3>2.4.7. No deformar la tipografia<\/h3>\n<p>Cada tipografia t\u00e9 el seu gruix. Si necessitem deformar-la \u00e9s perqu\u00e8 no estem utilitzant la tipografia adequada.<\/p>\n<div id=\"attachment_216\" style=\"width: 460px\" class=\"wp-caption alignnone\"><img aria-describedby=\"caption-attachment-216\" loading=\"lazy\" class=\"img-responsive wp-image-216 size-full\" src=\"http:\/\/disseny.recursos.uoc.edu\/recursos\/dis-marca\/wp-content\/uploads\/sites\/22\/2017\/06\/20118_a2_024.jpg\" alt=\"\" width=\"450\" height=\"450\" srcset=\"http:\/\/disseny.recursos.uoc.edu\/recursos\/dis-marca\/wp-content\/uploads\/sites\/22\/2017\/06\/20118_a2_024.jpg 450w, http:\/\/disseny.recursos.uoc.edu\/recursos\/dis-marca\/wp-content\/uploads\/sites\/22\/2017\/06\/20118_a2_024-150x150.jpg 150w, http:\/\/disseny.recursos.uoc.edu\/recursos\/dis-marca\/wp-content\/uploads\/sites\/22\/2017\/06\/20118_a2_024-300x300.jpg 300w\" sizes=\"(max-width: 450px) 100vw, 450px\" \/><p id=\"caption-attachment-216\" class=\"wp-caption-text\">Alterar una tipografia amb l\u2019escala (tret que siguem experts) mai no est\u00e0 justificat.<\/p><\/div>\n<p>No cal usar accions que alterin el disseny de les lletres i el gruix del seu tra\u00e7. Si necessitem una tipografia estreta, hi ha fonts condensades i, igualment, hi ha fonts <em>expanded<\/em> que s\u00f3n m\u00e9s amples i estan pensades per a ocupar m\u00e9s espai amb poques lletres. Passa el mateix amb l\u2019espai que hi ha entre les lletres i les paraules: alterar el <em>track<\/em> m\u00e9s o menys del que \u00e9s adequat pot espatllar un disseny.<\/p>","protected":false},"excerpt":{"rendered":"<p>2.4. Normes b\u00e0siques en tipografia 2.4.7. No deformar la tipografia Cada tipografia t\u00e9 el seu gruix. Si necessitem deformar-la \u00e9s perqu\u00e8 no estem utilitzant la tipografia adequada. No cal usar accions que alterin el disseny de les lletres i el gruix del seu tra\u00e7. Si necessitem una tipografia estreta, hi ha fonts condensades i, igualment, [&hellip;]<\/p>\n","protected":false},"author":1,"featured_media":0,"parent":0,"menu_order":0,"comment_status":"closed","ping_status":"closed","template":"","meta":[],"acf":[],"_links":{"self":[{"href":"http:\/\/disseny.recursos.uoc.edu\/recursos\/dis-marca\/ca\/wp-json\/wp\/v2\/pages\/213"}],"collection":[{"href":"http:\/\/disseny.recursos.uoc.edu\/recursos\/dis-marca\/ca\/wp-json\/wp\/v2\/pages"}],"about":[{"href":"http:\/\/disseny.recursos.uoc.edu\/recursos\/dis-marca\/ca\/wp-json\/wp\/v2\/types\/page"}],"author":[{"embeddable":true,"href":"http:\/\/disseny.recursos.uoc.edu\/recursos\/dis-marca\/ca\/wp-json\/wp\/v2\/users\/1"}],"replies":[{"embeddable":true,"href":"http:\/\/disseny.recursos.uoc.edu\/recursos\/dis-marca\/ca\/wp-json\/wp\/v2\/comments?post=213"}],"version-history":[{"count":4,"href":"http:\/\/disseny.recursos.uoc.edu\/recursos\/dis-marca\/ca\/wp-json\/wp\/v2\/pages\/213\/revisions"}],"predecessor-version":[{"id":639,"href":"http:\/\/disseny.recursos.uoc.edu\/recursos\/dis-marca\/ca\/wp-json\/wp\/v2\/pages\/213\/revisions\/639"}],"wp:attachment":[{"href":"http:\/\/disseny.recursos.uoc.edu\/recursos\/dis-marca\/ca\/wp-json\/wp\/v2\/media?parent=213"}],"curies":[{"name":"wp","href":"https:\/\/api.w.org\/{rel}","templated":true}]}}