{"id":207,"date":"2017-06-21T09:58:19","date_gmt":"2017-06-21T09:58:19","guid":{"rendered":"http:\/\/disseny.recursos.uoc.edu\/recursos\/dis-marca\/?page_id=207"},"modified":"2017-07-12T12:59:47","modified_gmt":"2017-07-12T12:59:47","slug":"2-las-tipografias-14","status":"publish","type":"page","link":"http:\/\/disseny.recursos.uoc.edu\/recursos\/dis-marca\/ca\/2-las-tipografias-14\/","title":{"rendered":"2. Les tipografies"},"content":{"rendered":"<p><\/p>\n<h3>2.4. Normes b\u00e0siques en tipografia<\/h3>\n<h3>2.4.6. Tenir en compte el color<\/h3>\n<p>Quan parlem de color, hem de tenir en compte tres valors:<\/p>\n<ul>\n<li>El color de les lletres.<\/li>\n<li>El color del fons.<\/li>\n<li>El \u00abmat\u00eds\u00bb o \u00abmassa de gris\u00bb que forma la tipografia composta en columnes i l\u00ednies.<\/li>\n<\/ul>\n<div id=\"attachment_210\" style=\"width: 738px\" class=\"wp-caption alignnone\"><img aria-describedby=\"caption-attachment-210\" loading=\"lazy\" class=\"img-responsive wp-image-210 size-full\" src=\"http:\/\/disseny.recursos.uoc.edu\/recursos\/dis-marca\/wp-content\/uploads\/sites\/22\/2017\/06\/20118_a2_022.jpg\" alt=\"\" width=\"728\" height=\"450\" srcset=\"http:\/\/disseny.recursos.uoc.edu\/recursos\/dis-marca\/wp-content\/uploads\/sites\/22\/2017\/06\/20118_a2_022.jpg 728w, http:\/\/disseny.recursos.uoc.edu\/recursos\/dis-marca\/wp-content\/uploads\/sites\/22\/2017\/06\/20118_a2_022-300x185.jpg 300w\" sizes=\"(max-width: 728px) 100vw, 728px\" \/><p id=\"caption-attachment-210\" class=\"wp-caption-text\">Depenent del tipus triat, el seu pes, la seva mida o l\u2019interlineat, la \u00abmassa de gris\u00bb variar\u00e0 en el disseny.<\/p><\/div>\n<p>Algunes nocions b\u00e0siques en l\u2019\u00fas del color en la tipografia s\u00f3n les seg\u00fcents:<\/p>\n<ul>\n<li>El text negre sobre blanc \u00e9s la combinaci\u00f3 que t\u00e9 una llegibilitat m\u00e9s bona, mentre que el text blanc sobre fons negre es llegeix pitjor i cansa la vista, per la qual cosa s\u2019hauria de fer servir en textos curts i amb tipografies que tinguin uns tra\u00e7os m\u00e9s gruixuts i m\u00e9s grans. L\u2019\u00fas que es doni a les tipografies dins del nostre disseny s\u2019ha d\u2019adequar als recursos gr\u00e0fics que col\u00b7loquem en p\u00e0gina.<\/li>\n<\/ul>\n<p><img loading=\"lazy\" class=\"alignnone size-full wp-image-211 img-responsive\" src=\"http:\/\/disseny.recursos.uoc.edu\/recursos\/dis-marca\/wp-content\/uploads\/sites\/22\/2017\/06\/20118_a2_023.jpg\" alt=\"\" width=\"450\" height=\"636\" srcset=\"http:\/\/disseny.recursos.uoc.edu\/recursos\/dis-marca\/wp-content\/uploads\/sites\/22\/2017\/06\/20118_a2_023.jpg 450w, http:\/\/disseny.recursos.uoc.edu\/recursos\/dis-marca\/wp-content\/uploads\/sites\/22\/2017\/06\/20118_a2_023-212x300.jpg 212w\" sizes=\"(max-width: 450px) 100vw, 450px\" \/><\/p>\n<ul>\n<li>Est\u00e0 demostrat que el text negre sobre fons groc es llegeix b\u00e9 des de lluny, amb lletres grans i en textos breus.<\/li>\n<li>Els textos amb colors forts, com ara vermells o taronges, s\u00f3n dif\u00edcils de llegir, per\u00f2 es poden fer servir en titulars i r\u00e8tols amb els quals es vulgui cridar l\u2019atenci\u00f3.<\/li>\n<\/ul>\n<p><\/p>","protected":false},"excerpt":{"rendered":"<p>2.4. Normes b\u00e0siques en tipografia 2.4.6. Tenir en compte el color Quan parlem de color, hem de tenir en compte tres valors: El color de les lletres. El color del fons. El \u00abmat\u00eds\u00bb o \u00abmassa de gris\u00bb que forma la tipografia composta en columnes i l\u00ednies. Algunes nocions b\u00e0siques en l\u2019\u00fas del color en la [&hellip;]<\/p>\n","protected":false},"author":1,"featured_media":0,"parent":0,"menu_order":0,"comment_status":"closed","ping_status":"closed","template":"","meta":[],"acf":[],"_links":{"self":[{"href":"http:\/\/disseny.recursos.uoc.edu\/recursos\/dis-marca\/ca\/wp-json\/wp\/v2\/pages\/207"}],"collection":[{"href":"http:\/\/disseny.recursos.uoc.edu\/recursos\/dis-marca\/ca\/wp-json\/wp\/v2\/pages"}],"about":[{"href":"http:\/\/disseny.recursos.uoc.edu\/recursos\/dis-marca\/ca\/wp-json\/wp\/v2\/types\/page"}],"author":[{"embeddable":true,"href":"http:\/\/disseny.recursos.uoc.edu\/recursos\/dis-marca\/ca\/wp-json\/wp\/v2\/users\/1"}],"replies":[{"embeddable":true,"href":"http:\/\/disseny.recursos.uoc.edu\/recursos\/dis-marca\/ca\/wp-json\/wp\/v2\/comments?post=207"}],"version-history":[{"count":5,"href":"http:\/\/disseny.recursos.uoc.edu\/recursos\/dis-marca\/ca\/wp-json\/wp\/v2\/pages\/207\/revisions"}],"predecessor-version":[{"id":638,"href":"http:\/\/disseny.recursos.uoc.edu\/recursos\/dis-marca\/ca\/wp-json\/wp\/v2\/pages\/207\/revisions\/638"}],"wp:attachment":[{"href":"http:\/\/disseny.recursos.uoc.edu\/recursos\/dis-marca\/ca\/wp-json\/wp\/v2\/media?parent=207"}],"curies":[{"name":"wp","href":"https:\/\/api.w.org\/{rel}","templated":true}]}}