{"id":201,"date":"2017-06-21T09:55:52","date_gmt":"2017-06-21T09:55:52","guid":{"rendered":"http:\/\/disseny.recursos.uoc.edu\/recursos\/dis-marca\/?page_id=201"},"modified":"2017-07-12T12:58:40","modified_gmt":"2017-07-12T12:58:40","slug":"2-las-tipografias-13","status":"publish","type":"page","link":"http:\/\/disseny.recursos.uoc.edu\/recursos\/dis-marca\/ca\/2-las-tipografias-13\/","title":{"rendered":"2. Les tipografies"},"content":{"rendered":"<p><\/p>\n<h3>2.4. Normes b\u00e0siques en tipografia<\/h3>\n<h3>2.4.5. El par\u00e0graf<\/h3>\n<p>Sempre \u00e9s preferible utilitzar una alineaci\u00f3 de par\u00e0graf a l\u2019esquerra. Quan els textos s\u00f3n justificats, cal tenir cura al m\u00e0xim dels valors de partici\u00f3 en les paraules (valors de P&amp;J), ja que han de tallar correctament i cal evitar espais en blanc que poden quedar antiest\u00e8tics. Una alineaci\u00f3 diferent pot estar justificada si el disseny ho requereix.<\/p>\n<p>Un error tipogr\u00e0fic bastant com\u00fa \u00e9s deixar en el text l\u00ednies mortes que, segons la seva posici\u00f3, s\u2019anomenaran v\u00eddues (\u00faltima l\u00ednia d\u2019un par\u00e0graf que queda sola al comen\u00e7ament d\u2019una p\u00e0gina o columna) o \u00f2rfenes (primera l\u00ednia d\u2019un par\u00e0graf que queda sola al final d\u2019una p\u00e0gina o columna). S\u2019acostuma a recomanar que les columnes i les p\u00e0gines comencin i acabin amb dues l\u00ednies, almenys.<\/p>\n<p><img loading=\"lazy\" class=\"alignnone size-full wp-image-204 img-responsive\" src=\"http:\/\/disseny.recursos.uoc.edu\/recursos\/dis-marca\/wp-content\/uploads\/sites\/22\/2017\/06\/20118_a2_020.jpg\" alt=\"\" width=\"640\" height=\"556\" srcset=\"http:\/\/disseny.recursos.uoc.edu\/recursos\/dis-marca\/wp-content\/uploads\/sites\/22\/2017\/06\/20118_a2_020.jpg 640w, http:\/\/disseny.recursos.uoc.edu\/recursos\/dis-marca\/wp-content\/uploads\/sites\/22\/2017\/06\/20118_a2_020-300x261.jpg 300w\" sizes=\"(max-width: 640px) 100vw, 640px\" \/><\/p>\n<p><img loading=\"lazy\" class=\"alignnone size-full wp-image-205 img-responsive\" src=\"http:\/\/disseny.recursos.uoc.edu\/recursos\/dis-marca\/wp-content\/uploads\/sites\/22\/2017\/06\/20118_a2_021.jpg\" alt=\"\" width=\"640\" height=\"505\" srcset=\"http:\/\/disseny.recursos.uoc.edu\/recursos\/dis-marca\/wp-content\/uploads\/sites\/22\/2017\/06\/20118_a2_021.jpg 640w, http:\/\/disseny.recursos.uoc.edu\/recursos\/dis-marca\/wp-content\/uploads\/sites\/22\/2017\/06\/20118_a2_021-300x237.jpg 300w\" sizes=\"(max-width: 640px) 100vw, 640px\" \/><\/p>\n<p>Aquest tipus d\u2019errades afecten la lecturabilitat del disseny i l\u2019enlletgeixen considerablement. Un bon dissenyador ha d\u2019estar atent als petits detalls, ja que una suma d\u2019errors tirar\u00e0 per terra el seu treball, mentre que un disseny cuidat sempre ser\u00e0 un plus.<\/p>","protected":false},"excerpt":{"rendered":"<p>2.4. Normes b\u00e0siques en tipografia 2.4.5. El par\u00e0graf Sempre \u00e9s preferible utilitzar una alineaci\u00f3 de par\u00e0graf a l\u2019esquerra. Quan els textos s\u00f3n justificats, cal tenir cura al m\u00e0xim dels valors de partici\u00f3 en les paraules (valors de P&amp;J), ja que han de tallar correctament i cal evitar espais en blanc que poden quedar antiest\u00e8tics. Una [&hellip;]<\/p>\n","protected":false},"author":1,"featured_media":0,"parent":0,"menu_order":0,"comment_status":"closed","ping_status":"closed","template":"","meta":[],"acf":[],"_links":{"self":[{"href":"http:\/\/disseny.recursos.uoc.edu\/recursos\/dis-marca\/ca\/wp-json\/wp\/v2\/pages\/201"}],"collection":[{"href":"http:\/\/disseny.recursos.uoc.edu\/recursos\/dis-marca\/ca\/wp-json\/wp\/v2\/pages"}],"about":[{"href":"http:\/\/disseny.recursos.uoc.edu\/recursos\/dis-marca\/ca\/wp-json\/wp\/v2\/types\/page"}],"author":[{"embeddable":true,"href":"http:\/\/disseny.recursos.uoc.edu\/recursos\/dis-marca\/ca\/wp-json\/wp\/v2\/users\/1"}],"replies":[{"embeddable":true,"href":"http:\/\/disseny.recursos.uoc.edu\/recursos\/dis-marca\/ca\/wp-json\/wp\/v2\/comments?post=201"}],"version-history":[{"count":5,"href":"http:\/\/disseny.recursos.uoc.edu\/recursos\/dis-marca\/ca\/wp-json\/wp\/v2\/pages\/201\/revisions"}],"predecessor-version":[{"id":637,"href":"http:\/\/disseny.recursos.uoc.edu\/recursos\/dis-marca\/ca\/wp-json\/wp\/v2\/pages\/201\/revisions\/637"}],"wp:attachment":[{"href":"http:\/\/disseny.recursos.uoc.edu\/recursos\/dis-marca\/ca\/wp-json\/wp\/v2\/media?parent=201"}],"curies":[{"name":"wp","href":"https:\/\/api.w.org\/{rel}","templated":true}]}}