{"id":20,"date":"2017-06-20T11:51:39","date_gmt":"2017-06-20T11:51:39","guid":{"rendered":"http:\/\/disseny.recursos.uoc.edu\/recursos\/dis-marca\/?page_id=20"},"modified":"2019-08-02T07:56:10","modified_gmt":"2019-08-02T07:56:10","slug":"objetivos","status":"publish","type":"page","link":"http:\/\/disseny.recursos.uoc.edu\/recursos\/dis-marca\/ca\/objetivos\/","title":{"rendered":"Objectius"},"content":{"rendered":"<p><\/p>\n<h3>Inici d\u2019un projecte:<\/h3>\n<ul>\n<li>Saber traduir del client tota la informaci\u00f3 necess\u00e0ria per a engegar un projecte.<\/li>\n<li>Recon\u00e8ixer les dades que s\u00f3n importants perqu\u00e8 ens ajudaran a decidir l\u2019estil de maquetaci\u00f3 que hem de fer.<\/li>\n<li>Con\u00e8ixer els diferents tipus de publicacions i els formats que hi ha en el mercat. Tenir clares les caracter\u00edstiques de cadascun per a poder bregar amb qualsevol i, si calgu\u00e9s, saber quin hem de triar en una proposta.<\/li>\n<li>Con\u00e8ixer breument com funcionen els mecanismes editorials a l\u2019hora d\u2019engegar un projecte i la import\u00e0ncia dels tests del producte, no nom\u00e9s amb el client, sin\u00f3 tamb\u00e9 amb mostres d\u2019audi\u00e8ncies.<\/li>\n<\/ul>\n<h3>Tipografia:<\/h3>\n<ul>\n<li>Recon\u00e8ixer gen\u00e8ricament els tipus de lletres segons el seu tra\u00e7.<\/li>\n<li>Tenir coneixement de quin \u00fas \u00e9s el m\u00e9s adequat per a cada tipografia en funci\u00f3 de les seves formes.<\/li>\n<li>Entendre com amb les lletres \u00e9s possible comunicar sensacions, m\u00e9s enll\u00e0 del significat que contenen.<\/li>\n<li>Prendre consci\u00e8ncia que fer proves, experimentar amb tipus i intentar combinacions amb m\u00e9s o menys estil \u00e9s l\u2019\u00fanica manera de controlar una feina amb tipografia.<\/li>\n<li>Aprendre a recon\u00e8ixer quan una combinaci\u00f3 de tipus funciona adequadament.<\/li>\n<li>Assimilar la import\u00e0ncia que t\u00e9 l\u2019\u00fas de la tipografia en disseny.<\/li>\n<\/ul>\n<h3>Imatges:<\/h3>\n<ul>\n<li>Con\u00e8ixer els tipus d\u2019imatges que s\u2019utilitzen en el m\u00f3n editorial.<\/li>\n<li>Saber quin \u00e9s l\u2019origen de les imatges per a poder-ne fer un bon \u00fas.<\/li>\n<li>Con\u00e8ixer els diferents formats d\u2019imatges amb els quals pot treballar el dissenyador.<\/li>\n<li>Adquirir una s\u00e8rie de nocions b\u00e0siques per a treballar amb imatges en la composici\u00f3 del disseny traient-los el m\u00e0xim partit possible.<\/li>\n<\/ul>\n<h3>Color:<\/h3>\n<ul>\n<li>Aprendre a interpretar els colors.<\/li>\n<li>Entendre qu\u00e8 \u00e9s el que transmet subconscientment un color.<\/li>\n<li>Con\u00e8ixer com funcionen les fam\u00edlies de colors.<\/li>\n<li>Entendre l\u2019entrellat que fa que una combinaci\u00f3 de diversos colors funcioni adequadament.<\/li>\n<\/ul>\n<h3>Ret\u00edcula:<\/h3>\n<ul>\n<li>Con\u00e8ixer qu\u00e8 \u00e9s la ret\u00edcula i la seva import\u00e0ncia.<\/li>\n<li>Entendre l\u2019\u00fas de la ret\u00edcula per a crear coher\u00e8ncia en un disseny.<\/li>\n<li>Saber crear una ret\u00edcula de zero i aprendre a con\u00e8ixer-ne la funcionalitat.<\/li>\n<li>Entendre que cal ser flexible i ordenat, per la qual cosa cal aprofitar-se dels avantatges que aporta un bon esquelet en un disseny.<\/li>\n<\/ul>\n<h3>Composici\u00f3:<\/h3>\n<ul>\n<li>Aprendre a recon\u00e8ixer cadascun dels elements b\u00e0sics que componen una maqueta.<\/li>\n<li>Con\u00e8ixer quines s\u00f3n les maneres de crear atenci\u00f3 sobre els elements que requereixin import\u00e0ncia.<\/li>\n<li>Aprendre a construir efica\u00e7ment una jerarquia dins de la p\u00e0gina.<\/li>\n<li>Entendre la import\u00e0ncia de crear elements que, en el seu conjunt, construiran una identitat gr\u00e0fica del projecte.<\/li>\n<li>Con\u00e8ixer la import\u00e0ncia de crear recursos com un \u00abmanual d\u2019estil\u00bb gr\u00e0fic, plantilles dels temes, biblioteques o fulls d\u2019estil que no nom\u00e9s defineixen el producte, sin\u00f3 que tamb\u00e9 fan la feina m\u00e9s f\u00e0cil.<\/li>\n<\/ul>\n<h3>Portada:<\/h3>\n<ul>\n<li>Entendre la import\u00e0ncia de la portada, la seva significaci\u00f3 i la seva transcend\u00e8ncia.<\/li>\n<li>Recon\u00e8ixer tots els elements que solen apar\u00e8ixer en una portada.<\/li>\n<li>Recon\u00e8ixer els g\u00e8neres de portada m\u00e9s habituals.<\/li>\n<li>Fer anar unes nocions b\u00e0siques, per\u00f2 molt importants, per a tenir recursos a l\u2019hora de resoldre una bona composici\u00f3 de portada.<\/li>\n<\/ul>\n<h3>Art final:<\/h3>\n<ul>\n<li>Prendre consci\u00e8ncia de la import\u00e0ncia de l\u2019art final.<\/li>\n<li>Con\u00e8ixer les especificacions d\u2019un document final llest per a impremta.<\/li>\n<li>Familiaritzar-nos amb les especificacions necess\u00e0ries per a impremta en els documents.<\/li>\n<li>Repassar els diversos acabats especials que es poden aplicar al disseny.<\/li>\n<\/ul>\n<h3>Publicacions digitals:<\/h3>\n<ul>\n<li>Entendre com evolucionen els recursos cap a una era m\u00e9s digital on el disseny ha d&#8217;adaptar-se a nous mitjans.<\/li>\n<li>Con\u00e8ixer les publicacions m\u00e9s habituals que s\u2019acostumen a dissenyar per a l&#8217;entorn digital.<\/li>\n<li>Analitzar els pros i contres del mitj\u00e0 digital en relaci\u00f3 a l&#8217;impr\u00e8s.<\/li>\n<li>Comprendre que els processos de disseny destinats al mitj\u00e0 digital estan lligats a processos inform\u00e0tics de programaci\u00f3.<\/li>\n<li>Reflexionar sobre la necessitat de con\u00e8ixer l\u2019<em>UX experience<\/em> per poder dissenyar de manera efectiva.<\/li>\n<li>Repassar les noves necessitats d&#8217;un mitj\u00e0 diferent amb el qu\u00e8 el dissenyador ha d&#8217;estar familiaritzat per poder adaptar-se al que requereixi el producte.<\/li>\n<\/ul>\n<p><\/p>","protected":false},"excerpt":{"rendered":"<p>Inici d\u2019un projecte: Saber traduir del client tota la informaci\u00f3 necess\u00e0ria per a engegar un projecte. Recon\u00e8ixer les dades que s\u00f3n importants perqu\u00e8 ens ajudaran a decidir l\u2019estil de maquetaci\u00f3 que hem de fer. Con\u00e8ixer els diferents tipus de publicacions i els formats que hi ha en el mercat. Tenir clares les caracter\u00edstiques de cadascun [&hellip;]<\/p>\n","protected":false},"author":1,"featured_media":0,"parent":0,"menu_order":0,"comment_status":"closed","ping_status":"closed","template":"","meta":[],"acf":[],"_links":{"self":[{"href":"http:\/\/disseny.recursos.uoc.edu\/recursos\/dis-marca\/ca\/wp-json\/wp\/v2\/pages\/20"}],"collection":[{"href":"http:\/\/disseny.recursos.uoc.edu\/recursos\/dis-marca\/ca\/wp-json\/wp\/v2\/pages"}],"about":[{"href":"http:\/\/disseny.recursos.uoc.edu\/recursos\/dis-marca\/ca\/wp-json\/wp\/v2\/types\/page"}],"author":[{"embeddable":true,"href":"http:\/\/disseny.recursos.uoc.edu\/recursos\/dis-marca\/ca\/wp-json\/wp\/v2\/users\/1"}],"replies":[{"embeddable":true,"href":"http:\/\/disseny.recursos.uoc.edu\/recursos\/dis-marca\/ca\/wp-json\/wp\/v2\/comments?post=20"}],"version-history":[{"count":10,"href":"http:\/\/disseny.recursos.uoc.edu\/recursos\/dis-marca\/ca\/wp-json\/wp\/v2\/pages\/20\/revisions"}],"predecessor-version":[{"id":1172,"href":"http:\/\/disseny.recursos.uoc.edu\/recursos\/dis-marca\/ca\/wp-json\/wp\/v2\/pages\/20\/revisions\/1172"}],"wp:attachment":[{"href":"http:\/\/disseny.recursos.uoc.edu\/recursos\/dis-marca\/ca\/wp-json\/wp\/v2\/media?parent=20"}],"curies":[{"name":"wp","href":"https:\/\/api.w.org\/{rel}","templated":true}]}}