{"id":197,"date":"2017-06-21T09:52:10","date_gmt":"2017-06-21T09:52:10","guid":{"rendered":"http:\/\/disseny.recursos.uoc.edu\/recursos\/dis-marca\/?page_id=197"},"modified":"2017-07-13T09:13:21","modified_gmt":"2017-07-13T09:13:21","slug":"2-las-tipografias-12","status":"publish","type":"page","link":"http:\/\/disseny.recursos.uoc.edu\/recursos\/dis-marca\/ca\/2-las-tipografias-12\/","title":{"rendered":"2. Les tipografies"},"content":{"rendered":"<p><\/p>\n<h3>2.4. Normes b\u00e0siques en tipografia<\/h3>\n<h3>2.4.4. Atenci\u00f3 a les mides<\/h3>\n<p>Com ja hem esmentat, en els anys en els quals la impressi\u00f3 es duia a terme per tipus m\u00f2bils hi havia tipografies que van ser elaborades expressament per a les mides en qu\u00e8 serien impreses. Actualment passa una cosa semblant, ja que hi ha lletres que han estat creades per a aconseguir una molt bona llegibilitat i a mides grans poden quedar massa pesades i poc elegants, perqu\u00e8 han estat pensades per a funcionar en cossos de text llarg. Hi ha altres lletres que, a mides grans, titulen d\u2019una manera molt est\u00e8tica. Aix\u00f2 \u00e9s important a l\u2019hora de triar les lletres amb les quals treballarem. Per aix\u00f2, l\u2019\u00fas que donem a cada tipografia en el nostre disseny ha de ser adequat: hem de triar una tipografia amb bona lectura per al cos de text i una tipografia amb personalitat que ens doni joc en les titulacions.<\/p>\n<p>\u00c9s molt important la relaci\u00f3 entre la grand\u00e0ria de la lletra, l\u2019amplada de la columna i l\u2019interlineat. Si un d\u2019aquests valors varia, caldr\u00e0 adaptar els altres, ja que solen ser proporcionals. Normalment, es diu que una grand\u00e0ria d\u2019entre 8 i 11 punts \u00e9s la correcta per a una bona llegibilitat, per\u00f2 hem de tenir en compte que la grand\u00e0ria no sol funcionar de la mateixa manera en diferents tipografies i que, en l\u00ednies m\u00e9s llargues, se sol necessitar m\u00e9s grand\u00e0ria que en l\u00ednies m\u00e9s curtes. Les tipografies expandides o comprimides tenen pitjor lectura i cansen m\u00e9s, per\u00f2 poden ser efectives en blocs de text petits, com a peus de foto. Est\u00e0 establert que la longitud ideal d\u2019una l\u00ednia est\u00e0 entorn dels 60 o 65 espais. Un bon dissenyador ha de saber com construir un disseny que faci sentir c\u00f2mode el lector.<\/p>\n<div class=\"definicio\">Es diu que el tip\u00f2graf angl\u00e8s John Baskerville (s. XVIII) va ser acusat d\u2019\u00abintentar deixar cecs els lectors\u00bb, ja que les tipografies amb estil i refinades que havia creat tenien uns tra\u00e7os molt estrets. Tanmateix, Baskerville ho va compensar amb un ull gran en cada lletra, de manera que compensava amb equilibri el tra\u00e7 de la font que porta el seu nom.<\/div>\n<p><\/p>","protected":false},"excerpt":{"rendered":"<p>2.4. Normes b\u00e0siques en tipografia 2.4.4. Atenci\u00f3 a les mides Com ja hem esmentat, en els anys en els quals la impressi\u00f3 es duia a terme per tipus m\u00f2bils hi havia tipografies que van ser elaborades expressament per a les mides en qu\u00e8 serien impreses. Actualment passa una cosa semblant, ja que hi ha lletres [&hellip;]<\/p>\n","protected":false},"author":1,"featured_media":0,"parent":0,"menu_order":0,"comment_status":"closed","ping_status":"closed","template":"","meta":[],"acf":[],"_links":{"self":[{"href":"http:\/\/disseny.recursos.uoc.edu\/recursos\/dis-marca\/ca\/wp-json\/wp\/v2\/pages\/197"}],"collection":[{"href":"http:\/\/disseny.recursos.uoc.edu\/recursos\/dis-marca\/ca\/wp-json\/wp\/v2\/pages"}],"about":[{"href":"http:\/\/disseny.recursos.uoc.edu\/recursos\/dis-marca\/ca\/wp-json\/wp\/v2\/types\/page"}],"author":[{"embeddable":true,"href":"http:\/\/disseny.recursos.uoc.edu\/recursos\/dis-marca\/ca\/wp-json\/wp\/v2\/users\/1"}],"replies":[{"embeddable":true,"href":"http:\/\/disseny.recursos.uoc.edu\/recursos\/dis-marca\/ca\/wp-json\/wp\/v2\/comments?post=197"}],"version-history":[{"count":7,"href":"http:\/\/disseny.recursos.uoc.edu\/recursos\/dis-marca\/ca\/wp-json\/wp\/v2\/pages\/197\/revisions"}],"predecessor-version":[{"id":679,"href":"http:\/\/disseny.recursos.uoc.edu\/recursos\/dis-marca\/ca\/wp-json\/wp\/v2\/pages\/197\/revisions\/679"}],"wp:attachment":[{"href":"http:\/\/disseny.recursos.uoc.edu\/recursos\/dis-marca\/ca\/wp-json\/wp\/v2\/media?parent=197"}],"curies":[{"name":"wp","href":"https:\/\/api.w.org\/{rel}","templated":true}]}}