{"id":178,"date":"2017-06-21T09:24:52","date_gmt":"2017-06-21T09:24:52","guid":{"rendered":"http:\/\/disseny.recursos.uoc.edu\/recursos\/dis-marca\/?page_id=178"},"modified":"2017-07-12T12:56:32","modified_gmt":"2017-07-12T12:56:32","slug":"2-las-tipografias-9","status":"publish","type":"page","link":"http:\/\/disseny.recursos.uoc.edu\/recursos\/dis-marca\/ca\/2-las-tipografias-9\/","title":{"rendered":"2. Les tipografies"},"content":{"rendered":"<p><\/p>\n<h3>2.4. Normes b\u00e0siques en tipografia<\/h3>\n<h3>2.4.1. No necessiteu m\u00e9s de tres fam\u00edlies tipogr\u00e0fiques<\/h3>\n<p>Fer servir molts tipus de lletra diferents en un projecte pot generar desordre i caos. Generalment, n\u2019hi ha prou amb una bona combinaci\u00f3 d\u2019una de tipus de pal i una altra amb serif. Aquestes dues, ben combinades, poden generar un contrast interessant i fer atractiu el nostre disseny. Si considereu que necessiteu incloure m\u00e9s variacions tipogr\u00e0fiques en el vostre treball, ho podeu aconseguir jugant amb les grand\u00e0ries, el color o els espais. Hi ha dissenys que potser en necessiten una tercera amb una mica m\u00e9s de personalitat (una decorativa o <em>script<\/em>) per a petits recursos. El dissenyador ha de planificar cadascun dels estils i usos per a cada tipus de lletra, el cos, l\u2019alineaci\u00f3, l\u2019interlineat, etc. que s\u2019utilitzaran per a cada component. Es crearan, d\u2019aquesta manera, el que en disseny s\u2019anomenen <em>fulls d\u2019estil<\/em>, que assignaran a cada m\u00f2dul de text (titulars, entradetes, text general, requadres, destacats, etc.) unes caracter\u00edstiques formals. El contrast en aquests elements \u00e9s fonamental, ja que, a simple vista, s\u2019haur\u00e0 de notar que cada text pertany a un recurs diferent.<\/p>\n<div id=\"attachment_181\" style=\"width: 460px\" class=\"wp-caption alignnone\"><img aria-describedby=\"caption-attachment-181\" loading=\"lazy\" class=\"img-responsive wp-image-181 size-full\" src=\"http:\/\/disseny.recursos.uoc.edu\/recursos\/dis-marca\/wp-content\/uploads\/sites\/22\/2017\/06\/20118_a2_014.jpg\" alt=\"\" width=\"450\" height=\"620\" srcset=\"http:\/\/disseny.recursos.uoc.edu\/recursos\/dis-marca\/wp-content\/uploads\/sites\/22\/2017\/06\/20118_a2_014.jpg 450w, http:\/\/disseny.recursos.uoc.edu\/recursos\/dis-marca\/wp-content\/uploads\/sites\/22\/2017\/06\/20118_a2_014-218x300.jpg 218w\" sizes=\"(max-width: 450px) 100vw, 450px\" \/><p id=\"caption-attachment-181\" class=\"wp-caption-text\">En aquest exemple podem veure com en el primer disseny de la revista <em>Smoda<\/em> amb dues tipografies (Pradell en el cos de text i Neutra en els peus de foto i cr\u00e8dits), m\u00e9s una tercera amb una mica m\u00e9s de car\u00e0cter (Regall en titular, entradeta i capitular), s\u2019aconsegueix un disseny elegant i molt est\u00e8tic.<\/p><\/div>\n<p><div id=\"attachment_182\" style=\"width: 650px\" class=\"wp-caption alignnone\"><img aria-describedby=\"caption-attachment-182\" loading=\"lazy\" class=\"img-responsive wp-image-182 size-full\" src=\"http:\/\/disseny.recursos.uoc.edu\/recursos\/dis-marca\/wp-content\/uploads\/sites\/22\/2017\/06\/20118_a2_015.jpg\" alt=\"\" width=\"640\" height=\"435\" srcset=\"http:\/\/disseny.recursos.uoc.edu\/recursos\/dis-marca\/wp-content\/uploads\/sites\/22\/2017\/06\/20118_a2_015.jpg 640w, http:\/\/disseny.recursos.uoc.edu\/recursos\/dis-marca\/wp-content\/uploads\/sites\/22\/2017\/06\/20118_a2_015-300x204.jpg 300w\" sizes=\"(max-width: 640px) 100vw, 640px\" \/><p id=\"caption-attachment-182\" class=\"wp-caption-text\">En aquest exemple, tamb\u00e9 de la revista <em>Smoda<\/em>, podem veure com amb les mateixes tipografies es poden crear dissenys molt m\u00e9s din\u00e0mics i variats, utilitzant estil\u00edsticament cursives i grand\u00e0ries diferents.<\/p><\/div><\/p>","protected":false},"excerpt":{"rendered":"<p>2.4. Normes b\u00e0siques en tipografia 2.4.1. No necessiteu m\u00e9s de tres fam\u00edlies tipogr\u00e0fiques Fer servir molts tipus de lletra diferents en un projecte pot generar desordre i caos. Generalment, n\u2019hi ha prou amb una bona combinaci\u00f3 d\u2019una de tipus de pal i una altra amb serif. Aquestes dues, ben combinades, poden generar un contrast interessant [&hellip;]<\/p>\n","protected":false},"author":1,"featured_media":0,"parent":0,"menu_order":0,"comment_status":"closed","ping_status":"closed","template":"","meta":[],"acf":[],"_links":{"self":[{"href":"http:\/\/disseny.recursos.uoc.edu\/recursos\/dis-marca\/ca\/wp-json\/wp\/v2\/pages\/178"}],"collection":[{"href":"http:\/\/disseny.recursos.uoc.edu\/recursos\/dis-marca\/ca\/wp-json\/wp\/v2\/pages"}],"about":[{"href":"http:\/\/disseny.recursos.uoc.edu\/recursos\/dis-marca\/ca\/wp-json\/wp\/v2\/types\/page"}],"author":[{"embeddable":true,"href":"http:\/\/disseny.recursos.uoc.edu\/recursos\/dis-marca\/ca\/wp-json\/wp\/v2\/users\/1"}],"replies":[{"embeddable":true,"href":"http:\/\/disseny.recursos.uoc.edu\/recursos\/dis-marca\/ca\/wp-json\/wp\/v2\/comments?post=178"}],"version-history":[{"count":4,"href":"http:\/\/disseny.recursos.uoc.edu\/recursos\/dis-marca\/ca\/wp-json\/wp\/v2\/pages\/178\/revisions"}],"predecessor-version":[{"id":635,"href":"http:\/\/disseny.recursos.uoc.edu\/recursos\/dis-marca\/ca\/wp-json\/wp\/v2\/pages\/178\/revisions\/635"}],"wp:attachment":[{"href":"http:\/\/disseny.recursos.uoc.edu\/recursos\/dis-marca\/ca\/wp-json\/wp\/v2\/media?parent=178"}],"curies":[{"name":"wp","href":"https:\/\/api.w.org\/{rel}","templated":true}]}}