{"id":172,"date":"2017-06-21T09:21:10","date_gmt":"2017-06-21T09:21:10","guid":{"rendered":"http:\/\/disseny.recursos.uoc.edu\/recursos\/dis-marca\/?page_id=172"},"modified":"2017-07-13T09:12:26","modified_gmt":"2017-07-13T09:12:26","slug":"2-las-tipografias-8","status":"publish","type":"page","link":"http:\/\/disseny.recursos.uoc.edu\/recursos\/dis-marca\/ca\/2-las-tipografias-8\/","title":{"rendered":"2. Les tipografies"},"content":{"rendered":"<p><\/p>\n<h3>2.3. Seleccionar adequadament tipografies segons la seva classificaci\u00f3<\/h3>\n<h3>2.3.6. Decoratives<\/h3>\n<p>Aquestes fonts no van ser concebudes com a tipus de text, sin\u00f3 pensades per a un \u00fas espor\u00e0dic i a\u00efllat, amb una finalitat indicada pel seu mateix nom: decorar. Poden ser de fantasia, d\u2019\u00e8poca, futuristes, <em>vintage<\/em>, etc.<\/p>\n<p><img loading=\"lazy\" class=\"alignnone size-full wp-image-175 img-responsive\" src=\"http:\/\/disseny.recursos.uoc.edu\/recursos\/dis-marca\/wp-content\/uploads\/sites\/22\/2017\/06\/20118_a2_013.jpg\" alt=\"\" width=\"640\" height=\"542\" srcset=\"http:\/\/disseny.recursos.uoc.edu\/recursos\/dis-marca\/wp-content\/uploads\/sites\/22\/2017\/06\/20118_a2_013.jpg 640w, http:\/\/disseny.recursos.uoc.edu\/recursos\/dis-marca\/wp-content\/uploads\/sites\/22\/2017\/06\/20118_a2_013-300x254.jpg 300w\" sizes=\"(max-width: 640px) 100vw, 640px\" \/><\/p>\n<div class=\"definicio\">\u00c9s interessant esbrinar per a quin mitj\u00e0 va ser creada una font: Times New Roman es va crear pensant a compensar amb el seu dibuix la impressi\u00f3 deficient d\u2019una rotativa antiga. Verdana es va crear per a veure\u2019s en pantalla, i no per a ser impresa en paper. Garamond va ser originalment pensada per a imprimir-se a mides grans (per la qual cosa, si es fa servir en un cos de text llarg, ha d\u2019anar acompanyada d\u2019un interlineat molt ampli).<\/div>\n<p><\/p>","protected":false},"excerpt":{"rendered":"<p>2.3. Seleccionar adequadament tipografies segons la seva classificaci\u00f3 2.3.6. Decoratives Aquestes fonts no van ser concebudes com a tipus de text, sin\u00f3 pensades per a un \u00fas espor\u00e0dic i a\u00efllat, amb una finalitat indicada pel seu mateix nom: decorar. Poden ser de fantasia, d\u2019\u00e8poca, futuristes, vintage, etc. \u00c9s interessant esbrinar per a quin mitj\u00e0 va [&hellip;]<\/p>\n","protected":false},"author":1,"featured_media":0,"parent":0,"menu_order":0,"comment_status":"closed","ping_status":"closed","template":"","meta":[],"acf":[],"_links":{"self":[{"href":"http:\/\/disseny.recursos.uoc.edu\/recursos\/dis-marca\/ca\/wp-json\/wp\/v2\/pages\/172"}],"collection":[{"href":"http:\/\/disseny.recursos.uoc.edu\/recursos\/dis-marca\/ca\/wp-json\/wp\/v2\/pages"}],"about":[{"href":"http:\/\/disseny.recursos.uoc.edu\/recursos\/dis-marca\/ca\/wp-json\/wp\/v2\/types\/page"}],"author":[{"embeddable":true,"href":"http:\/\/disseny.recursos.uoc.edu\/recursos\/dis-marca\/ca\/wp-json\/wp\/v2\/users\/1"}],"replies":[{"embeddable":true,"href":"http:\/\/disseny.recursos.uoc.edu\/recursos\/dis-marca\/ca\/wp-json\/wp\/v2\/comments?post=172"}],"version-history":[{"count":8,"href":"http:\/\/disseny.recursos.uoc.edu\/recursos\/dis-marca\/ca\/wp-json\/wp\/v2\/pages\/172\/revisions"}],"predecessor-version":[{"id":678,"href":"http:\/\/disseny.recursos.uoc.edu\/recursos\/dis-marca\/ca\/wp-json\/wp\/v2\/pages\/172\/revisions\/678"}],"wp:attachment":[{"href":"http:\/\/disseny.recursos.uoc.edu\/recursos\/dis-marca\/ca\/wp-json\/wp\/v2\/media?parent=172"}],"curies":[{"name":"wp","href":"https:\/\/api.w.org\/{rel}","templated":true}]}}