{"id":167,"date":"2017-06-21T09:17:23","date_gmt":"2017-06-21T09:17:23","guid":{"rendered":"http:\/\/disseny.recursos.uoc.edu\/recursos\/dis-marca\/?page_id=167"},"modified":"2017-07-11T12:51:51","modified_gmt":"2017-07-11T12:51:51","slug":"2-las-tipografias-7","status":"publish","type":"page","link":"http:\/\/disseny.recursos.uoc.edu\/recursos\/dis-marca\/ca\/2-las-tipografias-7\/","title":{"rendered":"2. Les tipografies"},"content":{"rendered":"<p><\/p>\n<h3>2.3. Seleccionar adequadament tipografies segons la seva classificaci\u00f3<\/h3>\n<h3>2.3.5. <em>Script<\/em> (o cal\u00b7ligr\u00e0fiques)<\/h3>\n<p>Les fonts <em>script<\/em> contenen car\u00e0cters que imiten l\u2019escriptura manuscrita. S\u00f3n perfectes per a textos breus i expressius. La seva varietat abasta des de fonts cal\u00b7ligr\u00e0fiques cl\u00e0ssiques i fluides fins a dissenys elegants amb car\u00e0cters m\u00e9s informals. Cal anar amb compte amb el seu \u00fas, ja que de vegades no tenen bona llegibilitat.<\/p>\n<p><div id=\"attachment_170\" style=\"width: 460px\" class=\"wp-caption alignnone\"><img aria-describedby=\"caption-attachment-170\" loading=\"lazy\" class=\"img-responsive wp-image-170 size-full\" src=\"http:\/\/disseny.recursos.uoc.edu\/recursos\/dis-marca\/wp-content\/uploads\/sites\/22\/2017\/06\/20118_a2_012.jpg\" alt=\"\" width=\"450\" height=\"416\" srcset=\"http:\/\/disseny.recursos.uoc.edu\/recursos\/dis-marca\/wp-content\/uploads\/sites\/22\/2017\/06\/20118_a2_012.jpg 450w, http:\/\/disseny.recursos.uoc.edu\/recursos\/dis-marca\/wp-content\/uploads\/sites\/22\/2017\/06\/20118_a2_012-300x277.jpg 300w\" sizes=\"(max-width: 450px) 100vw, 450px\" \/><p id=\"caption-attachment-170\" class=\"wp-caption-text\">Exemples s\u00f3n Bickman, Shelley, Kuenstler, Jellyka, Brush Script, Bradley, Miama, etc.<\/p><\/div><\/p>","protected":false},"excerpt":{"rendered":"<p>2.3. Seleccionar adequadament tipografies segons la seva classificaci\u00f3 2.3.5. Script (o cal\u00b7ligr\u00e0fiques) Les fonts script contenen car\u00e0cters que imiten l\u2019escriptura manuscrita. S\u00f3n perfectes per a textos breus i expressius. La seva varietat abasta des de fonts cal\u00b7ligr\u00e0fiques cl\u00e0ssiques i fluides fins a dissenys elegants amb car\u00e0cters m\u00e9s informals. Cal anar amb compte amb el seu [&hellip;]<\/p>\n","protected":false},"author":1,"featured_media":0,"parent":0,"menu_order":0,"comment_status":"closed","ping_status":"closed","template":"","meta":[],"acf":[],"_links":{"self":[{"href":"http:\/\/disseny.recursos.uoc.edu\/recursos\/dis-marca\/ca\/wp-json\/wp\/v2\/pages\/167"}],"collection":[{"href":"http:\/\/disseny.recursos.uoc.edu\/recursos\/dis-marca\/ca\/wp-json\/wp\/v2\/pages"}],"about":[{"href":"http:\/\/disseny.recursos.uoc.edu\/recursos\/dis-marca\/ca\/wp-json\/wp\/v2\/types\/page"}],"author":[{"embeddable":true,"href":"http:\/\/disseny.recursos.uoc.edu\/recursos\/dis-marca\/ca\/wp-json\/wp\/v2\/users\/1"}],"replies":[{"embeddable":true,"href":"http:\/\/disseny.recursos.uoc.edu\/recursos\/dis-marca\/ca\/wp-json\/wp\/v2\/comments?post=167"}],"version-history":[{"count":4,"href":"http:\/\/disseny.recursos.uoc.edu\/recursos\/dis-marca\/ca\/wp-json\/wp\/v2\/pages\/167\/revisions"}],"predecessor-version":[{"id":633,"href":"http:\/\/disseny.recursos.uoc.edu\/recursos\/dis-marca\/ca\/wp-json\/wp\/v2\/pages\/167\/revisions\/633"}],"wp:attachment":[{"href":"http:\/\/disseny.recursos.uoc.edu\/recursos\/dis-marca\/ca\/wp-json\/wp\/v2\/media?parent=167"}],"curies":[{"name":"wp","href":"https:\/\/api.w.org\/{rel}","templated":true}]}}