{"id":162,"date":"2017-06-21T09:14:14","date_gmt":"2017-06-21T09:14:14","guid":{"rendered":"http:\/\/disseny.recursos.uoc.edu\/recursos\/dis-marca\/?page_id=162"},"modified":"2017-06-29T07:39:52","modified_gmt":"2017-06-29T07:39:52","slug":"2-las-tipografias-6","status":"publish","type":"page","link":"http:\/\/disseny.recursos.uoc.edu\/recursos\/dis-marca\/ca\/2-las-tipografias-6\/","title":{"rendered":"2. Les tipografies"},"content":{"rendered":"<p><\/p>\n<h3>2.3. Seleccionar adequadament tipografies segons la seva classificaci\u00f3<\/h3>\n<h3>2.3.4. Pal sec (<em>sans serif<\/em>)<\/h3>\n<p>La seva caracter\u00edstica principal \u00e9s que els car\u00e0cters es redueixen al seu esquema m\u00e9s essencial. L\u2019asta \u00e9s uniforme i no tenen rematada. Les lletres estan conformades per l\u00ednies rectes i cercles units (reflecteixen l\u2019\u00e8poca en la qual neixen: la industrialitzaci\u00f3 i el funcionalisme). Presenten una alta llegibilitat fins i tot en mides petites.<\/p>\n<p><div id=\"attachment_165\" style=\"width: 460px\" class=\"wp-caption alignnone\"><img aria-describedby=\"caption-attachment-165\" loading=\"lazy\" class=\"img-responsive wp-image-165 size-full\" src=\"http:\/\/disseny.recursos.uoc.edu\/recursos\/dis-marca\/wp-content\/uploads\/sites\/22\/2017\/06\/20118_a2_011.jpg\" alt=\"\" width=\"450\" height=\"414\" srcset=\"http:\/\/disseny.recursos.uoc.edu\/recursos\/dis-marca\/wp-content\/uploads\/sites\/22\/2017\/06\/20118_a2_011.jpg 450w, http:\/\/disseny.recursos.uoc.edu\/recursos\/dis-marca\/wp-content\/uploads\/sites\/22\/2017\/06\/20118_a2_011-300x276.jpg 300w\" sizes=\"(max-width: 450px) 100vw, 450px\" \/><p id=\"caption-attachment-165\" class=\"wp-caption-text\">Fam\u00edlies d\u2019aquesta categoria s\u00f3n Futura, Helv\u00e8tica, Frutiger, etc.<\/p><\/div><\/p>","protected":false},"excerpt":{"rendered":"<p>2.3. Seleccionar adequadament tipografies segons la seva classificaci\u00f3 2.3.4. Pal sec (sans serif) La seva caracter\u00edstica principal \u00e9s que els car\u00e0cters es redueixen al seu esquema m\u00e9s essencial. L\u2019asta \u00e9s uniforme i no tenen rematada. Les lletres estan conformades per l\u00ednies rectes i cercles units (reflecteixen l\u2019\u00e8poca en la qual neixen: la industrialitzaci\u00f3 i el [&hellip;]<\/p>\n","protected":false},"author":1,"featured_media":0,"parent":0,"menu_order":0,"comment_status":"closed","ping_status":"closed","template":"","meta":[],"acf":[],"_links":{"self":[{"href":"http:\/\/disseny.recursos.uoc.edu\/recursos\/dis-marca\/ca\/wp-json\/wp\/v2\/pages\/162"}],"collection":[{"href":"http:\/\/disseny.recursos.uoc.edu\/recursos\/dis-marca\/ca\/wp-json\/wp\/v2\/pages"}],"about":[{"href":"http:\/\/disseny.recursos.uoc.edu\/recursos\/dis-marca\/ca\/wp-json\/wp\/v2\/types\/page"}],"author":[{"embeddable":true,"href":"http:\/\/disseny.recursos.uoc.edu\/recursos\/dis-marca\/ca\/wp-json\/wp\/v2\/users\/1"}],"replies":[{"embeddable":true,"href":"http:\/\/disseny.recursos.uoc.edu\/recursos\/dis-marca\/ca\/wp-json\/wp\/v2\/comments?post=162"}],"version-history":[{"count":3,"href":"http:\/\/disseny.recursos.uoc.edu\/recursos\/dis-marca\/ca\/wp-json\/wp\/v2\/pages\/162\/revisions"}],"predecessor-version":[{"id":544,"href":"http:\/\/disseny.recursos.uoc.edu\/recursos\/dis-marca\/ca\/wp-json\/wp\/v2\/pages\/162\/revisions\/544"}],"wp:attachment":[{"href":"http:\/\/disseny.recursos.uoc.edu\/recursos\/dis-marca\/ca\/wp-json\/wp\/v2\/media?parent=162"}],"curies":[{"name":"wp","href":"https:\/\/api.w.org\/{rel}","templated":true}]}}