{"id":157,"date":"2017-06-21T09:11:34","date_gmt":"2017-06-21T09:11:34","guid":{"rendered":"http:\/\/disseny.recursos.uoc.edu\/recursos\/dis-marca\/?page_id=157"},"modified":"2017-06-29T07:38:07","modified_gmt":"2017-06-29T07:38:07","slug":"2-las-tipografias-5","status":"publish","type":"page","link":"http:\/\/disseny.recursos.uoc.edu\/recursos\/dis-marca\/ca\/2-las-tipografias-5\/","title":{"rendered":"2. Les tipografies"},"content":{"rendered":"<p><\/p>\n<h3>2.3. Seleccionar adequadament tipografies segons la seva classificaci\u00f3<\/h3>\n<h3>2.3.3. Eg\u00edpcies (o mecanes)<\/h3>\n<p>Tenen l\u2019asta uniforme i la rematada recta (no hi sol haver difer\u00e8ncia de gruix entre l\u2019asta i la gr\u00e0cia). Estan a mig cam\u00ed entre el tipus rom\u00e0 i la forma sint\u00e8tica, la qual cosa dona lloc a textos est\u00e8ticament bells i de bona lectura. Aquestes fonts mantenen el mateix gruix en totes les seves parts, i fins i tot el serif \u00e9s tan gruixut com els bastons.<\/p>\n<p><div id=\"attachment_160\" style=\"width: 460px\" class=\"wp-caption alignnone\"><img aria-describedby=\"caption-attachment-160\" loading=\"lazy\" class=\"img-responsive wp-image-160 size-full\" src=\"http:\/\/disseny.recursos.uoc.edu\/recursos\/dis-marca\/wp-content\/uploads\/sites\/22\/2017\/06\/20118_a2_010.jpg\" alt=\"\" width=\"450\" height=\"497\" srcset=\"http:\/\/disseny.recursos.uoc.edu\/recursos\/dis-marca\/wp-content\/uploads\/sites\/22\/2017\/06\/20118_a2_010.jpg 450w, http:\/\/disseny.recursos.uoc.edu\/recursos\/dis-marca\/wp-content\/uploads\/sites\/22\/2017\/06\/20118_a2_010-272x300.jpg 272w\" sizes=\"(max-width: 450px) 100vw, 450px\" \/><p id=\"caption-attachment-160\" class=\"wp-caption-text\">Exemples d\u2019eg\u00edpcies serien <em>Clarendon, Egyptienne, Glypha, Memphis, Serifa, <\/em>Caecilia, Archer, etc.<\/p><\/div><\/p>","protected":false},"excerpt":{"rendered":"<p>2.3. Seleccionar adequadament tipografies segons la seva classificaci\u00f3 2.3.3. Eg\u00edpcies (o mecanes) Tenen l\u2019asta uniforme i la rematada recta (no hi sol haver difer\u00e8ncia de gruix entre l\u2019asta i la gr\u00e0cia). Estan a mig cam\u00ed entre el tipus rom\u00e0 i la forma sint\u00e8tica, la qual cosa dona lloc a textos est\u00e8ticament bells i de bona [&hellip;]<\/p>\n","protected":false},"author":1,"featured_media":0,"parent":0,"menu_order":0,"comment_status":"closed","ping_status":"closed","template":"","meta":[],"acf":[],"_links":{"self":[{"href":"http:\/\/disseny.recursos.uoc.edu\/recursos\/dis-marca\/ca\/wp-json\/wp\/v2\/pages\/157"}],"collection":[{"href":"http:\/\/disseny.recursos.uoc.edu\/recursos\/dis-marca\/ca\/wp-json\/wp\/v2\/pages"}],"about":[{"href":"http:\/\/disseny.recursos.uoc.edu\/recursos\/dis-marca\/ca\/wp-json\/wp\/v2\/types\/page"}],"author":[{"embeddable":true,"href":"http:\/\/disseny.recursos.uoc.edu\/recursos\/dis-marca\/ca\/wp-json\/wp\/v2\/users\/1"}],"replies":[{"embeddable":true,"href":"http:\/\/disseny.recursos.uoc.edu\/recursos\/dis-marca\/ca\/wp-json\/wp\/v2\/comments?post=157"}],"version-history":[{"count":3,"href":"http:\/\/disseny.recursos.uoc.edu\/recursos\/dis-marca\/ca\/wp-json\/wp\/v2\/pages\/157\/revisions"}],"predecessor-version":[{"id":543,"href":"http:\/\/disseny.recursos.uoc.edu\/recursos\/dis-marca\/ca\/wp-json\/wp\/v2\/pages\/157\/revisions\/543"}],"wp:attachment":[{"href":"http:\/\/disseny.recursos.uoc.edu\/recursos\/dis-marca\/ca\/wp-json\/wp\/v2\/media?parent=157"}],"curies":[{"name":"wp","href":"https:\/\/api.w.org\/{rel}","templated":true}]}}