{"id":151,"date":"2017-06-21T09:06:53","date_gmt":"2017-06-21T09:06:53","guid":{"rendered":"http:\/\/disseny.recursos.uoc.edu\/recursos\/dis-marca\/?page_id=151"},"modified":"2017-06-29T07:35:52","modified_gmt":"2017-06-29T07:35:52","slug":"2-las-tipografias-4","status":"publish","type":"page","link":"http:\/\/disseny.recursos.uoc.edu\/recursos\/dis-marca\/ca\/2-las-tipografias-4\/","title":{"rendered":"2. Les tipografies"},"content":{"rendered":"<p><\/p>\n<h3>2.3. Seleccionar adequadament tipografies segons la seva classificaci\u00f3<\/h3>\n<h3>2.3.2. Romana moderna<\/h3>\n<p>Tamb\u00e9 s\u00f3n conegudes com tipografies \u00abdidones\u00bb. S\u00f3n una evoluci\u00f3 de l\u2019antiga. Els seus car\u00e0cters s\u00f3n r\u00edgids, de gr\u00e0cia recta i d\u2019asta molt contrastada.<\/p>\n<ul>\n<li>Modulaci\u00f3 <strong>axial (angle recte) amb molt de contrast entre tra\u00e7os prims i gruixuts<\/strong><strong>.<\/strong><\/li>\n<li>Rematades <strong>proporcionades<\/strong><strong>.<\/strong><\/li>\n<li>L\u2019ull mitj\u00e0 \u00e9s lleugerament m\u00e9s petit que les l\u00ednies ascendents o descendents.<\/li>\n<\/ul>\n<p><div id=\"attachment_155\" style=\"width: 460px\" class=\"wp-caption alignnone\"><img aria-describedby=\"caption-attachment-155\" loading=\"lazy\" class=\"img-responsive wp-image-155 size-full\" src=\"http:\/\/disseny.recursos.uoc.edu\/recursos\/dis-marca\/wp-content\/uploads\/sites\/22\/2017\/06\/20118_a2_009.jpg\" alt=\"\" width=\"450\" height=\"480\" srcset=\"http:\/\/disseny.recursos.uoc.edu\/recursos\/dis-marca\/wp-content\/uploads\/sites\/22\/2017\/06\/20118_a2_009.jpg 450w, http:\/\/disseny.recursos.uoc.edu\/recursos\/dis-marca\/wp-content\/uploads\/sites\/22\/2017\/06\/20118_a2_009-281x300.jpg 281w\" sizes=\"(max-width: 450px) 100vw, 450px\" \/><p id=\"caption-attachment-155\" class=\"wp-caption-text\">En aquest grup es poden englobar tipografies com Bodoni, Didot, Lucida, Centennial, New Baskerville, etc.<\/p><\/div><\/p>","protected":false},"excerpt":{"rendered":"<p>2.3. Seleccionar adequadament tipografies segons la seva classificaci\u00f3 2.3.2. Romana moderna Tamb\u00e9 s\u00f3n conegudes com tipografies \u00abdidones\u00bb. S\u00f3n una evoluci\u00f3 de l\u2019antiga. Els seus car\u00e0cters s\u00f3n r\u00edgids, de gr\u00e0cia recta i d\u2019asta molt contrastada. Modulaci\u00f3 axial (angle recte) amb molt de contrast entre tra\u00e7os prims i gruixuts. Rematades proporcionades. L\u2019ull mitj\u00e0 \u00e9s lleugerament m\u00e9s petit [&hellip;]<\/p>\n","protected":false},"author":1,"featured_media":0,"parent":0,"menu_order":0,"comment_status":"closed","ping_status":"closed","template":"","meta":[],"acf":[],"_links":{"self":[{"href":"http:\/\/disseny.recursos.uoc.edu\/recursos\/dis-marca\/ca\/wp-json\/wp\/v2\/pages\/151"}],"collection":[{"href":"http:\/\/disseny.recursos.uoc.edu\/recursos\/dis-marca\/ca\/wp-json\/wp\/v2\/pages"}],"about":[{"href":"http:\/\/disseny.recursos.uoc.edu\/recursos\/dis-marca\/ca\/wp-json\/wp\/v2\/types\/page"}],"author":[{"embeddable":true,"href":"http:\/\/disseny.recursos.uoc.edu\/recursos\/dis-marca\/ca\/wp-json\/wp\/v2\/users\/1"}],"replies":[{"embeddable":true,"href":"http:\/\/disseny.recursos.uoc.edu\/recursos\/dis-marca\/ca\/wp-json\/wp\/v2\/comments?post=151"}],"version-history":[{"count":5,"href":"http:\/\/disseny.recursos.uoc.edu\/recursos\/dis-marca\/ca\/wp-json\/wp\/v2\/pages\/151\/revisions"}],"predecessor-version":[{"id":542,"href":"http:\/\/disseny.recursos.uoc.edu\/recursos\/dis-marca\/ca\/wp-json\/wp\/v2\/pages\/151\/revisions\/542"}],"wp:attachment":[{"href":"http:\/\/disseny.recursos.uoc.edu\/recursos\/dis-marca\/ca\/wp-json\/wp\/v2\/media?parent=151"}],"curies":[{"name":"wp","href":"https:\/\/api.w.org\/{rel}","templated":true}]}}