{"id":138,"date":"2017-06-21T08:58:38","date_gmt":"2017-06-21T08:58:38","guid":{"rendered":"http:\/\/disseny.recursos.uoc.edu\/recursos\/dis-marca\/?page_id=138"},"modified":"2017-07-13T10:57:53","modified_gmt":"2017-07-13T10:57:53","slug":"2-las-tipografias-2","status":"publish","type":"page","link":"http:\/\/disseny.recursos.uoc.edu\/recursos\/dis-marca\/ca\/2-las-tipografias-2\/","title":{"rendered":"2. Les tipografies"},"content":{"rendered":"<p><\/p>\n<h3>2.2. Con\u00e8ixer els tipus, les fam\u00edlies i els seus usos ens ajudar\u00e0 a triar b\u00e9<\/h3>\n<p>Repassarem de manera simple qu\u00e8 \u00e9s un tipus de lletra, aix\u00ed com les seves variants.<\/p>\n<p>S\u2019anomenen <em>tipus<\/em> o <em>fonts<\/em> el conjunt de models amb els quals es representen totes les lletres de l\u2019alfabet amb un estil determinat.<\/p>\n<p>Una fam\u00edlia tipogr\u00e0fica \u00e9s el conjunt de totes les variants tipogr\u00e0fiques dins d\u2019una font, diferenciades per:<\/p>\n<ul>\n<li>Pes: <em>light<\/em>, <em>regular<\/em> o <em>bold<\/em>.<\/li>\n<li>Inclinaci\u00f3 o eix: <em>roman<\/em> o <em>italic<\/em>.<\/li>\n<li>Proporci\u00f3 o ampl\u00e0ria: <em>regular<\/em>, <em>condensed<\/em> o <em>extended<\/em>.<\/li>\n<\/ul>\n<div id=\"attachment_141\" style=\"width: 460px\" class=\"wp-caption alignnone\"><img aria-describedby=\"caption-attachment-141\" loading=\"lazy\" class=\"img-responsive wp-image-141 size-full\" src=\"http:\/\/disseny.recursos.uoc.edu\/recursos\/dis-marca\/wp-content\/uploads\/sites\/22\/2017\/06\/20118_a2_005.jpg\" alt=\"\" width=\"450\" height=\"636\" srcset=\"http:\/\/disseny.recursos.uoc.edu\/recursos\/dis-marca\/wp-content\/uploads\/sites\/22\/2017\/06\/20118_a2_005.jpg 450w, http:\/\/disseny.recursos.uoc.edu\/recursos\/dis-marca\/wp-content\/uploads\/sites\/22\/2017\/06\/20118_a2_005-212x300.jpg 212w\" sizes=\"(max-width: 450px) 100vw, 450px\" \/><p id=\"caption-attachment-141\" class=\"wp-caption-text\">Exemple de la fam\u00edlia tipogr\u00e0fica Gotham, dissenyada per Tobias Frere-Jones originalment per a la revista <em>GQ<\/em>: els editors volien un tipus de lletra que no tingu\u00e9s rematades i que dispos\u00e9s d\u2019una estructura geom\u00e8trica d\u2019aires nous, frescos i aspecte mascul\u00ed.<\/p><\/div>\n<div class=\"definicio\">\n<p>Triar tipografies que tinguin una fam\u00edlia \u00e0mplia ens assegurar\u00e0 versatilitat i ens facilitar\u00e0 l\u2019adaptaci\u00f3 del seu \u00fas en el disseny.<\/p>\n<\/div>\n<p><div id=\"attachment_693\" style=\"width: 1210px\" class=\"wp-caption alignnone\"><a href=\"http:\/\/disseny.recursos.uoc.edu\/recursos\/dis-marca\/wp-content\/uploads\/sites\/22\/2017\/06\/20118_a2_006-2.jpg\"><img aria-describedby=\"caption-attachment-693\" loading=\"lazy\" class=\"img-responsive wp-image-693 size-full\" src=\"http:\/\/disseny.recursos.uoc.edu\/recursos\/dis-marca\/wp-content\/uploads\/sites\/22\/2017\/06\/20118_a2_006-2.jpg\" alt=\"\" width=\"1200\" height=\"487\" srcset=\"http:\/\/disseny.recursos.uoc.edu\/recursos\/dis-marca\/wp-content\/uploads\/sites\/22\/2017\/06\/20118_a2_006-2.jpg 1200w, http:\/\/disseny.recursos.uoc.edu\/recursos\/dis-marca\/wp-content\/uploads\/sites\/22\/2017\/06\/20118_a2_006-2-300x122.jpg 300w, http:\/\/disseny.recursos.uoc.edu\/recursos\/dis-marca\/wp-content\/uploads\/sites\/22\/2017\/06\/20118_a2_006-2-768x312.jpg 768w, http:\/\/disseny.recursos.uoc.edu\/recursos\/dis-marca\/wp-content\/uploads\/sites\/22\/2017\/06\/20118_a2_006-2-1024x416.jpg 1024w\" sizes=\"(max-width: 1200px) 100vw, 1200px\" \/><\/a><p id=\"caption-attachment-693\" class=\"wp-caption-text\">Per a treballar efica\u00e7ment amb tipografies hem de tenir molt clar quines s\u00f3n totes les parts d\u2019una lletra. Aix\u00f2 ens ajudar\u00e0 a diferenciar les caracter\u00edstiques espec\u00edfiques de cada tipografia.<\/p><\/div><\/p>","protected":false},"excerpt":{"rendered":"<p>2.2. Con\u00e8ixer els tipus, les fam\u00edlies i els seus usos ens ajudar\u00e0 a triar b\u00e9 Repassarem de manera simple qu\u00e8 \u00e9s un tipus de lletra, aix\u00ed com les seves variants. S\u2019anomenen tipus o fonts el conjunt de models amb els quals es representen totes les lletres de l\u2019alfabet amb un estil determinat. Una fam\u00edlia tipogr\u00e0fica [&hellip;]<\/p>\n","protected":false},"author":1,"featured_media":0,"parent":0,"menu_order":0,"comment_status":"closed","ping_status":"closed","template":"","meta":[],"acf":[],"_links":{"self":[{"href":"http:\/\/disseny.recursos.uoc.edu\/recursos\/dis-marca\/ca\/wp-json\/wp\/v2\/pages\/138"}],"collection":[{"href":"http:\/\/disseny.recursos.uoc.edu\/recursos\/dis-marca\/ca\/wp-json\/wp\/v2\/pages"}],"about":[{"href":"http:\/\/disseny.recursos.uoc.edu\/recursos\/dis-marca\/ca\/wp-json\/wp\/v2\/types\/page"}],"author":[{"embeddable":true,"href":"http:\/\/disseny.recursos.uoc.edu\/recursos\/dis-marca\/ca\/wp-json\/wp\/v2\/users\/1"}],"replies":[{"embeddable":true,"href":"http:\/\/disseny.recursos.uoc.edu\/recursos\/dis-marca\/ca\/wp-json\/wp\/v2\/comments?post=138"}],"version-history":[{"count":14,"href":"http:\/\/disseny.recursos.uoc.edu\/recursos\/dis-marca\/ca\/wp-json\/wp\/v2\/pages\/138\/revisions"}],"predecessor-version":[{"id":727,"href":"http:\/\/disseny.recursos.uoc.edu\/recursos\/dis-marca\/ca\/wp-json\/wp\/v2\/pages\/138\/revisions\/727"}],"wp:attachment":[{"href":"http:\/\/disseny.recursos.uoc.edu\/recursos\/dis-marca\/ca\/wp-json\/wp\/v2\/media?parent=138"}],"curies":[{"name":"wp","href":"https:\/\/api.w.org\/{rel}","templated":true}]}}