{"id":1015,"date":"2019-07-09T10:33:24","date_gmt":"2019-07-09T10:33:24","guid":{"rendered":"http:\/\/disseny.recursos.uoc.edu\/recursos\/dis-marca\/?page_id=1015"},"modified":"2019-08-02T08:51:57","modified_gmt":"2019-08-02T08:51:57","slug":"9-tipus-de-publicacions-digitals-11","status":"publish","type":"page","link":"http:\/\/disseny.recursos.uoc.edu\/recursos\/dis-marca\/ca\/9-tipus-de-publicacions-digitals-11\/","title":{"rendered":"9. Tipus de publicacions digitals"},"content":{"rendered":"<p><\/p>\n<h3>9.5. Disseny digital<\/h3>\n<p>La paraula clau en aquest camp \u00e9s <strong>adaptaci\u00f3<\/strong>. Els dissenyadors es troben davant la disjuntiva que han d\u2019adaptar-se als nous formats, a les noves eines i, en conseq\u00fc\u00e8ncia, a les noves formes de dissenyar i de comunicar a trav\u00e9s del disseny.<\/p>\n<h3>9.5.1. T\u00e8cniques d\u2019adaptaci\u00f3 d\u2019un disseny<\/h3>\n<p>Si partim d\u2019un disseny previ, per exemple una revista en paper, i hem de crear la seva versi\u00f3 digital, el primer que haurem de plantejar-nos \u00e9s quins elements del disseny original funcionaran en pantalla. Cal tenir en compte que la personalitat i la imatge corporativa del producte que volem traslladar ha de seguir existint, per la qual cosa tots els elements que apareguin a la nostra adaptaci\u00f3 han de contenir aquesta imatge de marca. D\u2019altra banda, pel que fa a contingut, tamb\u00e9 cal anotar una s\u00e8rie de consideracions, ja que, si el producte que volem crear tindr\u00e0 \u00abcontinguts extres\u00bb, ja sigui per les nombroses possibilitats que se\u2019ns presenten en poder aplicar interactivitat o pels nous formats que es poden implementar, tamb\u00e9 \u00e9s important con\u00e8ixer l\u2019eina amb la que durem a terme aquest nou disseny. InDesign compta amb <em>plugins<\/em> per poder treballar en digital (Aquafadas) i tamb\u00e9 hi ha programes desenvolupats espec\u00edficament per a aquest fi. Dependr\u00e0 del dissenyador o de l\u2019empresa en la qual es treballi fer-ho d\u2019una manera o d\u2019una altra.<\/p>\n<p>Exemple: en la versi\u00f3 digital de la revista <em>Hist\u00f2ria<\/em>, de National Geographic, es traslladen els continguts de la publicaci\u00f3 en paper en curs a la versi\u00f3 digital descarregable, mitjan\u00e7ant app, per\u00f2 aquests continguts estan enriquits i ens ofereixen un plus, gr\u00e0cies a les noves eines i possibilitats.<\/p>\n<p>&nbsp;<\/p>","protected":false},"excerpt":{"rendered":"<p>9.5. Disseny digital La paraula clau en aquest camp \u00e9s adaptaci\u00f3. Els dissenyadors es troben davant la disjuntiva que han d\u2019adaptar-se als nous formats, a les noves eines i, en conseq\u00fc\u00e8ncia, a les noves formes de dissenyar i de comunicar a trav\u00e9s del disseny. 9.5.1. T\u00e8cniques d\u2019adaptaci\u00f3 d\u2019un disseny Si partim d\u2019un disseny previ, per [&hellip;]<\/p>\n","protected":false},"author":1,"featured_media":0,"parent":0,"menu_order":0,"comment_status":"closed","ping_status":"closed","template":"","meta":[],"acf":[],"_links":{"self":[{"href":"http:\/\/disseny.recursos.uoc.edu\/recursos\/dis-marca\/ca\/wp-json\/wp\/v2\/pages\/1015"}],"collection":[{"href":"http:\/\/disseny.recursos.uoc.edu\/recursos\/dis-marca\/ca\/wp-json\/wp\/v2\/pages"}],"about":[{"href":"http:\/\/disseny.recursos.uoc.edu\/recursos\/dis-marca\/ca\/wp-json\/wp\/v2\/types\/page"}],"author":[{"embeddable":true,"href":"http:\/\/disseny.recursos.uoc.edu\/recursos\/dis-marca\/ca\/wp-json\/wp\/v2\/users\/1"}],"replies":[{"embeddable":true,"href":"http:\/\/disseny.recursos.uoc.edu\/recursos\/dis-marca\/ca\/wp-json\/wp\/v2\/comments?post=1015"}],"version-history":[{"count":7,"href":"http:\/\/disseny.recursos.uoc.edu\/recursos\/dis-marca\/ca\/wp-json\/wp\/v2\/pages\/1015\/revisions"}],"predecessor-version":[{"id":1199,"href":"http:\/\/disseny.recursos.uoc.edu\/recursos\/dis-marca\/ca\/wp-json\/wp\/v2\/pages\/1015\/revisions\/1199"}],"wp:attachment":[{"href":"http:\/\/disseny.recursos.uoc.edu\/recursos\/dis-marca\/ca\/wp-json\/wp\/v2\/media?parent=1015"}],"curies":[{"name":"wp","href":"https:\/\/api.w.org\/{rel}","templated":true}]}}