{"id":1009,"date":"2019-07-09T10:30:04","date_gmt":"2019-07-09T10:30:04","guid":{"rendered":"http:\/\/disseny.recursos.uoc.edu\/recursos\/dis-marca\/?page_id=1009"},"modified":"2019-08-02T08:51:02","modified_gmt":"2019-08-02T08:51:02","slug":"9-tipus-de-publicacions-digitals-10","status":"publish","type":"page","link":"http:\/\/disseny.recursos.uoc.edu\/recursos\/dis-marca\/ca\/9-tipus-de-publicacions-digitals-10\/","title":{"rendered":"9. Tipus de publicacions digitals"},"content":{"rendered":"<p><\/p>\n<h3>9.4. El disseny digital centrat en l\u2019usuari: <em>user experience <\/em>(UX)<\/h3>\n<h3>9.4.4. <em>UX Designer <\/em>i<em> UI Designer<\/em><\/h3>\n<p>La persona que realitza UX \u00e9s l\u2019<em>UX Designer<\/em>. Les seves funcions s\u00f3n investigar les necessitats dels usuaris i cercar maneres de complir els objectius. \u00c9s un nou lloc multidisciplinari que ha sorgit en els \u00faltims temps per respondre a les noves necessitats dels formats digitals. Els seus coneixements no nom\u00e9s s\u2019han de limitar al disseny, sin\u00f3 que han de tenir coneixements de m\u00e0rqueting, psicologia, sociologia, etc.<\/p>\n<p>Un <em>UI Designer<\/em> \u00e9s l\u2019encarregat de confeccionar una interf\u00edcie per al producte que es correlacioni amb l\u2019experi\u00e8ncia de l\u2019usuari. \u00c9s el que s\u2019encarrega de crear els elements interactius i ha de fer que es vegi correctament en totes les plataformes. Podr\u00edem concloure que l\u2019UX Designer \u00e9s el que s&#8217;encarrega de fer el treball previ d&#8217;investigaci\u00f3 per a qu\u00e8 l\u2019 UI Designer pugui fer correctament la seva feina de disseny.<\/p>","protected":false},"excerpt":{"rendered":"<p>9.4. El disseny digital centrat en l\u2019usuari: user experience (UX) 9.4.4. UX Designer i UI Designer La persona que realitza UX \u00e9s l\u2019UX Designer. Les seves funcions s\u00f3n investigar les necessitats dels usuaris i cercar maneres de complir els objectius. \u00c9s un nou lloc multidisciplinari que ha sorgit en els \u00faltims temps per respondre a [&hellip;]<\/p>\n","protected":false},"author":1,"featured_media":0,"parent":0,"menu_order":0,"comment_status":"closed","ping_status":"closed","template":"","meta":[],"acf":[],"_links":{"self":[{"href":"http:\/\/disseny.recursos.uoc.edu\/recursos\/dis-marca\/ca\/wp-json\/wp\/v2\/pages\/1009"}],"collection":[{"href":"http:\/\/disseny.recursos.uoc.edu\/recursos\/dis-marca\/ca\/wp-json\/wp\/v2\/pages"}],"about":[{"href":"http:\/\/disseny.recursos.uoc.edu\/recursos\/dis-marca\/ca\/wp-json\/wp\/v2\/types\/page"}],"author":[{"embeddable":true,"href":"http:\/\/disseny.recursos.uoc.edu\/recursos\/dis-marca\/ca\/wp-json\/wp\/v2\/users\/1"}],"replies":[{"embeddable":true,"href":"http:\/\/disseny.recursos.uoc.edu\/recursos\/dis-marca\/ca\/wp-json\/wp\/v2\/comments?post=1009"}],"version-history":[{"count":9,"href":"http:\/\/disseny.recursos.uoc.edu\/recursos\/dis-marca\/ca\/wp-json\/wp\/v2\/pages\/1009\/revisions"}],"predecessor-version":[{"id":1198,"href":"http:\/\/disseny.recursos.uoc.edu\/recursos\/dis-marca\/ca\/wp-json\/wp\/v2\/pages\/1009\/revisions\/1198"}],"wp:attachment":[{"href":"http:\/\/disseny.recursos.uoc.edu\/recursos\/dis-marca\/ca\/wp-json\/wp\/v2\/media?parent=1009"}],"curies":[{"name":"wp","href":"https:\/\/api.w.org\/{rel}","templated":true}]}}