{"id":1006,"date":"2019-07-09T10:29:13","date_gmt":"2019-07-09T10:29:13","guid":{"rendered":"http:\/\/disseny.recursos.uoc.edu\/recursos\/dis-marca\/?page_id=1006"},"modified":"2019-08-02T08:50:16","modified_gmt":"2019-08-02T08:50:16","slug":"9-tipos-de-publicaciones-digitales-11","status":"publish","type":"page","link":"http:\/\/disseny.recursos.uoc.edu\/recursos\/dis-marca\/ca\/9-tipos-de-publicaciones-digitales-11\/","title":{"rendered":"9. Tipus de publicacions digitals"},"content":{"rendered":"<p><\/p>\n<h3>9.4. El disseny digital centrat en l\u2019usuari: <em>user experience <\/em>(UX)<\/h3>\n<h3>9.4.3. T\u00e8cniques d\u2019UX per con\u00e8ixer l\u2019usuari<\/h3>\n<ul>\n<li>Les entrevistes cara a cara, l&#8217;objectiu de les quals \u00e9s aconseguir la major quantitat d&#8217;informaci\u00f3 possible sobre els h\u00e0bits de l&#8217;usuari relacionats amb el que s&#8217;est\u00e0 oferint, ajuden a entendre quines necessitats s\u00f3n les que cal cobrir.<\/li>\n<li>Els <em>focus groups<\/em> s\u00f3n reunions en grup en les quals es duu a terme una discussi\u00f3 moderada per treure informaci\u00f3 sobre les necessitats dels usuaris.<\/li>\n<li>Les enquestes s\u00f3n m\u00e8todes de baix cost i de resposta immediata en les quals es poden preguntar inquietuds concretes sobre el projecte.<\/li>\n<\/ul>\n<p><\/p>","protected":false},"excerpt":{"rendered":"<p>9.4. El disseny digital centrat en l\u2019usuari: user experience (UX) 9.4.3. T\u00e8cniques d\u2019UX per con\u00e8ixer l\u2019usuari Les entrevistes cara a cara, l&#8217;objectiu de les quals \u00e9s aconseguir la major quantitat d&#8217;informaci\u00f3 possible sobre els h\u00e0bits de l&#8217;usuari relacionats amb el que s&#8217;est\u00e0 oferint, ajuden a entendre quines necessitats s\u00f3n les que cal cobrir. Els focus [&hellip;]<\/p>\n","protected":false},"author":1,"featured_media":0,"parent":0,"menu_order":0,"comment_status":"closed","ping_status":"closed","template":"","meta":[],"acf":[],"_links":{"self":[{"href":"http:\/\/disseny.recursos.uoc.edu\/recursos\/dis-marca\/ca\/wp-json\/wp\/v2\/pages\/1006"}],"collection":[{"href":"http:\/\/disseny.recursos.uoc.edu\/recursos\/dis-marca\/ca\/wp-json\/wp\/v2\/pages"}],"about":[{"href":"http:\/\/disseny.recursos.uoc.edu\/recursos\/dis-marca\/ca\/wp-json\/wp\/v2\/types\/page"}],"author":[{"embeddable":true,"href":"http:\/\/disseny.recursos.uoc.edu\/recursos\/dis-marca\/ca\/wp-json\/wp\/v2\/users\/1"}],"replies":[{"embeddable":true,"href":"http:\/\/disseny.recursos.uoc.edu\/recursos\/dis-marca\/ca\/wp-json\/wp\/v2\/comments?post=1006"}],"version-history":[{"count":7,"href":"http:\/\/disseny.recursos.uoc.edu\/recursos\/dis-marca\/ca\/wp-json\/wp\/v2\/pages\/1006\/revisions"}],"predecessor-version":[{"id":1197,"href":"http:\/\/disseny.recursos.uoc.edu\/recursos\/dis-marca\/ca\/wp-json\/wp\/v2\/pages\/1006\/revisions\/1197"}],"wp:attachment":[{"href":"http:\/\/disseny.recursos.uoc.edu\/recursos\/dis-marca\/ca\/wp-json\/wp\/v2\/media?parent=1006"}],"curies":[{"name":"wp","href":"https:\/\/api.w.org\/{rel}","templated":true}]}}