{"id":1003,"date":"2019-07-09T10:28:02","date_gmt":"2019-07-09T10:28:02","guid":{"rendered":"http:\/\/disseny.recursos.uoc.edu\/recursos\/dis-marca\/?page_id=1003"},"modified":"2019-07-10T09:29:25","modified_gmt":"2019-07-10T09:29:25","slug":"9-tipus-de-publicacions-digitals-9","status":"publish","type":"page","link":"http:\/\/disseny.recursos.uoc.edu\/recursos\/dis-marca\/ca\/9-tipus-de-publicacions-digitals-9\/","title":{"rendered":"9. Tipus de publicacions digitals"},"content":{"rendered":"<p><\/p>\n<h3>9.4. El disseny digital centrat en l\u2019usuari: <em>user experience <\/em>(UX)<\/h3>\n<h3>9.4.2. Principis del disseny centrat en l\u2019usuari<\/h3>\n<ul>\n<li>Entendre les necessitats dels usuaris, con\u00e8ixer quines persones s\u00f3n les que faran \u00fas del producte i les condicions i el suport en el qual ser\u00e0 visualitzat, per poder tenir-ho en compte a l\u2019hora de dissenyar-lo.<\/li>\n<li>Durant el disseny i desenvolupament, \u00e9s convenient comptar amb l\u2019ajuda dels usuaris per poder aconseguir la major informaci\u00f3 possible. Involucrant-los, podem obtenir informaci\u00f3 molt important per valorar solucions a problemes que vagin sorgint i fins i tot aconseguir noves propostes de disseny.<\/li>\n<li>No cal equivocar-se a l\u2019hora d\u2019entendre el terme \u00abusabilitat\u00bb. Que un producte tingui una usabilitat acceptable no vol dir que sigui excessivament senzill, sin\u00f3 que, a l\u2019hora de dissenyar-lo, s\u2019ha tingut en compte el perfil de la persona a la que va dirigit, el contingut que vol comunicar i la resposta que pret\u00e9n aconseguir de l\u2019usuari.<\/li>\n<\/ul>\n<p><\/p>","protected":false},"excerpt":{"rendered":"<p>9.4. El disseny digital centrat en l\u2019usuari: user experience (UX) 9.4.2. Principis del disseny centrat en l\u2019usuari Entendre les necessitats dels usuaris, con\u00e8ixer quines persones s\u00f3n les que faran \u00fas del producte i les condicions i el suport en el qual ser\u00e0 visualitzat, per poder tenir-ho en compte a l\u2019hora de dissenyar-lo. Durant el disseny [&hellip;]<\/p>\n","protected":false},"author":1,"featured_media":0,"parent":0,"menu_order":0,"comment_status":"closed","ping_status":"closed","template":"","meta":[],"acf":[],"_links":{"self":[{"href":"http:\/\/disseny.recursos.uoc.edu\/recursos\/dis-marca\/ca\/wp-json\/wp\/v2\/pages\/1003"}],"collection":[{"href":"http:\/\/disseny.recursos.uoc.edu\/recursos\/dis-marca\/ca\/wp-json\/wp\/v2\/pages"}],"about":[{"href":"http:\/\/disseny.recursos.uoc.edu\/recursos\/dis-marca\/ca\/wp-json\/wp\/v2\/types\/page"}],"author":[{"embeddable":true,"href":"http:\/\/disseny.recursos.uoc.edu\/recursos\/dis-marca\/ca\/wp-json\/wp\/v2\/users\/1"}],"replies":[{"embeddable":true,"href":"http:\/\/disseny.recursos.uoc.edu\/recursos\/dis-marca\/ca\/wp-json\/wp\/v2\/comments?post=1003"}],"version-history":[{"count":6,"href":"http:\/\/disseny.recursos.uoc.edu\/recursos\/dis-marca\/ca\/wp-json\/wp\/v2\/pages\/1003\/revisions"}],"predecessor-version":[{"id":1159,"href":"http:\/\/disseny.recursos.uoc.edu\/recursos\/dis-marca\/ca\/wp-json\/wp\/v2\/pages\/1003\/revisions\/1159"}],"wp:attachment":[{"href":"http:\/\/disseny.recursos.uoc.edu\/recursos\/dis-marca\/ca\/wp-json\/wp\/v2\/media?parent=1003"}],"curies":[{"name":"wp","href":"https:\/\/api.w.org\/{rel}","templated":true}]}}