{"id":462,"date":"2016-09-23T09:10:54","date_gmt":"2016-09-23T09:10:54","guid":{"rendered":"http:\/\/disseny.recursos.uoc.edu\/recursos\/dd\/?page_id=462"},"modified":"2016-09-29T13:26:08","modified_gmt":"2016-09-29T13:26:08","slug":"referencias","status":"publish","type":"page","link":"http:\/\/disseny.recursos.uoc.edu\/recursos\/dd\/referencias\/","title":{"rendered":"Referencias"},"content":{"rendered":"<p><strong>Arnheim, R.<\/strong> (1969\/1986). <em>El pensamiento visual. <\/em>Barcelona: Paid\u00f3s.<\/p>\n<p><strong>Aryse<\/strong> (2013). <em>Gjon Mili y Picasso: dibujando con la luz<\/em>. [En l\u00ednea]. [Fecha de consulta: 2 de julio de 2016].<\/p>\n<p>&lt;<a href=\"http:\/\/www.aryse.org\/gjon-mili-y-picasso-dibujando-con-la-luz\/\" target=\"_blank\">http:\/\/www.aryse.org\/gjon-mili-y-picasso-dibujando-con-la-luz\/<\/a>&gt;<\/p>\n<p><strong>ASALE<\/strong> (2016). <em>Dibujo<\/em>. Diccionario de la lengua espa\u00f1ola. [En l\u00ednea]. [Fecha de consulta: 2 de julio de 2016].<\/p>\n<p>&lt;<a href=\"http:\/\/dle.rae.es\/?id=DgED6Zj\" target=\"_blank\">http:\/\/dle.rae.es\/?id=DgED6Zj<\/a>&gt;<\/p>\n<p><span style=\"font-weight: normal !msorm\"><strong>Banksy<\/strong><\/span> (2001). <em>Banging Your Head Against a Brick Wall<\/em>. Bristol: Banksy.<\/p>\n<p><span style=\"font-weight: normal !msorm\"><strong>Banksy<\/strong><\/span> (2002). <em>Existencilism<\/em>. Londres: Weapons of Mass Distraction.<\/p>\n<p><span style=\"font-weight: normal !msorm\"><strong>Banksy<\/strong><\/span> (2005). <em>Wall and Piece<\/em>. Londres: The Random House Group.<\/p>\n<p><strong>Berger, J.<\/strong> (2005\/2015). <em>Sobre el dibujo<\/em>. Barcelona: Gustavo Gili.<\/p>\n<p><span style=\"font-weight: normal !msorm\"><strong>Bey, H.<\/strong><\/span> (1992\/1994). <em>Immediatism<\/em>. Edimburgo: AK Press.<\/p>\n<p><strong>Blu<\/strong> (2007). <em>PAC Milano Wall<\/em>. [En l\u00ednea]. Blublu.org. [Fecha de consulta: 4 de julio de 2016].<\/p>\n<p>&lt;<a href=\"http:\/\/www.blublu.org\/sito\/walls\/2007\/006.html\" target=\"_blank\">http:\/\/www.blublu.org\/sito\/walls\/2007\/006.html<\/a>&gt;<\/p>\n<p><strong>Blu<\/strong> (2016). <em>BLU<\/em>. [En l\u00ednea]. Blublu.org. [Fecha de consulta: 4 de julio de 2016].<\/p>\n<p>&lt;<a href=\"http:\/\/www.blublu.org\/\" target=\"_blank\">http:\/\/www.blublu.org\/<\/a>&gt;<\/p>\n<p><strong>Braund, S.<\/strong> (2012). <em>The Authorial Illustrator: 10 Years of the Falmouth Illustration Forum<\/em>. Penryn: Atlantic Press.<\/p>\n<p><strong>Brooklynmuseum.org<\/strong>. <em>Battle of Karbala.<\/em> [En l\u00ednea]. [Fecha de consulta: 25 de julio de 2016].<\/p>\n<p>&lt;<a href=\"https:\/\/www.brooklynmuseum.org\/opencollection\/objects\/3054\" target=\"_blank\">https:\/\/www.brooklynmuseum.org\/opencollection\/objects\/3054<\/a>&gt;<\/p>\n<p><strong>Buzan, T.<\/strong> (1971\/1998). <em>El libro de la lectura r\u00e1pida<\/em>. Barcelona: Urano.<\/p>\n<p><strong>Buzan, T.<\/strong> (1974\/1984). <em>Use Your Head<\/em>. Londres: Guild Publishing.<\/p>\n<p><strong>Buzan, T.<\/strong> (1993\/1996). <em>El libro de los mapas mentales<\/em>. Barcelona: Urano.<\/p>\n<p><strong>Campi Valls, I.<\/strong> (1992\/2008). <em>Qu\u00e8 \u00e9s el disseny?<\/em> Barcelona: Aula \/ Edicions 62.<\/p>\n<p><strong>Cepeda, L.<\/strong> (1978). \u00abCharlando con Moebius\u00bb. <em>Totem<\/em> (n\u00fam. 11, p\u00e1gs. 4-6). Madrid: Editorial Nueva Frontera.<\/p>\n<p><strong>Ching, F. D. K.; Juroszek, S. P.<\/strong> (1998\/2010). <em>Dibujo y proyecto<\/em>. Barcelona: Gustavo Gili.<\/p>\n<p><strong>Choi, J.<\/strong> (2016). <em>Painting Unicorn in VR &#8211; Vive: Tilt Brush<\/em>. YouTube. [En l\u00ednea]. [Fecha de consulta: 3 de julio de 2016].<\/p>\n<p>&lt;<a href=\"https:\/\/www.youtube.com\/watch?v=mn3JFpjTl5Q\" target=\"_blank\">https:\/\/www.youtube.com\/watch?v=mn3JFpjTl5Q<\/a>&gt;<\/p>\n<p><span style=\"font-weight: normal !msorm\"><strong>Clottes, J.<\/strong><\/span><strong>;<span style=\"font-weight: normal !msorm\"> Lewis-Williams, D.<\/span><\/strong> (1996\/2010). <em>Los chamanes de la prehistoria.<\/em> Barcelona: Ariel.<\/p>\n<p><strong>Commons.wikimedia.org<\/strong> (1895). <em>File:Brooklyn Museum &#8211; Battle of Karbala &#8211; Abbas Al-Musavi &#8211; overall.jpg &#8211; Wikimedia Commons<\/em>. [En l\u00ednea]. [Fecha de consulta: 4 de julio de 2016].<\/p>\n<p>&lt;<a href=\"https:\/\/commons.wikimedia.org\/wiki\/File:Brooklyn_Museum_-_Battle_of_Karbala_-_Abbas_Al-Musavi_-_overall.jpg\" target=\"_blank\">https:\/\/commons.wikimedia.org\/wiki\/File:Brooklyn_Museum_-_Battle_of_Karbala_-_Abbas_Al-Musavi_-_overall.jpg<\/a>&gt;<\/p>\n<p><strong>Commons.wikimedia.org<\/strong> (1907). <em>File:Tomb of Nakht (8).jpg &#8211; Wikimedia Commons<\/em>. [En l\u00ednea]. [Fecha de consulta: 4 de julio de 2016].<\/p>\n<p>&lt;<a href=\"https:\/\/commons.wikimedia.org\/wiki\/File:Tomb_of_Nakht_(8).jpg\" target=\"_blank\">https:\/\/commons.wikimedia.org\/wiki\/File:Tomb_of_Nakht_(8).jpg<\/a>&gt;<\/p>\n<p><strong>Commons.wikimedia.org<\/strong> (1962). <em>File:Cueva de Altamira-19621007-003.jpg &#8211; Wikimedia Commons<\/em>. [En l\u00ednea]. [Fecha de consulta: 4 de julio de 2016].<\/p>\n<p>&lt;<a href=\"https:\/\/commons.wikimedia.org\/wiki\/File:Cueva_de_Altamira-19621007-003.jpg\" target=\"_blank\">https:\/\/commons.wikimedia.org\/wiki\/File:Cueva_de_Altamira-19621007-003.jpg<\/a>&gt;<\/p>\n<p><strong>Commons.wikimedia.org<\/strong> (2001). <em>File:10 Bisonte Magdaleniense.jpg &#8211; Wikimedia Commons.<\/em> [En l\u00ednea]. [Fecha de consulta: 4 de julio de 2016].<\/p>\n<p>&lt;<a href=\"https:\/\/commons.wikimedia.org\/wiki\/File:10_Bisonte_Magdaleniense.jpg\" target=\"_blank\">https:\/\/commons.wikimedia.org\/wiki\/File:10_Bisonte_Magdaleniense.jpg<\/a>&gt;<\/p>\n<p><strong>Commons.wikimedia.org<\/strong> (2007). <em>File:1942 Nash Ambassador X-ray.jpg &#8211; Wikimedia Commons<\/em>. [En l\u00ednea]. [Fecha de consulta: 4 de julio de 2016].<\/p>\n<p>&lt;<a href=\"https:\/\/commons.wikimedia.org\/wiki\/File:1942_Nash_Ambassador_X-ray.jpg\" target=\"_blank\">https:\/\/commons.wikimedia.org\/wiki\/File:1942_Nash_Ambassador_X-ray.jpg<\/a>&gt;<\/p>\n<p><span style=\"font-weight: normal !msorm\"><strong>Commons.wikimedia.org<\/strong><\/span> (2016). <em>Category:Graphic recording<\/em>. [En l\u00ednea]. Wikimedia Commons. [Fecha de consulta: 1 de julio de 2016].<\/p>\n<p>&lt;<a href=\"https:\/\/commons.wikimedia.org\/wiki\/Category:Graphic_recording\" target=\"_blank\">https:\/\/commons.wikimedia.org\/wiki\/Category:Graphic_recording<\/a>&gt;<\/p>\n<p><strong>Crespi, I.; <span style=\"font-weight: normal !msorm\">Ferrario, J.<\/span><\/strong> (1971\/1977). <em>L\u00e9xico t\u00e9cnico de las artes pl\u00e1sticas<\/em>. Buenos Aires: Eudeba.<\/p>\n<p><strong>Da Vinci, L.<\/strong> (1877\/2005). <em>A Treatise on Painting<\/em>. Mineola: Dover.<\/p>\n<p><strong>Daucher, H.<\/strong> (1984\/1987). <em>Modos de dibujar 1: Principios.<\/em> Barcelona: Gustavo Gili.<\/p>\n<p><strong>De Reyna, R.<\/strong> (1972\/2002). <em>How to Draw What you See.<\/em> Nueva York: Watson-Guptill.<\/p>\n<p><strong>Dibujar<\/strong> (2011). En: <em>Diccionario de la lengua espa\u00f1ola <\/em>(22.\u00aa ed.). Madrid: Real Academia Espa\u00f1ola.<\/p>\n<p><strong>Dondis, D. A.<\/strong> (1973\/2007). <em>La sintaxis de la imagen: Introducci\u00f3n al alfabeto visual<\/em>. Barcelona: Gustavo Gili.<\/p>\n<p><strong>Durero, A.<\/strong> (2016<em>)<\/em>.<em> File:Albrecht D\u00fcrer &#8211; Study of Two Feet &#8211; Google Art Project.jpg &#8211; Wikimedia Commons<\/em>. Commons.wikimedia.org. [En l\u00ednea]. [Fecha de consulta: 4 de julio de 2016].<\/p>\n<p>&lt;<a href=\"https:\/\/commons.wikimedia.org\/wiki\/File:Albrecht_D\u00fcrer_-_Study_of_Two_Feet_-_Google_Art_Project.jpg\" target=\"_blank\">https:\/\/commons.wikimedia.org\/wiki\/File:Albrecht_D\u00fcrer_-_Study_of_Two_Feet_-_Google_Art_Project.jpg<\/a>&gt;<\/p>\n<p><strong>Edwards, B.<\/strong> (1979\/2000). <em>Nuevo aprender a dibujar con el lado derecho del cerebro<\/em>. Barcelona: Urano.<\/p>\n<p>&lt;<a href=\"https:\/\/archive.org\/details\/NkFp7qK9PWbZUezb2ANdqfIrb4\" target=\"_blank\">https:\/\/archive.org\/details\/NkFp7qK9PWbZUezb2ANdqfIrb4<\/a>&gt; (en castellano)<\/p>\n<p>&lt;<a href=\"https:\/\/archive.org\/details\/pdfy-5dQt81v7NYVZl2La\" target=\"_blank\">https:\/\/archive.org\/details\/pdfy-5dQt81v7NYVZl2La<\/a>&gt; (en ingl\u00e9s)<\/p>\n<p><strong>Eisner, W.<\/strong> (1985\/1996). <em>El comic y el arte secuencial.<\/em> Barcelona: Norma.<\/p>\n<p><strong>Eisner, W.<\/strong> (1998). <em>La narraci\u00f3n gr\u00e1fica<\/em>. Barcelona: Norma.<\/p>\n<p><span style=\"font-weight: normal !msorm\"><strong>Es.wikipedia.org<\/strong><\/span> (2016). <em>La gran ola de Kanagawa<\/em>. [En l\u00ednea]. [Fecha de consulta: 1 de julio de 2016].<\/p>\n<p>&lt;<a href=\"https:\/\/es.wikipedia.org\/wiki\/La_gran_ola_de_Kanagawa\" target=\"_blank\">https:\/\/es.wikipedia.org\/wiki\/La_gran_ola_de_Kanagawa<\/a>&gt;<\/p>\n<p><strong>Es.wikipedia.org<\/strong> (2016). <em>Light Painting<\/em>. [En l\u00ednea]. [Fecha de consulta: 2 de julio de 2016].<\/p>\n<p>&lt;<a href=\"https:\/\/es.wikipedia.org\/wiki\/Light_Painting\" target=\"_blank\">https:\/\/es.wikipedia.org\/wiki\/Light_Painting<\/a>&gt;<\/p>\n<p><strong>Es.wikipedia.org<\/strong> (2016). <em>Ma (espacio negativo)<\/em>. [En l\u00ednea]. [Fecha de consulta: 1 de julio de 2016].<\/p>\n<p>&lt;<a href=\"https:\/\/es.wikipedia.org\/wiki\/Ma_(espacio_negativo)\" target=\"_blank\">https:\/\/es.wikipedia.org\/wiki\/Ma_(espacio_negativo)<\/a>&gt;<\/p>\n<p><strong>Es.wikipedia.org<\/strong> (2016). <em>Pareidolia<\/em>. [En l\u00ednea]. [Fecha de consulta: 2 de julio de 2016].<\/p>\n<p>&lt;<a href=\"https:\/\/es.wikipedia.org\/wiki\/Pareidolia\" target=\"_blank\">https:\/\/es.wikipedia.org\/wiki\/Pareidolia<\/a>&gt;<\/p>\n<p><span style=\"font-weight: normal !msorm\"><strong>Es.wikipedia.org<\/strong><\/span> (2016). <em>Pintura china<\/em>. [En l\u00ednea]. [Fecha de consulta: 1 de julio de 2016].<\/p>\n<p>&lt;<a href=\"https:\/\/es.wikipedia.org\/wiki\/Pintura_china\" target=\"_blank\">https:\/\/es.wikipedia.org\/wiki\/Pintura_china<\/a>&gt;<\/p>\n<p><strong>Es.wikipedia.org<\/strong> (2016). <em>Pol\u00edptico de la Misericordia<\/em>. [En l\u00ednea]. [Fecha de consulta: 4 de julio de 2016].<\/p>\n<p>&lt;<a href=\"https:\/\/es.wikipedia.org\/wiki\/Pol\u00edptico_de_la_Misericordia\" target=\"_blank\">https:\/\/es.wikipedia.org\/wiki\/Pol\u00edptico_de_la_Misericordia<\/a>&gt;<\/p>\n<p><strong>Es.wikipedia.org<\/strong> (2016). <em>Ukiyo-e<\/em>. [En l\u00ednea]. [Fecha de consulta: 1 de julio de 2016].<\/p>\n<p>&lt;<a href=\"https:\/\/es.wikipedia.org\/wiki\/Ukiyo-e\" target=\"_blank\">https:\/\/es.wikipedia.org\/wiki\/Ukiyo-e<\/a>&gt;<\/p>\n<p><strong>Escenograf\u00eda ARTEFACTO<\/strong> (2016). <em>ARTEFACTO<\/em>. Artefacto.biz. [En l\u00ednea]. [Fecha de consulta: 4 de julio de 2016].<\/p>\n<p>&lt;<a href=\"http:\/\/www.artefacto.biz\/proyectos.php?cat_id=10&amp;id=88\" target=\"_blank\">http:\/\/www.artefacto.biz\/proyectos.php?cat_id=10&amp;id=88<\/a>&gt;<\/p>\n<p><strong>Etymonline.com<\/strong> (2016). <em>Draw<\/em>. [En l\u00ednea]. [Fecha de consulta: 2 de julio de 2016].<\/p>\n<p>&lt;<a href=\"http:\/\/etymonline.com\/index.php?term=draw&amp;allowed_in_frame=0\" target=\"_blank\">http:\/\/etymonline.com\/index.php?term=draw&amp;allowed_in_frame=0<\/a>&gt;<\/p>\n<p><strong>Franck, F.<\/strong> (1973). <em>The Zen of Seeing<\/em>. Nueva York: Vintage Books.<\/p>\n<p><strong>Franck, F.<\/strong> (1973). <em>The Zen of Seeing<\/em>. Nueva York: Vintage Books.<\/p>\n<p><strong>Franck, F.<\/strong> (1993). <em>Zen Seeing, Zen Drawing: Meditation in Action<\/em>. Nueva York: Bantam.<\/p>\n<p><strong>Gaud\u00ed, A.<\/strong> (1891). <em>File:CasaBotines2.png &#8211; Wikimedia Commons.<\/em> Commons.wikimedia.org. [En l\u00ednea]. [Fecha de consulta: 4 de julio de 2016].<\/p>\n<p>&lt;<a href=\"https:\/\/commons.wikimedia.org\/wiki\/File:CasaBotines2.png\" target=\"_blank\">https:\/\/commons.wikimedia.org\/wiki\/File:CasaBotines2.png<\/a>&gt;<\/p>\n<p><strong>Glaser, M.<\/strong> (2008). <em>Drawing is Thinking.<\/em> Woodstock: Overlook.<\/p>\n<p><strong>Godefroy, F.<\/strong> (1883). <em>Deboissier<\/em>. En: <em>Dictionnaire de l&#8217;ancienne langue fran\u00e7aise et de tous ses dialectes du IX<sup>e<\/sup> au XV<sup>e<\/sup> si\u00e8cle<\/em> (vol. II, p\u00e1g. 435). Par\u00eds: F. Vieweg.<\/p>\n<p><strong>G\u00f3mez Molina, J. J.; Cabezas, L.; Bordes, J.<\/strong> (2001). <em>El manual de dibujo: Estrategias de su ense\u00f1anza en el siglo XX.<\/em> Madrid: C\u00e1tedra.<\/p>\n<p><span style=\"font-weight: normal !msorm\"><strong>Goncourt, E.<\/strong><\/span> (2008). <em>Utamaro<\/em>. Nueva York: Parkstone Press.<\/p>\n<p><span style=\"font-weight: normal !msorm\"><strong>Goncourt, E.<\/strong><\/span> (2009). <em>Hokusai.<\/em> Nueva York: Parkstone Press.<\/p>\n<p><strong>Gregory, D.<\/strong> (2003). <em>Everyday <\/em><em>Matters: A Memoir<\/em>. Nueva York: Hyperion.<\/p>\n<p><strong>Gubern, R.<\/strong> (1972). <em>El lenguaje de los comics<\/em>. Barcelona: Ediciones Pen\u00ednsula.<\/p>\n<p><strong>Heller, S.; Arisman, M.<\/strong> (2004). <em>Inside the Business of Illustration.<\/em> Nueva York: Allsworth Press.<\/p>\n<p><strong>Hokusai, K.<\/strong> (1760). <em>File:Hokusai 1760-1849 Ocean waves.jpg &#8211; Wikimedia Commons<\/em>. Commons.wikimedia.org. [En l\u00ednea]. [Fecha de consulta: 4 de julio de 2016].<\/p>\n<p>&lt;<a href=\"https:\/\/commons.wikimedia.org\/wiki\/File:Hokusai_1760-1849_Ocean_waves.jpg\" target=\"_blank\">https:\/\/commons.wikimedia.org\/wiki\/File:Hokusai_1760-1849_Ocean_waves.jpg<\/a>&gt;<\/p>\n<p><strong>Joordens, J.<\/strong> (2015). \u00abHomo erectus at Trinil on Java used shells for tool production and engraving\u00bb. <em>Nature<\/em> (vol. 7538, n\u00fam. 518, p\u00e1gs. 228-231).<\/p>\n<p><strong>Klee, P.<\/strong> (1879). <em>File:GUGG Aged Phoenix (Invention 9).jpg<\/em> <em>&#8211; Wikimedia Commons<\/em>. Commons.wikimedia.org. [En l\u00ednea]. [Fecha de consulta: 4 de julio de 2016].<\/p>\n<p>&lt;<a href=\"https:\/\/commons.wikimedia.org\/wiki\/File:GUGG_Aged_Phoenix_(Invention_9).jpg\" target=\"_blank\">https:\/\/commons.wikimedia.org\/wiki\/File:GUGG_Aged_Phoenix_(Invention_9).jpg<\/a>&gt;<\/p>\n<p><strong>Kutt, A.<\/strong> (2016). <em>Tilt Brush test<\/em>. Vimeo. [En l\u00ednea]. [Fecha de consulta: 3 de julio de 2016].<\/p>\n<p>&lt;<a href=\"https:\/\/vimeo.com\/171544808\" target=\"_blank\">https:\/\/vimeo.com\/171544808<\/a>&gt;<\/p>\n<p><em>La cueva de los sue\u00f1os olvidados<\/em> (2010). Werner Herzog (dir.). Francia, Estados Unidos, Canad\u00e1 (DVD).<\/p>\n<p><strong>Laing, J.; Saunders-Davies, R.<\/strong> (1988). <em>Materiales gr\u00e1ficos y t\u00e9cnicas<\/em>. Madrid: Blume.<\/p>\n<p><strong>Livingstone, M.<\/strong> (2002). <em>Vision and Art<\/em>. Nueva York: Harry N. Abrams.<\/p>\n<p><strong>Loomis, A.<\/strong> (1951\/1983). <em>Dibujo tridimensional<\/em>. Buenos Aires: Hachette.<\/p>\n<p>&lt;<a href=\"https:\/\/ia600708.us.archive.org\/1\/items\/andrew-loomis-successful-drawing\/andrew-loomis-successful-drawing.pdf\" target=\"_blank\">https:\/\/ia600708.us.archive.org\/1\/items\/andrew-loomis-successful-drawing\/andrew-loomis-successful-drawing.pdf<\/a><\/p>\n<p><a href=\"https:\/\/archive.org\/search.php?query=creator%3A%22Loomis%2C+Andrew%22\" target=\"_blank\">https:\/\/archive.org\/search.php?query=creator%3A\u00bbLoomis,+Andrew\u00bb<\/a>&gt;<\/p>\n<p><strong>Loomis, A.<\/strong> (1956\/1991). <em>Dibujo de cabeza y manos<\/em>. Buenos Aires: Hachette.<\/p>\n<p><strong>Loomis, A.<\/strong> (1959\/1991). <em>Dibujo de figura en todo su valor<\/em>. Buenos Aires: Hachette.<\/p>\n<p><strong>L\u00f3pez Salamero, N.; Cameros Sierra, M.<\/strong> (2013). <em>La Cenicienta que no quer\u00eda comer perdices<\/em>. Barcelona: Planeta.<\/p>\n<p><em>Max Ernst: Mein Vagabundieren &#8211; Meine Unruhe<\/em> (1991). Peter Schamoni (dir.). Alemania (DVD).<\/p>\n<p><strong>McCloud, S.<\/strong> (1993\/1995). <em>C\u00f3mo se hace un c\u00f3mic: El arte invisib<\/em><em>le.<\/em> Barcelona: Ediciones B.<\/p>\n<p><strong>Meglin, N.<\/strong> (1999\/2001). <em>El placer de dibujar: Libera la creatividad que llevas dentro<\/em>. Barcelona: Urano.<\/p>\n<p><strong>Metzger, P.<\/strong> (1988\/1991). <em>El dibujo de perspectiva a su alcance.<\/em> Tomos I y II. K\u00f6ln: Taschen.<\/p>\n<p><strong>Museodealtamira.mcu.es <\/strong>(2016). <em>Museo de Altamira<\/em>. [En l\u00ednea]. [Fecha de consulta: 4 de julio de 2016].<\/p>\n<p>&lt;<a href=\"http:\/\/museodealtamira.mcu.es\/\" target=\"_blank\">http:\/\/museodealtamira.mcu.es\/<\/a>&gt;<\/p>\n<p><strong>NBT Channel<\/strong> (2016). <em>Trying tilt brush with oculus vr.<\/em> YouTube. [En l\u00ednea]. [Fecha de consulta: 3 de julio de 2016].<\/p>\n<p>&lt;<a href=\"https:\/\/www.youtube.com\/watch?v=6ttwaL_9RWE\" target=\"_blank\">https:\/\/www.youtube.com\/watch?v=6ttwaL_9RWE<\/a>&gt;<\/p>\n<p><strong>Nicolaides, K.<\/strong> (1941\/1990). <em>The Natural Way to Draw<\/em>. Boston: Houghton Mifflin Company.<\/p>\n<p><strong>Palau i Fabre, J.<\/strong> (1962\/2002). <em>Vidas de Picasso<\/em>. Barcelona: Proa.<\/p>\n<p><strong>Pallasmaa, J.<\/strong> (1999\/2014). <em>La mano que piensa: Sabidur\u00eda existencial y corporal en la arquitectura<\/em>. Barcelona: Gustavo Gili.<\/p>\n<p><strong>Petherbridge, D.<\/strong> (2010). <em>The primacy of drawing<\/em>. New Haven: Yale University Press.<\/p>\n<p><strong>Picasso, P.; Heyden, T.<\/strong> (1997). <em>Picasso: Trazos y dichos<\/em>. Barcelona: Ediciones B.<\/p>\n<p><strong>Powell, D.<\/strong> (1986\/1993). <em>T\u00e9cnicas de presentaci\u00f3n: Gu\u00eda de dibujo y presentaci\u00f3n de proyectos y dise\u00f1os<\/em>. Madrid: Tursen \/ Blume.<\/p>\n<p><strong>Ramach<\/strong><strong>andran, V.<\/strong> (2012). <em>Lo que el cerebro nos dice<\/em>. Barcelona: Paid\u00f3s.<\/p>\n<p><strong>Ramachandran, V. S.; Hirstein, W.<\/strong> (1999). \u00abThe Science of Art: A Neurological Theory of Aesthetic Experience\u00bb. <em>Journal of Consciousness Studies<\/em> (n\u00fam. 6, p\u00e1gs. 15-51).<\/p>\n<p><strong>Roam, D.<\/strong> (2010\/2009). <em>Tu mundo en una servilleta: Resolver problemas y vender ideas mediante dib<\/em><em>ujos. <\/em>Ediciones Gesti\u00f3n 2000.<\/p>\n<p><strong>Rodr\u00edguez Bosch, M.<\/strong> (2014). <em>\u00bfPor qu\u00e9 dejamos de dibujar?<\/em> [En l\u00ednea].<em> La Vanguardia<\/em>. [Fecha de consulta: 1 de julio de 2016].<\/p>\n<p>&lt;<a href=\"http:\/\/www.lavanguardia.com\/estilos-de-vida\/20140328\/54404149668\/por-que-dejamos-de-dibujar.html?utm_campaign=botones_sociales&amp;utm_source=facebook&amp;utm_medium=social\" target=\"_blank\">http:\/\/www.lavanguardia.com\/estilos-de-vida\/20140328\/54404149668\/por-que-dejamos-de-dibujar.html?utm_campaign=botones_sociales&amp;utm_source=facebook&amp;utm_medium=social<\/a>&gt;<\/p>\n<p><strong>Shaughnessy, A.<\/strong> (2011). \u00abAuthorial Illustration\u00bb. En: D. Brazell; J. Davies. <em>Making Great Illustration<\/em>. Londres: A &amp; C Black.<\/p>\n<p><span style=\"font-weight: normal !msorm\"><strong>Smejkal, F.<\/strong><\/span> (1974). <em>Surrealist Drawings.<\/em> Londres: Octopus Books.<\/p>\n<p><span style=\"font-weight: normal !msorm\"><strong>Strange, E. F.<\/strong><\/span> (1906). <em>Hokusai: Old Man Mad About Drawing<\/em>. Nueva York: Charles Scrivner&#8217;s Sons.<\/p>\n<p><strong>Tanizaki, J.<\/strong> (1933\/2001). <em>El elogio de la sombra<\/em>. Madrid: Siruela.<\/p>\n<p><strong>T\u00e0ssies, J. A.<\/strong> (2010). <em>Nombres robados<\/em>. Madrid: SM.<\/p>\n<p><strong>Tavares, P.; Madureira, M.; Teixeira, P.<\/strong> (2010, diciembre). \u00abTeaching How To Draw. Technology and its Repercussions on Contemporaneity\u00bb. [En l\u00ednea]. <em>TRACEY<\/em>. [Fecha de consulta: 1 de julio de 2016].<\/p>\n<p>&lt;<a href=\"http:\/\/www.lboro.ac.uk\/microsites\/sota\/tracey\/journal\/dat\/images\/Tavares.pdf\" target=\"_blank\">http:\/\/www.lboro.ac.uk\/microsites\/sota\/tracey\/journal\/dat\/images\/Tavares.pdf<\/a>&gt;<\/p>\n<p><strong>Tiltbrush.com<\/strong> (2016). <em>Tilt Brush by Google<\/em>. [En l\u00ednea]. [Fecha de consulta: 2 de julio de 2016].<\/p>\n<p>&lt;<a href=\"http:\/\/www.tiltbrush.com\/\" target=\"_blank\">http:\/\/www.tiltbrush.com\/<\/a>&gt;<\/p>\n<p><strong>Wikipedia<\/strong> (2016). <em>Graphic facilitation<\/em>. [En l\u00ednea]. [Fecha de consulta: 1 de julio de 2016].<\/p>\n<p>&lt;<a href=\"https:\/\/en.wikipedia.org\/wiki\/Graphic_facilitation\" target=\"_blank\">https:\/\/en.wikipedia.org\/wiki\/Graphic_facilitation<\/a>&gt;<\/p>\n<p><strong>Wilson, F. R.<\/strong> (1999). <em>The Hand: How its use shapes the brain, language, and human culture<\/em>. Nueva York: Vintage Books.<\/p>\n<p><strong>Zeegen, L.<\/strong> (2005). <em>The fundamentals of illustration<\/em>. Lausana: AVA.<\/p>\n<p>&lt;<a href=\"http:\/\/dibujario.com\/graphic-recording\/\" target=\"_blank\">http:\/\/dibujario.com\/graphic-recording\/<\/a>&gt;<\/p>","protected":false},"excerpt":{"rendered":"<p>Arnheim, R. (1969\/1986). El pensamiento visual. Barcelona: Paid\u00f3s. Aryse (2013). Gjon Mili y Picasso: dibujando con la luz. [En l\u00ednea]. [Fecha de consulta: 2 de julio de 2016]. &lt;http:\/\/www.aryse.org\/gjon-mili-y-picasso-dibujando-con-la-luz\/&gt; ASALE (2016). Dibujo. Diccionario de la lengua espa\u00f1ola. [En l\u00ednea]. [Fecha de consulta: 2 de julio de 2016]. &lt;http:\/\/dle.rae.es\/?id=DgED6Zj&gt; Banksy (2001). Banging Your Head Against a [&hellip;]<\/p>\n","protected":false},"author":1,"featured_media":0,"parent":0,"menu_order":0,"comment_status":"closed","ping_status":"closed","template":"","meta":[],"acf":[],"_links":{"self":[{"href":"http:\/\/disseny.recursos.uoc.edu\/recursos\/dd\/wp-json\/wp\/v2\/pages\/462"}],"collection":[{"href":"http:\/\/disseny.recursos.uoc.edu\/recursos\/dd\/wp-json\/wp\/v2\/pages"}],"about":[{"href":"http:\/\/disseny.recursos.uoc.edu\/recursos\/dd\/wp-json\/wp\/v2\/types\/page"}],"author":[{"embeddable":true,"href":"http:\/\/disseny.recursos.uoc.edu\/recursos\/dd\/wp-json\/wp\/v2\/users\/1"}],"replies":[{"embeddable":true,"href":"http:\/\/disseny.recursos.uoc.edu\/recursos\/dd\/wp-json\/wp\/v2\/comments?post=462"}],"version-history":[{"count":24,"href":"http:\/\/disseny.recursos.uoc.edu\/recursos\/dd\/wp-json\/wp\/v2\/pages\/462\/revisions"}],"predecessor-version":[{"id":588,"href":"http:\/\/disseny.recursos.uoc.edu\/recursos\/dd\/wp-json\/wp\/v2\/pages\/462\/revisions\/588"}],"wp:attachment":[{"href":"http:\/\/disseny.recursos.uoc.edu\/recursos\/dd\/wp-json\/wp\/v2\/media?parent=462"}],"curies":[{"name":"wp","href":"https:\/\/api.w.org\/{rel}","templated":true}]}}