{"id":295,"date":"2016-09-20T12:20:05","date_gmt":"2016-09-20T12:20:05","guid":{"rendered":"http:\/\/disseny.recursos.uoc.edu\/recursos\/dd\/?page_id=295"},"modified":"2017-01-31T10:08:43","modified_gmt":"2017-01-31T10:08:43","slug":"5-casos-transformadores-5","status":"publish","type":"page","link":"http:\/\/disseny.recursos.uoc.edu\/recursos\/dd\/5-casos-transformadores-5\/","title":{"rendered":"5. Casos transformadores"},"content":{"rendered":"<p><\/p>\n<h3><strong>5.5. <\/strong><strong>BLU<\/strong><\/h3>\n<p>Las fotograf\u00edas presentadas a continuaci\u00f3n fueron tomadas en el <a href=\"http:\/\/www.pacmilano.it\/\" target=\"_blank\">PAC de Mil\u00e1n<\/a>, cuyas paredes est\u00e1n pintadas por Blu en 2007. En ellas se ve una monta\u00f1a de coca\u00edna que representa al dios del mundo (coronando la c\u00faspide de la pir\u00e1mide vemos el s\u00edmbolo de la Trinidad o el Ojo que Todo lo Ve). Unas cuantas de las personas representadas se hallan en un estado de sumisi\u00f3n (su actitud es comparable a la de la genuflexi\u00f3n), si bien la obra podr\u00eda tener m\u00faltiples lecturas; de hecho, vista sem\u00e1nticamente, es una de las m\u00e1s complejas realizadas por el artista. Tambi\u00e9n es interesante el detalle de los brazaletes de algunos de los personajes, que presentan una esv\u00e1stica o el s\u00edmbolo de las SS (la doble runa Sigel), o bien este \u00faltimo s\u00edmbolo transformado en $$ (el s\u00edmbolo del d\u00f3lar o el dinero en general).<\/p>\n<p><img loading=\"lazy\" class=\"alignnone size-full wp-image-227 img-responsive\" src=\"http:\/\/disseny.recursos.uoc.edu\/recursos\/dd\/wp-content\/uploads\/sites\/17\/2016\/09\/20023_m5_01.png\" alt=\"Fig. 1\" width=\"640\" height=\"426\" srcset=\"http:\/\/disseny.recursos.uoc.edu\/recursos\/dd\/wp-content\/uploads\/sites\/17\/2016\/09\/20023_m5_01.png 640w, http:\/\/disseny.recursos.uoc.edu\/recursos\/dd\/wp-content\/uploads\/sites\/17\/2016\/09\/20023_m5_01-300x200.png 300w\" sizes=\"(max-width: 640px) 100vw, 640px\" \/><\/p>\n<p><img loading=\"lazy\" class=\"alignnone size-full wp-image-229 img-responsive\" src=\"http:\/\/disseny.recursos.uoc.edu\/recursos\/dd\/wp-content\/uploads\/sites\/17\/2016\/09\/20023_m5_02.png\" alt=\"Fig. 2\" width=\"640\" height=\"426\" srcset=\"http:\/\/disseny.recursos.uoc.edu\/recursos\/dd\/wp-content\/uploads\/sites\/17\/2016\/09\/20023_m5_02.png 640w, http:\/\/disseny.recursos.uoc.edu\/recursos\/dd\/wp-content\/uploads\/sites\/17\/2016\/09\/20023_m5_02-300x200.png 300w\" sizes=\"(max-width: 640px) 100vw, 640px\" \/><\/p>\n<div id=\"attachment_230\" style=\"width: 650px\" class=\"wp-caption alignnone\"><img aria-describedby=\"caption-attachment-230\" loading=\"lazy\" class=\"img-responsive wp-image-230 size-full\" src=\"http:\/\/disseny.recursos.uoc.edu\/recursos\/dd\/wp-content\/uploads\/sites\/17\/2016\/09\/20023_m5_03.png\" alt=\"Figuras 1, 2 y 3. Paredes del PAC de Mil\u00e1n pintadas por Blu (2007). Fotograf\u00edas realizadas por el autor.\" width=\"640\" height=\"426\" srcset=\"http:\/\/disseny.recursos.uoc.edu\/recursos\/dd\/wp-content\/uploads\/sites\/17\/2016\/09\/20023_m5_03.png 640w, http:\/\/disseny.recursos.uoc.edu\/recursos\/dd\/wp-content\/uploads\/sites\/17\/2016\/09\/20023_m5_03-300x200.png 300w\" sizes=\"(max-width: 640px) 100vw, 640px\" \/><p id=\"caption-attachment-230\" class=\"wp-caption-text\">Figuras 1, 2 y 3. Paredes del PAC de Mil\u00e1n pintadas por Blu (2007). Fotograf\u00edas realizadas por el autor.<\/p><\/div>\n<p>&nbsp;<\/p>\n<h4><strong>Conclusiones<\/strong><\/h4>\n<p>Es dif\u00edcil encontrar un patr\u00f3n en obras tan diversas como las citadas; a lo mejor, ni siquiera es necesario, pero seguramente s\u00ed podemos encontrar algunos elementos comunes que nos pueden ayudar a detectar y trabajar con esta voluntad transformadora del dibujo.<\/p>\n<p>Los ejemplos mencionados tienen una <strong>fuerte carga de cr\u00edtica social<\/strong>. Invitan a la reflexi\u00f3n plasmando gr\u00e1ficamente conceptos pol\u00e9micos, no normativos, subversivos o no hegem\u00f3nicos.<\/p>\n<p>Parten de <strong>discursos propios con los que se mantiene una intensa relaci\u00f3n emocional<\/strong>. Los artistas mencionados dicen aquello que solo ellos pueden decir: su discurso es personal (tanto visual como narrativo) y propio, con el que mantienen un v\u00ednculo emocional que se traspasa al dibujo. Dicho de otra forma: no hablan con otras voces, no buscan ser otros sino que son ellos mismos.<\/p>\n<p>Finalmente, hay un <strong>fuerte trabajo con las narrativas<\/strong>. Estas pueden ser generadas por el propio artista o trabajando con un autor cuyo discurso nos resulte af\u00edn. Las narrativas permiten que el lector pueda seguir el trabajo, pero adem\u00e1s tienen un beneficio adicional; al parecer, nuestros cerebros est\u00e1n preparados para retener historias; por esa raz\u00f3n, si ponemos el dibujo al servicio de una narrativa (la que sea: literal o conceptual), nos aseguraremos de que nuestro mensaje sea retenido por nuestros lectores\/espectadores durante mucho m\u00e1s tiempo.<\/p>\n<p>Los ejemplos que hemos visto ilustran e inspiran el uso del dibujo con una voluntad transformadora en el campo del arte y la ilustraci\u00f3n, pero tambi\u00e9n es interesante pensar en c\u00f3mo podemos usar el dibujo con esta misma voluntad en procesos de dise\u00f1o participativos y abiertos, o incluso en actividades sociales cotidianas.<\/p>","protected":false},"excerpt":{"rendered":"<p>5.5. BLU Las fotograf\u00edas presentadas a continuaci\u00f3n fueron tomadas en el PAC de Mil\u00e1n, cuyas paredes est\u00e1n pintadas por Blu en 2007. En ellas se ve una monta\u00f1a de coca\u00edna que representa al dios del mundo (coronando la c\u00faspide de la pir\u00e1mide vemos el s\u00edmbolo de la Trinidad o el Ojo que Todo lo Ve). [&hellip;]<\/p>\n","protected":false},"author":1,"featured_media":0,"parent":0,"menu_order":0,"comment_status":"closed","ping_status":"closed","template":"","meta":[],"acf":[],"_links":{"self":[{"href":"http:\/\/disseny.recursos.uoc.edu\/recursos\/dd\/wp-json\/wp\/v2\/pages\/295"}],"collection":[{"href":"http:\/\/disseny.recursos.uoc.edu\/recursos\/dd\/wp-json\/wp\/v2\/pages"}],"about":[{"href":"http:\/\/disseny.recursos.uoc.edu\/recursos\/dd\/wp-json\/wp\/v2\/types\/page"}],"author":[{"embeddable":true,"href":"http:\/\/disseny.recursos.uoc.edu\/recursos\/dd\/wp-json\/wp\/v2\/users\/1"}],"replies":[{"embeddable":true,"href":"http:\/\/disseny.recursos.uoc.edu\/recursos\/dd\/wp-json\/wp\/v2\/comments?post=295"}],"version-history":[{"count":11,"href":"http:\/\/disseny.recursos.uoc.edu\/recursos\/dd\/wp-json\/wp\/v2\/pages\/295\/revisions"}],"predecessor-version":[{"id":596,"href":"http:\/\/disseny.recursos.uoc.edu\/recursos\/dd\/wp-json\/wp\/v2\/pages\/295\/revisions\/596"}],"wp:attachment":[{"href":"http:\/\/disseny.recursos.uoc.edu\/recursos\/dd\/wp-json\/wp\/v2\/media?parent=295"}],"curies":[{"name":"wp","href":"https:\/\/api.w.org\/{rel}","templated":true}]}}