{"id":292,"date":"2016-09-20T12:14:30","date_gmt":"2016-09-20T12:14:30","guid":{"rendered":"http:\/\/disseny.recursos.uoc.edu\/recursos\/dd\/?page_id=292"},"modified":"2016-09-29T10:49:59","modified_gmt":"2016-09-29T10:49:59","slug":"5-casos-transformadores-4","status":"publish","type":"page","link":"http:\/\/disseny.recursos.uoc.edu\/recursos\/dd\/5-casos-transformadores-4\/","title":{"rendered":"5. Casos transformadores"},"content":{"rendered":"<p><\/p>\n<h3><strong>5.4. Banksy<\/strong><\/h3>\n<p>El artista urbano brit\u00e1nico Banksy no deja a nadie indiferente. Su trabajo es fresco y altamente provocador; m\u00e1s all\u00e1 de algunas obras que solo arrancan sonrisas, otras son realmente crudas e incitan a la reflexi\u00f3n y, ser\u00eda de esperar, al cambio.<\/p>\n<p>Algunas de sus obras, como la sustituci\u00f3n de obras de Paris Hilton por discos alterados que cuestionan el sistema, encajar\u00edan en lo que Hakim Bey llama \u00abel arte como crimen, el crimen como arte\u00bb, dentro del concepto del \u00abterrorismo po\u00e9tico\u00bb (Bey, 1992\/1994, p\u00e1g. 12).<\/p>\n<p>El trabajo de Banksy, realizado con la t\u00e9cnica del est\u00e9ncil, muchas veces consiste en un <em>collage<\/em> conceptual en el que el artista descontextualiza personajes u objetos.<\/p>\n<p>Por ejemplo, <em>Feeling 5<\/em> es un tipo de <em>collage<\/em> que descontextualiza la foto tristemente c\u00e9lebre de Nick Ut, conocida como <em>La ni\u00f1a del napalm <\/em>(1972), que retrata el horror de la guerra de Vietnam a trav\u00e9s de la imagen de una ni\u00f1a desnuda corriendo desesperada por una carretera despu\u00e9s de un bombardeo con napalm. La imagen se vuelve a\u00fan m\u00e1s c\u00e1ustica en el momento en que el grafitero la hace correr de la mano del rat\u00f3n, que es el s\u00edmbolo de una de las megacorporaciones m\u00e1s poderosas del mundo, y del payaso, que representa una famosa franquicia internacional de comida r\u00e1pida. As\u00ed, uno de los m\u00e1s funestos escenarios de la Guerra Fr\u00eda queda representado por los dos personajes-potencias que caminan sonrientes mientras la ni\u00f1a \u2013que podr\u00eda representar al pueblo oprimido\u2013 llora desconsolada. Otro detalle interesante \u2013quiz\u00e1s producto del azar al recontextualizar las im\u00e1genes\u2013 es que la ni\u00f1a corre mientras los amigables monstruos caminan. Si observamos con atenci\u00f3n la forma en que el rat\u00f3n y el payaso la cogen del brazo, veremos que la ni\u00f1a va con ellos en contra de su voluntad; as\u00ed, la imagen revela una forma de violaci\u00f3n en la que los poderosos oprimen a los d\u00e9biles e inocentes (connotado por la desnudez y la infancia).<\/p>\n<p>Aqu\u00ed pod\u00e9is encontrar algunas de las im\u00e1genes m\u00e1s emblem\u00e1ticas del trabajo de Banksy: <a href=\"http:\/\/www.lifehack.org\/articles\/communication\/15-life-lessons-from-banksy-street-art-that-will-leave-you-lost-for-words.html\" target=\"_blank\">http:\/\/www.lifehack.org\/articles\/communication\/15-life-lessons-from-banksy-street-art-that-will-leave-you-lost-for-words.html<\/a><\/p>\n<p>&nbsp;<\/p>","protected":false},"excerpt":{"rendered":"<p>5.4. Banksy El artista urbano brit\u00e1nico Banksy no deja a nadie indiferente. Su trabajo es fresco y altamente provocador; m\u00e1s all\u00e1 de algunas obras que solo arrancan sonrisas, otras son realmente crudas e incitan a la reflexi\u00f3n y, ser\u00eda de esperar, al cambio. Algunas de sus obras, como la sustituci\u00f3n de obras de Paris Hilton [&hellip;]<\/p>\n","protected":false},"author":1,"featured_media":0,"parent":0,"menu_order":0,"comment_status":"closed","ping_status":"closed","template":"","meta":[],"acf":[],"_links":{"self":[{"href":"http:\/\/disseny.recursos.uoc.edu\/recursos\/dd\/wp-json\/wp\/v2\/pages\/292"}],"collection":[{"href":"http:\/\/disseny.recursos.uoc.edu\/recursos\/dd\/wp-json\/wp\/v2\/pages"}],"about":[{"href":"http:\/\/disseny.recursos.uoc.edu\/recursos\/dd\/wp-json\/wp\/v2\/types\/page"}],"author":[{"embeddable":true,"href":"http:\/\/disseny.recursos.uoc.edu\/recursos\/dd\/wp-json\/wp\/v2\/users\/1"}],"replies":[{"embeddable":true,"href":"http:\/\/disseny.recursos.uoc.edu\/recursos\/dd\/wp-json\/wp\/v2\/comments?post=292"}],"version-history":[{"count":5,"href":"http:\/\/disseny.recursos.uoc.edu\/recursos\/dd\/wp-json\/wp\/v2\/pages\/292\/revisions"}],"predecessor-version":[{"id":586,"href":"http:\/\/disseny.recursos.uoc.edu\/recursos\/dd\/wp-json\/wp\/v2\/pages\/292\/revisions\/586"}],"wp:attachment":[{"href":"http:\/\/disseny.recursos.uoc.edu\/recursos\/dd\/wp-json\/wp\/v2\/media?parent=292"}],"curies":[{"name":"wp","href":"https:\/\/api.w.org\/{rel}","templated":true}]}}