{"id":290,"date":"2016-09-20T12:12:49","date_gmt":"2016-09-20T12:12:49","guid":{"rendered":"http:\/\/disseny.recursos.uoc.edu\/recursos\/dd\/?page_id=290"},"modified":"2016-09-29T10:48:34","modified_gmt":"2016-09-29T10:48:34","slug":"5-casos-transformadores-3","status":"publish","type":"page","link":"http:\/\/disseny.recursos.uoc.edu\/recursos\/dd\/5-casos-transformadores-3\/","title":{"rendered":"5. Casos transformadores"},"content":{"rendered":"<p><\/p>\n<h3><strong>5.3. <em>La Cenicienta que no quer\u00eda comer perdices<\/em><\/strong><\/h3>\n<p>Escrito por Nunila Lo\u0301pez Salamero e ilustrado por Myriam Cameros Sierra, <em>La Cenicienta que no queri\u0301a comer perdices<\/em>(2009) es un genial alegato feminista para romper con el modelo de la visi\u00f3n de la princesa d\u00f3cil impuesta por la hegemon\u00eda de la cultura faloc\u00e9ntrica.<\/p>\n<p>Lo interesante de este trabajo es que circul\u00f3 durante mucho tiempo de forma viral: la gente lo encontraba tan innovador y rebelde que comenz\u00f3 a circular a trav\u00e9s del correo electr\u00f3nico.<\/p>\n<p>&lt;<a href=\"http:\/\/www.mujeresenred.net\/IMG\/pdf\/lacenicientaquenoqueriacomerperdices.pdf\" target=\"_blank\">http:\/\/www.mujeresenred.net\/IMG\/pdf\/lacenicientaquenoqueriacomerperdices.pdf<\/a>&gt;<\/p>","protected":false},"excerpt":{"rendered":"<p>5.3. La Cenicienta que no quer\u00eda comer perdices Escrito por Nunila Lo\u0301pez Salamero e ilustrado por Myriam Cameros Sierra, La Cenicienta que no queri\u0301a comer perdices(2009) es un genial alegato feminista para romper con el modelo de la visi\u00f3n de la princesa d\u00f3cil impuesta por la hegemon\u00eda de la cultura faloc\u00e9ntrica. Lo interesante de este [&hellip;]<\/p>\n","protected":false},"author":1,"featured_media":0,"parent":0,"menu_order":0,"comment_status":"closed","ping_status":"closed","template":"","meta":[],"acf":[],"_links":{"self":[{"href":"http:\/\/disseny.recursos.uoc.edu\/recursos\/dd\/wp-json\/wp\/v2\/pages\/290"}],"collection":[{"href":"http:\/\/disseny.recursos.uoc.edu\/recursos\/dd\/wp-json\/wp\/v2\/pages"}],"about":[{"href":"http:\/\/disseny.recursos.uoc.edu\/recursos\/dd\/wp-json\/wp\/v2\/types\/page"}],"author":[{"embeddable":true,"href":"http:\/\/disseny.recursos.uoc.edu\/recursos\/dd\/wp-json\/wp\/v2\/users\/1"}],"replies":[{"embeddable":true,"href":"http:\/\/disseny.recursos.uoc.edu\/recursos\/dd\/wp-json\/wp\/v2\/comments?post=290"}],"version-history":[{"count":5,"href":"http:\/\/disseny.recursos.uoc.edu\/recursos\/dd\/wp-json\/wp\/v2\/pages\/290\/revisions"}],"predecessor-version":[{"id":585,"href":"http:\/\/disseny.recursos.uoc.edu\/recursos\/dd\/wp-json\/wp\/v2\/pages\/290\/revisions\/585"}],"wp:attachment":[{"href":"http:\/\/disseny.recursos.uoc.edu\/recursos\/dd\/wp-json\/wp\/v2\/media?parent=290"}],"curies":[{"name":"wp","href":"https:\/\/api.w.org\/{rel}","templated":true}]}}