{"id":288,"date":"2016-09-20T12:11:49","date_gmt":"2016-09-20T12:11:49","guid":{"rendered":"http:\/\/disseny.recursos.uoc.edu\/recursos\/dd\/?page_id=288"},"modified":"2016-09-29T10:47:11","modified_gmt":"2016-09-29T10:47:11","slug":"5-casos-transformadores-2","status":"publish","type":"page","link":"http:\/\/disseny.recursos.uoc.edu\/recursos\/dd\/5-casos-transformadores-2\/","title":{"rendered":"5. Casos transformadores"},"content":{"rendered":"<p><\/p>\n<h3><strong>5.2. <em>Nombres robados<\/em><\/strong><\/h3>\n<p>Josep Antoni T\u00e0ssies es el autor del libro ilustrado <em>Nombres robados<\/em> (2010). Una historia potente y directa que habla de c\u00f3mo las instituciones y la actitud de los otros pueden llegar a borrar nuestra identidad a trav\u00e9s del <em>bullying<\/em> o simplemente a trav\u00e9s del condicionamiento. Como dice el narrador en primera persona: \u00abYo no tengo nombre. Me lo robaron en el colegio\u00bb (T\u00e0ssies, 2010, p\u00e1gs. 8-9). Desde el punto de vista t\u00e9cnico, el libro est\u00e1 ilustrado de una manera que hace pensar en grabados expresionistas, si bien el autor utiliza el color; en todo caso, existe una predominancia del negro en todo el trabajo (las caras sugieren esgrafiados, aunque los materiales parecen ser acr\u00edlicos y no xilograf\u00edas).<\/p>\n<p>Tambi\u00e9n es relevante el uso de las miradas (constituci\u00f3n del receptor) y los di\u00e1logos dirigidos al lector: \u00abV\u00edctima, acosador, testigo: \u00bfqui\u00e9n eres t\u00fa?\u00bb (T\u00e0ssies, 2010).<\/p>\n<p>La obra de T\u00e0ssies es una invitaci\u00f3n a la reflexi\u00f3n y al cambio, que penetra en nuestro cerebro de manera delicada y violenta a la vez.<\/p>\n<p>&lt;<a href=\"http:\/\/www.casadellibro.com\/libro-los-nombres-robados\/9788467541151\/1703078\" target=\"_blank\">http:\/\/www.casadellibro.com\/libro-los-nombres-robados\/9788467541151\/1703078<\/a>&gt;<\/p>\n<p>&nbsp;<\/p>","protected":false},"excerpt":{"rendered":"<p>5.2. Nombres robados Josep Antoni T\u00e0ssies es el autor del libro ilustrado Nombres robados (2010). Una historia potente y directa que habla de c\u00f3mo las instituciones y la actitud de los otros pueden llegar a borrar nuestra identidad a trav\u00e9s del bullying o simplemente a trav\u00e9s del condicionamiento. Como dice el narrador en primera persona: [&hellip;]<\/p>\n","protected":false},"author":1,"featured_media":0,"parent":0,"menu_order":0,"comment_status":"closed","ping_status":"closed","template":"","meta":[],"acf":[],"_links":{"self":[{"href":"http:\/\/disseny.recursos.uoc.edu\/recursos\/dd\/wp-json\/wp\/v2\/pages\/288"}],"collection":[{"href":"http:\/\/disseny.recursos.uoc.edu\/recursos\/dd\/wp-json\/wp\/v2\/pages"}],"about":[{"href":"http:\/\/disseny.recursos.uoc.edu\/recursos\/dd\/wp-json\/wp\/v2\/types\/page"}],"author":[{"embeddable":true,"href":"http:\/\/disseny.recursos.uoc.edu\/recursos\/dd\/wp-json\/wp\/v2\/users\/1"}],"replies":[{"embeddable":true,"href":"http:\/\/disseny.recursos.uoc.edu\/recursos\/dd\/wp-json\/wp\/v2\/comments?post=288"}],"version-history":[{"count":4,"href":"http:\/\/disseny.recursos.uoc.edu\/recursos\/dd\/wp-json\/wp\/v2\/pages\/288\/revisions"}],"predecessor-version":[{"id":584,"href":"http:\/\/disseny.recursos.uoc.edu\/recursos\/dd\/wp-json\/wp\/v2\/pages\/288\/revisions\/584"}],"wp:attachment":[{"href":"http:\/\/disseny.recursos.uoc.edu\/recursos\/dd\/wp-json\/wp\/v2\/media?parent=288"}],"curies":[{"name":"wp","href":"https:\/\/api.w.org\/{rel}","templated":true}]}}