{"id":269,"date":"2016-09-19T15:46:39","date_gmt":"2016-09-19T15:46:39","guid":{"rendered":"http:\/\/disseny.recursos.uoc.edu\/recursos\/dd\/?page_id=269"},"modified":"2016-09-29T10:30:16","modified_gmt":"2016-09-29T10:30:16","slug":"4-pensamiento-y-visualidad-4-1","status":"publish","type":"page","link":"http:\/\/disseny.recursos.uoc.edu\/recursos\/dd\/4-pensamiento-y-visualidad-4-1\/","title":{"rendered":"4. Pensamiento y visualidad"},"content":{"rendered":"<p><\/p>\n<h3><strong>4.4.<\/strong> <strong>Pensar visualmente<\/strong><\/h3>\n<h3><strong>4.4.1. Mapas mentales<\/strong><\/h3>\n<p>Son organizadores gr\u00e1ficos o diagramas que tienen como finalidad ordenar la informaci\u00f3n de manera clara y concisa. Son un m\u00e9todo pr\u00e1ctico y eficaz para profundizar sobre temas que nos interesen y tambi\u00e9n para ayudarnos a estructurar y memorizar informaci\u00f3n. Para hacerlos, podemos seguir una serie de pasos preestablecidos que nos garantizar\u00e1n ciertos resultados; tambi\u00e9n podemos decir que son una t\u00e9cnica especial para expresar, organizar y presentar ideas.<\/p>\n<p>Un mapa mental suele tener como centro una imagen clara y llamativa que nos ayudar\u00e1 a enfocar la atenci\u00f3n en el tema en el que deseamos profundizar, y tambi\u00e9n favorecer\u00e1 la asociaci\u00f3n de ideas. En los mapas mentales utilizamos palabras, conceptos y dibujos como elementos gr\u00e1ficos, unidos y dispuestos radialmente alrededor de una palabra clave o una idea central.<\/p>\n<p>El resto de las ideas las ubicaremos seg\u00fan vayan surgiendo, formando una estructura radial, en la que las agruparemos y jerarquizaremos en ramas que vayan del segundo al octavo nivel (no es recomendable pasar de ese nivel, tanto por cuestiones gr\u00e1ficas como de retenci\u00f3n).<\/p>\n<p>El n\u00famero de ramas tampoco debe ser superior a ocho para ayudarnos a favorecer la memorizaci\u00f3n.<\/p>\n<p>Si bien existen una serie de sistemas similares (mapas conceptuales, redes de ara\u00f1a, espinas de pescado, etc.), quien dio impulso a la difusi\u00f3n de los mapas mentales fue Tony Buzan con <em>El libro de la lectura r\u00e1pida<\/em> (1971\/1998, p\u00e1gs. 171-178). M\u00e1s adelante, vuelve a presentar la idea en el libro <em>Use your Head<\/em>, donde explica la t\u00e9cnica con bastante detalle (Buzan, 1974\/1984, p\u00e1gs. 86-115). Y, finalmente, en 1993 publica <em>El libro de los mapas mentales<\/em>, \u00edntegramente dedicado a explicar el m\u00e9todo en profundidad (Buzan, 1993\/1996).<\/p>\n<div id=\"attachment_247\" style=\"width: 760px\" class=\"wp-caption alignnone\"><img aria-describedby=\"caption-attachment-247\" loading=\"lazy\" class=\"size-full wp-image-247 img-responsive\" src=\"http:\/\/disseny.recursos.uoc.edu\/recursos\/dd\/wp-content\/uploads\/sites\/17\/2016\/09\/20023_m4_11.png\" alt=\"Figura 11. Mapa mental desarrollado a partir del tema de estos materiales. \" width=\"750\" height=\"485\" srcset=\"http:\/\/disseny.recursos.uoc.edu\/recursos\/dd\/wp-content\/uploads\/sites\/17\/2016\/09\/20023_m4_11.png 750w, http:\/\/disseny.recursos.uoc.edu\/recursos\/dd\/wp-content\/uploads\/sites\/17\/2016\/09\/20023_m4_11-300x194.png 300w\" sizes=\"(max-width: 750px) 100vw, 750px\" \/><p id=\"caption-attachment-247\" class=\"wp-caption-text\">Figura 11. Mapa mental desarrollado a partir del tema de estos materiales.<\/p><\/div>\n<p>&nbsp;<\/p>\n<h4><strong>Gu\u00eda para la realizaci\u00f3n de mapas mentales<\/strong><\/h4>\n<p>Buzan sugiere las siguientes gu\u00edas para la creaci\u00f3n de mapas mentales:<\/p>\n<ol>\n<li>Utilice el papel de forma apaisada.<\/li>\n<\/ol>\n<ol start=\"2\">\n<li>Comience en el centro del papel con una imagen del tema a tratar usando al menos tres colores.<\/li>\n<\/ol>\n<ol start=\"3\">\n<li>Use im\u00e1genes, s\u00edmbolos, c\u00f3digos y dimensiones en su mapa mental.<\/li>\n<\/ol>\n<ol start=\"4\">\n<li>Seleccione palabras clave y trabaje usando tipograf\u00eda en may\u00fascula y min\u00fascula.<\/li>\n<\/ol>\n<ol start=\"5\">\n<li>Ser\u00e1 mejor que cada palabra o imagen ocupe su propia l\u00ednea o rama.<\/li>\n<\/ol>\n<ol start=\"6\">\n<li>Las l\u00edneas deber\u00e1n estar conectadas, comenzando por la imagen central.<\/li>\n<\/ol>\n<ol start=\"7\">\n<li>Las l\u00edneas\/ramas se har\u00e1n m\u00e1s finas a medida que se separen del centro.<\/li>\n<\/ol>\n<ol start=\"8\">\n<li>Haga las l\u00edneas\/ramas del mismo grosor que la palabra o imagen que sostengan.<\/li>\n<\/ol>\n<ol start=\"9\">\n<li>Use muchos colores en el mapa mental, para conseguir estimulaci\u00f3n visual, pero tambi\u00e9n para codificar y\/o agrupar.<\/li>\n<\/ol>\n<ol start=\"10\">\n<li>Desarrolle su propio estilo personal para realizar mapas mentales.<\/li>\n<\/ol>\n<ol start=\"11\">\n<li>Use \u00e9nfasis y muestre asociaciones en sus mapas mentales.<\/li>\n<\/ol>\n<ol start=\"12\">\n<li>Mantenga el mapa mental limpio usando jerarqu\u00eda radial y l\u00edneas exteriores que conecten sus ramas.<\/li>\n<\/ol>\n<p>&nbsp;<\/p>\n<p>Si bien Tony Buzan no aclara este punto, creemos que es recomendable hacer un listado de los temas a tratar antes de comenzar a \u00abdibujar\u00bb el mapa mental.<\/p>\n<div id=\"attachment_202\" style=\"width: 460px\" class=\"wp-caption alignnone\"><img aria-describedby=\"caption-attachment-202\" loading=\"lazy\" class=\"size-full wp-image-202 img-responsive\" src=\"http:\/\/disseny.recursos.uoc.edu\/recursos\/dd\/wp-content\/uploads\/sites\/17\/2016\/09\/20023_m4_12.png\" alt=\"Figura 12. Lista y ordenamiento usando un c\u00f3digo de colores.\" width=\"450\" height=\"633\" srcset=\"http:\/\/disseny.recursos.uoc.edu\/recursos\/dd\/wp-content\/uploads\/sites\/17\/2016\/09\/20023_m4_12.png 450w, http:\/\/disseny.recursos.uoc.edu\/recursos\/dd\/wp-content\/uploads\/sites\/17\/2016\/09\/20023_m4_12-213x300.png 213w\" sizes=\"(max-width: 450px) 100vw, 450px\" \/><p id=\"caption-attachment-202\" class=\"wp-caption-text\">Figura 12. Lista y ordenamiento usando un c\u00f3digo de colores.<\/p><\/div>\n<p>Dejaremos que las ideas vayan saliendo sin un orden preconcebido y\u00a0 despu\u00e9s pasaremos a organizarlas de acuerdo al tema y al nivel de importancia usando, por ejemplo, un c\u00f3digo de colores. Observaremos que este truco nos ayuda a ganar tiempo y a organizar mucho mejor la informaci\u00f3n.<\/p>\n<p>Tambi\u00e9n nos puede resultar de utilidad realizar un esbozo del mapa mental. Sobre todo, si presenta una gran complejidad conceptual, o simplemente si queremos obtener mejores resultados.<\/p>\n<div id=\"attachment_203\" style=\"width: 760px\" class=\"wp-caption alignnone\"><img aria-describedby=\"caption-attachment-203\" loading=\"lazy\" class=\"size-full wp-image-203 img-responsive\" src=\"http:\/\/disseny.recursos.uoc.edu\/recursos\/dd\/wp-content\/uploads\/sites\/17\/2016\/09\/20023_m4_13.png\" alt=\"Figura 13. Esbozo de mapa mental.\" width=\"750\" height=\"533\" srcset=\"http:\/\/disseny.recursos.uoc.edu\/recursos\/dd\/wp-content\/uploads\/sites\/17\/2016\/09\/20023_m4_13.png 750w, http:\/\/disseny.recursos.uoc.edu\/recursos\/dd\/wp-content\/uploads\/sites\/17\/2016\/09\/20023_m4_13-300x213.png 300w\" sizes=\"(max-width: 750px) 100vw, 750px\" \/><p id=\"caption-attachment-203\" class=\"wp-caption-text\">Figura 13. Esbozo de mapa mental.<\/p><\/div>\n<p>Otro consejo que puede resultar \u00fatil es trabajar en un formato m\u00e1s grande que el A4, por ejemplo en A3. Trabajando en un formato m\u00e1s grande no necesitamos esforzarnos tanto escribiendo con tipograf\u00edas diminutas y, adem\u00e1s, hay mucho m\u00e1s espacio para perfilar los conceptos visualmente a trav\u00e9s de dibujos.<\/p>\n<div id=\"attachment_204\" style=\"width: 760px\" class=\"wp-caption alignnone\"><img aria-describedby=\"caption-attachment-204\" loading=\"lazy\" class=\"size-full wp-image-204 img-responsive\" src=\"http:\/\/disseny.recursos.uoc.edu\/recursos\/dd\/wp-content\/uploads\/sites\/17\/2016\/09\/20023_m4_14.png\" alt=\"Figura 14. Mapa mental en formato A3.\" width=\"750\" height=\"525\" srcset=\"http:\/\/disseny.recursos.uoc.edu\/recursos\/dd\/wp-content\/uploads\/sites\/17\/2016\/09\/20023_m4_14.png 750w, http:\/\/disseny.recursos.uoc.edu\/recursos\/dd\/wp-content\/uploads\/sites\/17\/2016\/09\/20023_m4_14-300x210.png 300w\" sizes=\"(max-width: 750px) 100vw, 750px\" \/><p id=\"caption-attachment-204\" class=\"wp-caption-text\">Figura 14. Mapa mental en formato A3.<\/p><\/div>\n<p>&nbsp;<\/p>\n<h4><strong>Mapas mentales: \u00bfmanuales o digitales?<\/strong><\/h4>\n<p>Los mapas mentales se pueden realizar tanto de manera manual como digital.<\/p>\n<p>En principio, no existir\u00edan motivos para decir que un m\u00e9todo es mejor o peor que el otro, pero pensamos que es recomendable aprender a realizarlos manualmente para, una vez que sepamos los rudimentos de c\u00f3mo realizarlos, aprender a hacerlos digitalmente.<\/p>\n<p>Esto se debe a una raz\u00f3n muy sencilla: trabajando sobre el papel nos damos m\u00e1s libertad para que las ideas surjan de manera desorganizada. Solo despu\u00e9s de asegurarnos de tener un buen n\u00famero de conceptos y palabras clave, los organizaremos para poder escribirlos y, posteriormente, agregar los dibujos.<\/p>\n<p>Si nos saltamos el paso de la lista, y a\u00fan m\u00e1s importante, el proceso de aprender a hacer los mapas manualmente, observaremos que nos encontramos con grandes dificultades a la hora de querer reorganizar la informaci\u00f3n en los mapas digitales, pues a\u00fan las aplicaciones m\u00e1s sofisticadas se vuelven algo inestables cuando pretendemos realizar grandes cambios estructurales en el mapa.<\/p>\n<p>En relaci\u00f3n con las aplicaciones digitales gratuitas, son recomendables Freemind y MindPreview. Si se descargan los dos programas, hay que tener en cuenta que utilizan la misma extensi\u00f3n (esto puede generar la p\u00e9rdida del archivo con la forma que le dimos originalmente).<\/p>\n<div id=\"attachment_205\" style=\"width: 910px\" class=\"wp-caption alignnone\"><img aria-describedby=\"caption-attachment-205\" loading=\"lazy\" class=\"size-full wp-image-205 img-responsive\" src=\"http:\/\/disseny.recursos.uoc.edu\/recursos\/dd\/wp-content\/uploads\/sites\/17\/2016\/09\/20023_m4_15.png\" alt=\"Figura 15. Mapa mental de los contenidos de estos materiales realizado con Freemind2.\" width=\"900\" height=\"347\" srcset=\"http:\/\/disseny.recursos.uoc.edu\/recursos\/dd\/wp-content\/uploads\/sites\/17\/2016\/09\/20023_m4_15.png 900w, http:\/\/disseny.recursos.uoc.edu\/recursos\/dd\/wp-content\/uploads\/sites\/17\/2016\/09\/20023_m4_15-300x116.png 300w, http:\/\/disseny.recursos.uoc.edu\/recursos\/dd\/wp-content\/uploads\/sites\/17\/2016\/09\/20023_m4_15-768x296.png 768w\" sizes=\"(max-width: 900px) 100vw, 900px\" \/><p id=\"caption-attachment-205\" class=\"wp-caption-text\">Figura 15. Mapa mental de los contenidos de estos materiales realizado con Freemind2.<\/p><\/div>\n<p>&nbsp;<\/p>\n<p><div id=\"attachment_206\" style=\"width: 910px\" class=\"wp-caption alignnone\"><img aria-describedby=\"caption-attachment-206\" loading=\"lazy\" class=\"size-full wp-image-206 img-responsive\" src=\"http:\/\/disseny.recursos.uoc.edu\/recursos\/dd\/wp-content\/uploads\/sites\/17\/2016\/09\/20023_m4_16.png\" alt=\"Figura 16. Mapa mental de los mismos contenidos realizado con MindPreview Lite.\" width=\"900\" height=\"676\" srcset=\"http:\/\/disseny.recursos.uoc.edu\/recursos\/dd\/wp-content\/uploads\/sites\/17\/2016\/09\/20023_m4_16.png 900w, http:\/\/disseny.recursos.uoc.edu\/recursos\/dd\/wp-content\/uploads\/sites\/17\/2016\/09\/20023_m4_16-300x225.png 300w, http:\/\/disseny.recursos.uoc.edu\/recursos\/dd\/wp-content\/uploads\/sites\/17\/2016\/09\/20023_m4_16-768x577.png 768w\" sizes=\"(max-width: 900px) 100vw, 900px\" \/><p id=\"caption-attachment-206\" class=\"wp-caption-text\">Figura 16. Mapa mental de los mismos contenidos realizado con MindPreview Lite.\u00a0<\/p><\/div><\/p>","protected":false},"excerpt":{"rendered":"<p>4.4. Pensar visualmente 4.4.1. Mapas mentales Son organizadores gr\u00e1ficos o diagramas que tienen como finalidad ordenar la informaci\u00f3n de manera clara y concisa. Son un m\u00e9todo pr\u00e1ctico y eficaz para profundizar sobre temas que nos interesen y tambi\u00e9n para ayudarnos a estructurar y memorizar informaci\u00f3n. Para hacerlos, podemos seguir una serie de pasos preestablecidos que [&hellip;]<\/p>\n","protected":false},"author":1,"featured_media":0,"parent":0,"menu_order":0,"comment_status":"closed","ping_status":"closed","template":"","meta":[],"acf":[],"_links":{"self":[{"href":"http:\/\/disseny.recursos.uoc.edu\/recursos\/dd\/wp-json\/wp\/v2\/pages\/269"}],"collection":[{"href":"http:\/\/disseny.recursos.uoc.edu\/recursos\/dd\/wp-json\/wp\/v2\/pages"}],"about":[{"href":"http:\/\/disseny.recursos.uoc.edu\/recursos\/dd\/wp-json\/wp\/v2\/types\/page"}],"author":[{"embeddable":true,"href":"http:\/\/disseny.recursos.uoc.edu\/recursos\/dd\/wp-json\/wp\/v2\/users\/1"}],"replies":[{"embeddable":true,"href":"http:\/\/disseny.recursos.uoc.edu\/recursos\/dd\/wp-json\/wp\/v2\/comments?post=269"}],"version-history":[{"count":12,"href":"http:\/\/disseny.recursos.uoc.edu\/recursos\/dd\/wp-json\/wp\/v2\/pages\/269\/revisions"}],"predecessor-version":[{"id":576,"href":"http:\/\/disseny.recursos.uoc.edu\/recursos\/dd\/wp-json\/wp\/v2\/pages\/269\/revisions\/576"}],"wp:attachment":[{"href":"http:\/\/disseny.recursos.uoc.edu\/recursos\/dd\/wp-json\/wp\/v2\/media?parent=269"}],"curies":[{"name":"wp","href":"https:\/\/api.w.org\/{rel}","templated":true}]}}