{"id":261,"date":"2016-09-19T15:02:05","date_gmt":"2016-09-19T15:02:05","guid":{"rendered":"http:\/\/disseny.recursos.uoc.edu\/recursos\/dd\/?page_id=261"},"modified":"2016-09-29T09:52:57","modified_gmt":"2016-09-29T09:52:57","slug":"4-pensamiento-y-visualidad-3","status":"publish","type":"page","link":"http:\/\/disseny.recursos.uoc.edu\/recursos\/dd\/4-pensamiento-y-visualidad-3\/","title":{"rendered":"4. Pensamiento y visualidad"},"content":{"rendered":"<p><\/p>\n<h3><strong>4.3. Dibujar es pensar<\/strong><\/h3>\n<p>Sin dudas, las formas de dibujar son infinitas, pero si tuvi\u00e9ramos que definir dos formas b\u00e1sicas, una es trabajando con ideas preconcebidas, es decir, pensadas previamente, y la otra es dej\u00e1ndose llevar por la mano, encontrando el motivo a medida que vamos trazando l\u00edneas o produciendo manchas, dejando que \u00abla mano piense\u00bb sobre el papel. Picasso, que era famoso por la frase: \u00abYo no busco, encuentro\u00bb, en general trabajaba sin ideas preconcebidas. El artista dec\u00eda:<\/p>\n<div class=\"cita\">\n<p>\u00abSi sabes exactamente lo que vas a hacer, \u00bfde qu\u00e9 te va a servir hacerlo?\u00bb<br \/>\n(Picasso, 1997, p\u00e1g. 22)<\/p>\n<\/div>\n<div class=\"cita\">\n<p>\u00abHas de empezar a dibujar para saber qu\u00e9 quieres dibujar.\u00bb<br \/>\n(Picasso, 1997, p\u00e1g. 29)<\/p>\n<\/div>\n<p>El mensaje del maestro es claro: no conviene esperar a tener una idea o a estar inspirados para comenzar a dibujar, dibujemos y vayamos encontrando el tema a partir de las marcas que vayan apareciendo sobre el papel. Evidentemente, no siempre podremos hacerlo as\u00ed, pero es una buena t\u00e9cnica para tener en cuenta.<\/p>\n<p>El c\u00e9lebre dise\u00f1ador gr\u00e1fico e ilustrador Milton Glaser reflexiona sobre los v\u00ednculos entre el dibujo y la mano en <em>Drawing is Thinking<\/em> (2008). El t\u00edtulo del libro rinde homenaje a la obra <em>The Hand<\/em> (1999), de Frank R. Wilson, que explora la relaci\u00f3n entre la evoluci\u00f3n del cerebro y el uso de las manos <a href=\"#\" class=\"pop\" data-html=\"true\" data-toggle=\"popover\" data-content=\"Glaser cita a Frank Wilson diciendo que, cuando se interrumpe el proceso de dibujo de un ni\u00f1o, el cerebro no se desarrolla de la misma manera (Wilson citado por Glaser, 2008, p\u00e1gs. 14-15).\" data-placement=\"top\">[2]<\/a>. Para Wilson, la mano hace mucho m\u00e1s que ejecutar \u00f3rdenes provenientes del cerebro, puesto que tiene un rol fundamental en su orquestaci\u00f3n. En una entrevista contenida en <em>Drawing is Thinking<\/em>, Peter Mayer le pregunta a Glaser si dibujar es importante para el dise\u00f1ador gr\u00e1fico y cu\u00e1l es la relaci\u00f3n entre los dos campos. Glaser responde que lo esencial es la relaci\u00f3n entre la mano y el cerebro, y que esta relaci\u00f3n puede ser potenciada por cualquier actividad donde el cerebro y la mano trabajen juntos para intentar entender qu\u00e9 es lo real. Glaser explica que para \u00e9l dibujar forma una parte muy importante de su entendimiento. Seg\u00fan \u00e9l, su tarea como dibujante consiste en entender lo que se est\u00e1 mirando (Glaser, 2008, p\u00e1g. 15). El \u00abentender\u00bb de Glaser es semejante al de Franck, que dice:<\/p>\n<div class=\"cita\">\n<p>\u00abMientras miro\/dibujo atisbo la naturaleza, pruebo la naturaleza, la naturaleza de la Realidad: pues \u00a1la forma de mirar es una forma de saber!\u00bb<br \/>\n(Franck, 1973, p\u00e1g. 130)<\/p>\n<\/div>\n<p>En la l\u00ednea de Meglin, Glaser tambi\u00e9n afirma que aprendemos a trav\u00e9s del movimiento. Para \u00e9l, el dibujo es una actividad que forma parte de los fundamentos de cualquier artista visual (Glaser, 2008, p\u00e1g. 15). De hecho, en todas las actividades relacionadas con la comunicaci\u00f3n visual, la importancia del dibujo no radica \u00fanicamente en la capacidad de aprender a comunicar ideas o conceptos visualmente, sino en la capacidad de mirar detenidamente las cosas que nos rodean. Al observar detenidamente incorporamos ideas visuales (estas pueden incluir desde la paleta de colores de las prendas de una persona para inspirar la paleta de un dise\u00f1o, las formas de las ramas de un \u00e1rbol que podr\u00edan convertirse en el punto de partida para una tipograf\u00eda, etc.).<\/p>\n<p>&nbsp;<\/p>\n<h4><strong>La libreta de esbozos como herramienta de reflexi\u00f3n pr\u00e1ctica<\/strong><\/h4>\n<p>Se podr\u00eda decir que la libreta de esbozos tiene un valor incalculable para aquellos que practican la disciplina del dibujo; prueba de ello es que los grandes maestros del pasado y tambi\u00e9n la mayor\u00eda de los profesionales del dise\u00f1o, la ilustraci\u00f3n, la arquitectura contempor\u00e1neos la utilizan, pero \u00bfpor qu\u00e9 debemos usar una libreta de esbozos? Sin duda, hay much\u00edsimas razones m\u00e1s de las que mencionaremos, pero diremos que, por un lado, dicha libreta sirve para ejercitar la observaci\u00f3n, y por otro lado, nos permite analizar nuestra propia evoluci\u00f3n (para ello, es importante acostumbrarse a fechar nuestros dibujos), y por \u00faltimo, registra una gran cantidad de informaci\u00f3n visual tanto si se trata de estudios (por ejemplo, observaciones del natural) como si se trata de ideas gr\u00e1ficas que uno puede llegar a utilizar en el futuro, especialmente en los per\u00edodos de \u00absequ\u00eda de ideas\u00bb. La importancia de este material la podr\u00edamos resumir de una manera muy simple pero significativa: la libreta de esbozos es un lugar para experimentar y un espacio protegido donde podemos cometer errores.<\/p>\n<p>No es casual que Danny Gregory, uno de los defensores principales de esta herramienta, comience su libro <em>Everyday Matters<\/em> (2003) con la famosa frase de Miles Davis \u00abDo not fear mistakes. There are none\u00bb <a href=\"#\" class=\"pop\" data-html=\"true\" data-toggle=\"popover\" data-content=\"\u00abNo temas a los errores. No existen.\u00bb\" data-placement=\"top\">[3]<\/a>. La raz\u00f3n por la que la libreta de esbozos es tan importante es porque se trata de un sitio l\u00fadico del dibujo en donde nos atrevemos a probar cosas que habitualmente no tenemos espacio para arriesgarnos a probar.<\/p>\n<div id=\"attachment_238\" style=\"width: 410px\" class=\"wp-caption alignnone\"><img aria-describedby=\"caption-attachment-238\" loading=\"lazy\" class=\"size-full wp-image-238 img-responsive\" src=\"http:\/\/disseny.recursos.uoc.edu\/recursos\/dd\/wp-content\/uploads\/sites\/17\/2016\/09\/20023_m4_02.png\" alt=\"Figura 2. Experimentos en la libreta de esbozos.\" width=\"400\" height=\"570\" srcset=\"http:\/\/disseny.recursos.uoc.edu\/recursos\/dd\/wp-content\/uploads\/sites\/17\/2016\/09\/20023_m4_02.png 400w, http:\/\/disseny.recursos.uoc.edu\/recursos\/dd\/wp-content\/uploads\/sites\/17\/2016\/09\/20023_m4_02-211x300.png 211w\" sizes=\"(max-width: 400px) 100vw, 400px\" \/><p id=\"caption-attachment-238\" class=\"wp-caption-text\">Figura 2. Experimentos en la libreta de esbozos.<\/p><\/div>\n<p>Algunos autores rinden aut\u00e9ntico culto a la libreta de esbozos. Meglin dice: \u00abUn cuaderno de esbozos puede transformar un instante de tiempo en un momento eterno\u00bb (1989\/2001, p\u00e1g. 127). Entenderemos mejor este punto cuando lo practiquemos y experimentemos nosotros mismos, pero con esto queremos decir que cuando nos detenemos a observar y a dibujar algo debemos estar muy atentos, y es como si el presente se expandiera.<\/p>\n<div id=\"attachment_239\" style=\"width: 410px\" class=\"wp-caption alignnone\"><img aria-describedby=\"caption-attachment-239\" loading=\"lazy\" class=\"size-full wp-image-239 img-responsive\" src=\"http:\/\/disseny.recursos.uoc.edu\/recursos\/dd\/wp-content\/uploads\/sites\/17\/2016\/09\/20023_m4_03.png\" alt=\"Figura 3. Dibujo de una planta en la libreta de esbozos.\" width=\"400\" height=\"641\" srcset=\"http:\/\/disseny.recursos.uoc.edu\/recursos\/dd\/wp-content\/uploads\/sites\/17\/2016\/09\/20023_m4_03.png 400w, http:\/\/disseny.recursos.uoc.edu\/recursos\/dd\/wp-content\/uploads\/sites\/17\/2016\/09\/20023_m4_03-187x300.png 187w\" sizes=\"(max-width: 400px) 100vw, 400px\" \/><p id=\"caption-attachment-239\" class=\"wp-caption-text\">Figura 3. Dibujo de una planta en la libreta de esbozos.<\/p><\/div>\n<p>En una l\u00ednea quiz\u00e1s m\u00e1s profunda, Meglin argumenta que el bloc de esbozos puede ser una herramienta de autoconocimiento est\u00e9tico: \u00abEl bloc de esbozos proporciona la oportunidad para una frecuente exploraci\u00f3n del porqu\u00e9, para descubrir qui\u00e9nes somos mediante el papel\u00bb (Meglin, 1989\/2001, p\u00e1g. 127).<\/p>\n<div id=\"attachment_240\" style=\"width: 410px\" class=\"wp-caption alignnone\"><img aria-describedby=\"caption-attachment-240\" loading=\"lazy\" class=\"size-full wp-image-240 img-responsive\" src=\"http:\/\/disseny.recursos.uoc.edu\/recursos\/dd\/wp-content\/uploads\/sites\/17\/2016\/09\/20023_m4_04.png\" alt=\"Figura 4. Estudio de figura en la libreta de esbozos.\" width=\"400\" height=\"570\" srcset=\"http:\/\/disseny.recursos.uoc.edu\/recursos\/dd\/wp-content\/uploads\/sites\/17\/2016\/09\/20023_m4_04.png 400w, http:\/\/disseny.recursos.uoc.edu\/recursos\/dd\/wp-content\/uploads\/sites\/17\/2016\/09\/20023_m4_04-211x300.png 211w\" sizes=\"(max-width: 400px) 100vw, 400px\" \/><p id=\"caption-attachment-240\" class=\"wp-caption-text\">Figura 4. Estudio de figura en la libreta de esbozos.<\/p><\/div>\n<p>Para Meglin, la individualidad art\u00edstica viene dada por tres elementos b\u00e1sicos: lo que vemos, lo que sentimos y lo que pensamos (1989\/2001, p\u00e1g. 127). As\u00ed, el bloc de esbozos se convierte en una manera de reaccionar a lo que vemos en el mundo exterior a trav\u00e9s de lo que sentimos interiormente. Si pensamos en el contenido bastante experimental de <em>Drawing is Thinking<\/em> (2008), de Milton Glaser, veremos que estas afirmaciones \u2013que pueden sonar un tanto exageradas al principio\u2013 son bastante frecuentes entre los dibujantes. De hecho, es bastante m\u00e1s probable que uno vaya encontrando su individualidad est\u00e9tica en los momentos entre trabajos (representados por los estudios y las tentativas de las p\u00e1ginas de nuestros blocs de esbozos) m\u00e1s que en los resultados de los encargos en s\u00ed.<\/p>\n<div id=\"attachment_241\" style=\"width: 650px\" class=\"wp-caption alignnone\"><img aria-describedby=\"caption-attachment-241\" loading=\"lazy\" class=\"size-full wp-image-241 img-responsive\" src=\"http:\/\/disseny.recursos.uoc.edu\/recursos\/dd\/wp-content\/uploads\/sites\/17\/2016\/09\/20023_m4_05.png\" alt=\"Figura 5. Cualquier cosa puede transformarse en nuestro modelo.\" width=\"640\" height=\"400\" srcset=\"http:\/\/disseny.recursos.uoc.edu\/recursos\/dd\/wp-content\/uploads\/sites\/17\/2016\/09\/20023_m4_05.png 640w, http:\/\/disseny.recursos.uoc.edu\/recursos\/dd\/wp-content\/uploads\/sites\/17\/2016\/09\/20023_m4_05-300x188.png 300w\" sizes=\"(max-width: 640px) 100vw, 640px\" \/><p id=\"caption-attachment-241\" class=\"wp-caption-text\">Figura 5. Cualquier cosa puede transformarse en nuestro modelo.<\/p><\/div>\n<p>Berger comenta:<\/p>\n<div class=\"cita\">\n<p>\u00abLa creaci\u00f3n de una imagen comienza por interrogar a las apariencias y por hacer ciertas marcas. Todos los artistas descubren que dibujar, cuando se trata de una actividad compulsiva, es un proceso rec\u00edproco. Dibujar no es solo medir y disponer en el papel, sino que tambi\u00e9n es recibir. Cuando la intensidad de mirar alcanza cierto grado, uno se da cuenta de que una energ\u00eda igualmente intensa avanza hacia \u00e9l en la apariencia de lo que sea que est\u00e9 escudri\u00f1ando.\u00bb<br \/>\n(Berger, 2005\/2015, p\u00e1g. 61)<\/p>\n<\/div>\n<div id=\"attachment_242\" style=\"width: 410px\" class=\"wp-caption alignnone\"><img aria-describedby=\"caption-attachment-242\" loading=\"lazy\" class=\"size-full wp-image-242 img-responsive\" src=\"http:\/\/disseny.recursos.uoc.edu\/recursos\/dd\/wp-content\/uploads\/sites\/17\/2016\/09\/20023_m4_06.png\" alt=\"Figura 6. \u00abLa hoja te devuelve la mirada\u00bb, dice Franck.\" width=\"400\" height=\"640\" srcset=\"http:\/\/disseny.recursos.uoc.edu\/recursos\/dd\/wp-content\/uploads\/sites\/17\/2016\/09\/20023_m4_06.png 400w, http:\/\/disseny.recursos.uoc.edu\/recursos\/dd\/wp-content\/uploads\/sites\/17\/2016\/09\/20023_m4_06-188x300.png 188w\" sizes=\"(max-width: 400px) 100vw, 400px\" \/><p id=\"caption-attachment-242\" class=\"wp-caption-text\">Figura 6. \u00abLa hoja te devuelve la mirada\u00bb, dice Franck.<\/p><\/div>\n<p>En efecto, la experiencia del dibujo se caracteriza por un fen\u00f3meno en el que se produce cierta confusi\u00f3n entre el sujeto (el que mira) y el objeto (lo que es observado). En <em>Zen Seeing, Zen Drawing<\/em>, Franck dice que cuando el contacto con aquello que dibujamos es realmente intenso, percibimos que nos unimos al modelo, y, aun cuando se trata de cosas inertes, llegamos a sentir que nos devuelven la mirada (Franck, 1993, p\u00e1g. 58). El autor comenta:<\/p>\n<div class=\"cita\">\n<p>\u00abEsto es lo que hace mirar\/dibujar: te transformas en lo que dibujas. Si eso no pasa, no puedes dibujarlo.\u00bb<br \/>\n(Franck, 1993, p\u00e1g. 6)<\/p>\n<\/div>\n<p><strong>A continuaci\u00f3n apuntamos algunos posibles usos del bloc de esbozos:<\/strong><\/p>\n<ul>\n<li>Realizar estudios del natural de todo tipo: objetos cotidianos, autorretratos, personas, animales, plantas, veh\u00edculos, perspectivas, etc.<\/li>\n<li>Practicar composiciones diversas: tanto de paisajes o entornos como de posibles trabajos gr\u00e1ficos.<\/li>\n<li>Hacer estudios de color para probar posibles paletas.<\/li>\n<li>Hacer <em>scrapbook<\/em>; el bloc puede ser el lugar en donde pegamos recortes de im\u00e1genes, gr\u00e1ficas o tipograf\u00edas que nos interesen. Idealmente deber\u00edamos apuntar el nombre de los autores del material, ya que esto nos ayudar\u00e1 si queremos profundizar en la b\u00fasqueda de informaci\u00f3n visual en el futuro. En general, conviene utilizar el <em>scrapbook<\/em> conjuntamente con estudios de dibujo, es decir, trabajando a partir de las im\u00e1genes que nos interesan.<\/li>\n<li>Tomar notas, tanto gr\u00e1ficas como textuales, de conceptos, ideas u ocurrencias que nos pueden interesar desarrollar m\u00e1s adelante.<\/li>\n<li>En \u00e9l podemos referenciar las pruebas con materiales y soportes alternativos, as\u00ed como con t\u00e9cnicas experimentales.<\/li>\n<\/ul>\n<p>&nbsp;<\/p>\n<div id=\"attachment_243\" style=\"width: 760px\" class=\"wp-caption alignnone\"><img aria-describedby=\"caption-attachment-243\" loading=\"lazy\" class=\"img-responsive wp-image-243 size-full\" src=\"http:\/\/disseny.recursos.uoc.edu\/recursos\/dd\/wp-content\/uploads\/sites\/17\/2016\/09\/20023_m4_07.png\" alt=\"Figura 7. P\u00e1ginas de libreta de esbozos con estudios del natural.\" width=\"750\" height=\"541\" srcset=\"http:\/\/disseny.recursos.uoc.edu\/recursos\/dd\/wp-content\/uploads\/sites\/17\/2016\/09\/20023_m4_07.png 750w, http:\/\/disseny.recursos.uoc.edu\/recursos\/dd\/wp-content\/uploads\/sites\/17\/2016\/09\/20023_m4_07-300x216.png 300w\" sizes=\"(max-width: 750px) 100vw, 750px\" \/><p id=\"caption-attachment-243\" class=\"wp-caption-text\">Figura 7. P\u00e1ginas de libreta de esbozos con estudios del natural.<\/p><\/div>\n<div id=\"attachment_244\" style=\"width: 760px\" class=\"wp-caption alignnone\"><img aria-describedby=\"caption-attachment-244\" loading=\"lazy\" class=\"img-responsive wp-image-244 size-full\" src=\"http:\/\/disseny.recursos.uoc.edu\/recursos\/dd\/wp-content\/uploads\/sites\/17\/2016\/09\/20023_m4_08.png\" alt=\"Figura 8. P\u00e1ginas de libreta de esbozos con diversos juegos y experimentos.\" width=\"750\" height=\"527\" srcset=\"http:\/\/disseny.recursos.uoc.edu\/recursos\/dd\/wp-content\/uploads\/sites\/17\/2016\/09\/20023_m4_08.png 750w, http:\/\/disseny.recursos.uoc.edu\/recursos\/dd\/wp-content\/uploads\/sites\/17\/2016\/09\/20023_m4_08-300x211.png 300w\" sizes=\"(max-width: 750px) 100vw, 750px\" \/><p id=\"caption-attachment-244\" class=\"wp-caption-text\">Figura 8. P\u00e1ginas de libreta de esbozos con diversos juegos y experimentos.<\/p><\/div>\n<p><img loading=\"lazy\" class=\"size-full wp-image-245 img-responsive\" src=\"http:\/\/disseny.recursos.uoc.edu\/recursos\/dd\/wp-content\/uploads\/sites\/17\/2016\/09\/20023_m4_09.png\" alt=\"Fig. 9 y 10: P\u00e1ginas del scrapbook donde se observan diversos recortes y estudios de im\u00e1genes.\" width=\"640\" height=\"480\" srcset=\"http:\/\/disseny.recursos.uoc.edu\/recursos\/dd\/wp-content\/uploads\/sites\/17\/2016\/09\/20023_m4_09.png 640w, http:\/\/disseny.recursos.uoc.edu\/recursos\/dd\/wp-content\/uploads\/sites\/17\/2016\/09\/20023_m4_09-300x225.png 300w\" sizes=\"(max-width: 640px) 100vw, 640px\" \/><\/p>\n<div id=\"attachment_246\" style=\"width: 650px\" class=\"wp-caption alignnone\"><img aria-describedby=\"caption-attachment-246\" loading=\"lazy\" class=\"size-full wp-image-246 img-responsive\" src=\"http:\/\/disseny.recursos.uoc.edu\/recursos\/dd\/wp-content\/uploads\/sites\/17\/2016\/09\/20023_m4_10.png\" alt=\"Figuras 9 y 10. P\u00e1ginas del scrapbook donde se observan diversos recortes y estudios de im\u00e1genes.\" width=\"640\" height=\"480\" srcset=\"http:\/\/disseny.recursos.uoc.edu\/recursos\/dd\/wp-content\/uploads\/sites\/17\/2016\/09\/20023_m4_10.png 640w, http:\/\/disseny.recursos.uoc.edu\/recursos\/dd\/wp-content\/uploads\/sites\/17\/2016\/09\/20023_m4_10-300x225.png 300w\" sizes=\"(max-width: 640px) 100vw, 640px\" \/><p id=\"caption-attachment-246\" class=\"wp-caption-text\">Figuras 9 y 10. P\u00e1ginas del <em>scrapbook<\/em> donde se observan diversos recortes y estudios de im\u00e1genes.<\/p><\/div>\n<p>&nbsp;<\/p>\n<h4><strong>Conclusiones<\/strong><\/h4>\n<p>Cuando uno dibuja pone en movimiento un complejo sistema de conexiones que relacionan la mano, el ojo y la mente.<\/p>\n<p>Sin olvidar la importancia del mirar y el pensar, gran parte del conocimiento del dibujo reside en la mano (as\u00ed como en el brazo y el cuerpo en general). Por esta raz\u00f3n, es importante practicar regularmente, ya que ejercitando la psicomotricidad fina vamos incorporando conocimiento y, como consecuencia de la experiencia acumulada, tendremos mejores resultados a la hora de realizar nuevos dibujos.<\/p>\n<p>El uso de la libreta de esbozos es de vital importancia para la evoluci\u00f3n del dibujo ya que este soporte nos permite estudiar, reflexionar, analizar y experimentar.<\/p>","protected":false},"excerpt":{"rendered":"<p>4.3. Dibujar es pensar Sin dudas, las formas de dibujar son infinitas, pero si tuvi\u00e9ramos que definir dos formas b\u00e1sicas, una es trabajando con ideas preconcebidas, es decir, pensadas previamente, y la otra es dej\u00e1ndose llevar por la mano, encontrando el motivo a medida que vamos trazando l\u00edneas o produciendo manchas, dejando que \u00abla mano [&hellip;]<\/p>\n","protected":false},"author":1,"featured_media":0,"parent":0,"menu_order":0,"comment_status":"closed","ping_status":"closed","template":"","meta":[],"acf":[],"_links":{"self":[{"href":"http:\/\/disseny.recursos.uoc.edu\/recursos\/dd\/wp-json\/wp\/v2\/pages\/261"}],"collection":[{"href":"http:\/\/disseny.recursos.uoc.edu\/recursos\/dd\/wp-json\/wp\/v2\/pages"}],"about":[{"href":"http:\/\/disseny.recursos.uoc.edu\/recursos\/dd\/wp-json\/wp\/v2\/types\/page"}],"author":[{"embeddable":true,"href":"http:\/\/disseny.recursos.uoc.edu\/recursos\/dd\/wp-json\/wp\/v2\/users\/1"}],"replies":[{"embeddable":true,"href":"http:\/\/disseny.recursos.uoc.edu\/recursos\/dd\/wp-json\/wp\/v2\/comments?post=261"}],"version-history":[{"count":23,"href":"http:\/\/disseny.recursos.uoc.edu\/recursos\/dd\/wp-json\/wp\/v2\/pages\/261\/revisions"}],"predecessor-version":[{"id":567,"href":"http:\/\/disseny.recursos.uoc.edu\/recursos\/dd\/wp-json\/wp\/v2\/pages\/261\/revisions\/567"}],"wp:attachment":[{"href":"http:\/\/disseny.recursos.uoc.edu\/recursos\/dd\/wp-json\/wp\/v2\/media?parent=261"}],"curies":[{"name":"wp","href":"https:\/\/api.w.org\/{rel}","templated":true}]}}